{"id":1065,"date":"2022-05-12T11:49:57","date_gmt":"2022-05-12T09:49:57","guid":{"rendered":"http:\/\/crisjoyas.com\/?page_id=1065"},"modified":"2022-05-12T11:53:36","modified_gmt":"2022-05-12T09:53:36","slug":"cual-es-el-periodo-para-hacer-una-devolucion","status":"publish","type":"page","link":"https:\/\/www.crisjoyas.com\/de\/cual-es-el-periodo-para-hacer-una-devolucion\/","title":{"rendered":"Wie lange ist die R\u00fcckgabefrist?"},"content":{"rendered":"<div data-elementor-type=\"wp-page\" data-elementor-id=\"1065\" class=\"elementor elementor-1065\" data-elementor-post-type=\"page\">\n\t\t\t\t\t\t<section class=\"wd-negative-gap elementor-section elementor-top-section elementor-element elementor-element-115c1d4b elementor-section-boxed elementor-section-height-default elementor-section-height-default wd-section-disabled\" data-id=\"115c1d4b\" data-element_type=\"section\" data-e-type=\"section\">\n\t\t\t\t\t\t<div class=\"elementor-container elementor-column-gap-default\">\n\t\t\t\t\t<div class=\"elementor-column elementor-col-100 elementor-top-column elementor-element elementor-element-2767fb38\" data-id=\"2767fb38\" data-element_type=\"column\" data-e-type=\"column\">\n\t\t\t<div class=\"elementor-widget-wrap elementor-element-populated\">\n\t\t\t\t\t\t<div class=\"elementor-element elementor-element-765123c color-scheme-inherit text-left elementor-widget elementor-widget-text-editor\" data-id=\"765123c\" data-element_type=\"widget\" data-e-type=\"widget\" data-widget_type=\"text-editor.default\">\n\t\t\t\t<div class=\"elementor-widget-container\">\n\t\t\t\t\t\t\t\t\t\n<div id=\"wp-block-themeisle-blocks-advanced-columns-a9c26601\" class=\"wp-block-themeisle-blocks-advanced-columns has-0-columns has-desktop-undefined-layout has-tablet-equal-layout has-mobile-equal-layout has-vertical-unset\"><div class=\"wp-block-themeisle-blocks-advanced-columns-overlay\"><\/div><div class=\"innerblocks-wrap\"><\/div><\/div>\n\t\t\t\t\t\t\t\t<\/div>\n\t\t\t\t<\/div>\n\t\t\t\t\t<\/div>\n\t\t<\/div>\n\t\t\t\t\t<\/div>\n\t\t<\/section>\n\t\t<div class=\"wd-negative-gap elementor-element elementor-element-4a9b5c9 e-flex e-con-boxed wd-section-disabled e-con e-parent\" data-id=\"4a9b5c9\" data-element_type=\"container\" data-e-type=\"container\">\n\t\t\t\t\t<div class=\"e-con-inner\">\n\t\t\t\t<div class=\"elementor-element elementor-element-cc01397 elementor-widget elementor-widget-heading\" data-id=\"cc01397\" data-element_type=\"widget\" data-e-type=\"widget\" data-widget_type=\"heading.default\">\n\t\t\t\t<div class=\"elementor-widget-container\">\n\t\t\t\t\t<h2 class=\"elementor-heading-title elementor-size-default\">Wie lange ist die R\u00fcckgabefrist?<\/h2>\t\t\t\t<\/div>\n\t\t\t\t<\/div>\n\t\t\t\t\t<\/div>\n\t\t\t\t<\/div>\n\t\t<div class=\"wd-negative-gap elementor-element elementor-element-2e3a2c3 e-flex e-con-boxed wd-section-disabled e-con e-parent\" data-id=\"2e3a2c3\" data-element_type=\"container\" data-e-type=\"container\">\n\t\t\t\t\t<div class=\"e-con-inner\">\n\t\t\t\t<div class=\"elementor-element elementor-element-e3124e6 color-scheme-inherit text-left elementor-widget elementor-widget-text-editor\" data-id=\"e3124e6\" data-element_type=\"widget\" data-e-type=\"widget\" data-widget_type=\"text-editor.default\">\n\t\t\t\t<div class=\"elementor-widget-container\">\n\t\t\t\t\t\t\t\t\t<p>\u00a0<\/p>\n<p class=\"wysiwyg-text-align-justify note\">Die R\u00fcckgabefrist betr\u00e4gt 30 Kalendertage nach Zustellung der Bestellung. F\u00fcr alle unsere Schmuckst\u00fccke gilt eine 2-j\u00e4hrige Qualit\u00e4tsgarantie.<\/p>\n<p class=\"wysiwyg-text-align-justify\">Um einen Umtausch oder eine R\u00fcckgabe einzuleiten, wenden Sie sich an unser Kundenserviceteam.<span style=\"text-decoration: underline;\"><strong>return@crisjoyas.com<\/strong><\/span>.<\/p>\n<p>\u00a0<\/p>\n<p>\u00a0<\/p>\n<p>\u00a0<\/p>\t\t\t\t\t\t\t\t<\/div>\n\t\t\t\t<\/div>\n\t\t\t\t\t<\/div>\n\t\t\t\t<\/div>\n\t\t\t\t<\/div>","protected":false},"excerpt":{"rendered":"<p>\u00bfCu\u00e1l es el periodo para hacer una devoluci\u00f3n? El per\u00edodo para realizar una devoluci\u00f3n es de 30 d\u00edas naturales posteriores<\/p>","protected":false},"author":1,"featured_media":0,"parent":0,"menu_order":0,"comment_status":"closed","ping_status":"closed","template":"","meta":{"_themeisle_gutenberg_block_has_review":false,"footnotes":""},"class_list":["post-1065","page","type-page","status-publish","hentry"],"_links":{"self":[{"href":"https:\/\/www.crisjoyas.com\/de\/wp-json\/wp\/v2\/pages\/1065","targetHints":{"allow":["GET"]}}],"collection":[{"href":"https:\/\/www.crisjoyas.com\/de\/wp-json\/wp\/v2\/pages"}],"about":[{"href":"https:\/\/www.crisjoyas.com\/de\/wp-json\/wp\/v2\/types\/page"}],"author":[{"embeddable":true,"href":"https:\/\/www.crisjoyas.com\/de\/wp-json\/wp\/v2\/users\/1"}],"replies":[{"embeddable":true,"href":"https:\/\/www.crisjoyas.com\/de\/wp-json\/wp\/v2\/comments?post=1065"}],"version-history":[{"count":5,"href":"https:\/\/www.crisjoyas.com\/de\/wp-json\/wp\/v2\/pages\/1065\/revisions"}],"predecessor-version":[{"id":1070,"href":"https:\/\/www.crisjoyas.com\/de\/wp-json\/wp\/v2\/pages\/1065\/revisions\/1070"}],"wp:attachment":[{"href":"https:\/\/www.crisjoyas.com\/de\/wp-json\/wp\/v2\/media?parent=1065"}],"curies":[{"name":"wp","href":"https:\/\/api.w.org\/{rel}","templated":true}]}}