{"id":1097,"date":"2022-05-12T16:13:16","date_gmt":"2022-05-12T14:13:16","guid":{"rendered":"http:\/\/crisjoyas.com\/?page_id=1097"},"modified":"2022-05-12T16:15:25","modified_gmt":"2022-05-12T14:15:25","slug":"he-realizado-un-pedido-pero-no-he-recibido-el-mail-de-confirmacion-que-significa-2","status":"publish","type":"page","link":"https:\/\/www.crisjoyas.com\/de\/he-realizado-un-pedido-pero-no-he-recibido-el-mail-de-confirmacion-que-significa-2\/","title":{"rendered":"Ich habe eine Bestellung aufgegeben, aber keine Best\u00e4tigungs-E-Mail erhalten. Was bedeutet das?"},"content":{"rendered":"<div data-elementor-type=\"wp-page\" data-elementor-id=\"1097\" class=\"elementor elementor-1097\" data-elementor-post-type=\"page\">\n\t\t\t\t\t\t<section class=\"wd-negative-gap elementor-section elementor-top-section elementor-element elementor-element-31dbbe79 elementor-section-boxed elementor-section-height-default elementor-section-height-default wd-section-disabled\" data-id=\"31dbbe79\" data-element_type=\"section\" data-e-type=\"section\">\n\t\t\t\t\t\t<div class=\"elementor-container elementor-column-gap-default\">\n\t\t\t\t\t<div class=\"elementor-column elementor-col-100 elementor-top-column elementor-element elementor-element-5b0aebf1\" data-id=\"5b0aebf1\" data-element_type=\"column\" data-e-type=\"column\">\n\t\t\t<div class=\"elementor-widget-wrap elementor-element-populated\">\n\t\t\t\t\t\t<div class=\"elementor-element elementor-element-89c21d2 color-scheme-inherit text-left elementor-widget elementor-widget-text-editor\" data-id=\"89c21d2\" data-element_type=\"widget\" data-e-type=\"widget\" data-widget_type=\"text-editor.default\">\n\t\t\t\t<div class=\"elementor-widget-container\">\n\t\t\t\t\t\t\t\t\t\n<div id=\"wp-block-themeisle-blocks-advanced-columns-6b53136b\" class=\"wp-block-themeisle-blocks-advanced-columns has-0-columns has-desktop-undefined-layout has-tablet-equal-layout has-mobile-equal-layout has-vertical-unset\"><div class=\"wp-block-themeisle-blocks-advanced-columns-overlay\"><\/div><div class=\"innerblocks-wrap\"><\/div><\/div>\n\t\t\t\t\t\t\t\t<\/div>\n\t\t\t\t<\/div>\n\t\t\t\t\t<\/div>\n\t\t<\/div>\n\t\t\t\t\t<\/div>\n\t\t<\/section>\n\t\t<div class=\"wd-negative-gap elementor-element elementor-element-29ec248 e-flex e-con-boxed wd-section-disabled e-con e-parent\" data-id=\"29ec248\" data-element_type=\"container\" data-e-type=\"container\">\n\t\t\t\t\t<div class=\"e-con-inner\">\n\t\t\t\t<div class=\"elementor-element elementor-element-a355177 elementor-widget elementor-widget-heading\" data-id=\"a355177\" data-element_type=\"widget\" data-e-type=\"widget\" data-widget_type=\"heading.default\">\n\t\t\t\t<div class=\"elementor-widget-container\">\n\t\t\t\t\t<h2 class=\"elementor-heading-title elementor-size-default\">Ich habe eine Bestellung aufgegeben, aber keine Best\u00e4tigungs-E-Mail erhalten. Was bedeutet das?<\/h2>\t\t\t\t<\/div>\n\t\t\t\t<\/div>\n\t\t\t\t\t<\/div>\n\t\t\t\t<\/div>\n\t\t<div class=\"wd-negative-gap elementor-element elementor-element-0f21c8a e-flex e-con-boxed wd-section-disabled e-con e-parent\" data-id=\"0f21c8a\" data-element_type=\"container\" data-e-type=\"container\">\n\t\t\t\t\t<div class=\"e-con-inner\">\n\t\t\t\t<div class=\"elementor-element elementor-element-bbd39b9 color-scheme-inherit text-left elementor-widget elementor-widget-text-editor\" data-id=\"bbd39b9\" data-element_type=\"widget\" data-e-type=\"widget\" data-widget_type=\"text-editor.default\">\n\t\t\t\t<div class=\"elementor-widget-container\">\n\t\t\t\t\t\t\t\t\t<p>\u00a0<\/p>\n<p class=\"wysiwyg-text-align-justify\">Jedes Mal, wenn Sie auf unserer Website eine Bestellung aufgeben, erhalten Sie eine Best\u00e4tigungs-E-Mail. Sollten Sie diese nicht erhalten, empfehlen wir Ihnen, Ihren SPAM-Posteingang zu \u00fcberpr\u00fcfen.<\/p>\n<p class=\"wysiwyg-text-align-justify\">Wenn Sie es nicht finden k\u00f6nnen, wenden Sie sich bitte an unseren Kundenservice:<span style=\"text-decoration: underline;\"><strong>info@crisjoyas.com<\/strong><\/span><\/p>\n<p>\u00a0<\/p>\n<p>\u00a0<\/p>\n<p>\u00a0<\/p>\t\t\t\t\t\t\t\t<\/div>\n\t\t\t\t<\/div>\n\t\t\t\t\t<\/div>\n\t\t\t\t<\/div>\n\t\t\t\t<\/div>","protected":false},"excerpt":{"rendered":"<p>He realizado un pedido pero no he recibido el mail de confirmaci\u00f3n. \u00bfQu\u00e9 significa? Cada vez que realizas un pedido<\/p>","protected":false},"author":1,"featured_media":0,"parent":0,"menu_order":0,"comment_status":"closed","ping_status":"closed","template":"","meta":{"_themeisle_gutenberg_block_has_review":false,"footnotes":""},"class_list":["post-1097","page","type-page","status-publish","hentry"],"_links":{"self":[{"href":"https:\/\/www.crisjoyas.com\/de\/wp-json\/wp\/v2\/pages\/1097","targetHints":{"allow":["GET"]}}],"collection":[{"href":"https:\/\/www.crisjoyas.com\/de\/wp-json\/wp\/v2\/pages"}],"about":[{"href":"https:\/\/www.crisjoyas.com\/de\/wp-json\/wp\/v2\/types\/page"}],"author":[{"embeddable":true,"href":"https:\/\/www.crisjoyas.com\/de\/wp-json\/wp\/v2\/users\/1"}],"replies":[{"embeddable":true,"href":"https:\/\/www.crisjoyas.com\/de\/wp-json\/wp\/v2\/comments?post=1097"}],"version-history":[{"count":5,"href":"https:\/\/www.crisjoyas.com\/de\/wp-json\/wp\/v2\/pages\/1097\/revisions"}],"predecessor-version":[{"id":1102,"href":"https:\/\/www.crisjoyas.com\/de\/wp-json\/wp\/v2\/pages\/1097\/revisions\/1102"}],"wp:attachment":[{"href":"https:\/\/www.crisjoyas.com\/de\/wp-json\/wp\/v2\/media?parent=1097"}],"curies":[{"name":"wp","href":"https:\/\/api.w.org\/{rel}","templated":true}]}}