{"id":17244,"date":"2025-09-19T15:46:28","date_gmt":"2025-09-19T13:46:28","guid":{"rendered":"https:\/\/www.crisjoyas.com\/?page_id=17244"},"modified":"2025-09-19T15:46:30","modified_gmt":"2025-09-19T13:46:30","slug":"crisjoyas-privacy-policy","status":"publish","type":"page","link":"https:\/\/www.crisjoyas.com\/de\/crisjoyas-privacy-policy\/","title":{"rendered":"Crisjoyas Datenschutzrichtlinie"},"content":{"rendered":"<p><br>G\u00fcltigkeitsdatum: Aktuelles Datum einf\u00fcgen, 26. Oktober 2023<br>Diese Datenschutzrichtlinie beschreibt, wie Crisjoyas Ihre pers\u00f6nlichen Daten sammelt, verwendet und weitergibt, wenn Sie unsere WordPress-Website unter https:\/\/www.crisjoyas.com besuchen, einen Kauf t\u00e4tigen oder unseren E-Mail-Newsletter abonnieren.<br>Durch die Nutzung unserer Website stimmen Sie der Erfassung und Verwendung von Informationen gem\u00e4\u00df dieser Richtlinie zu.<br><\/p>\n\n\n\n<ol class=\"wp-block-list\">\n<li>Informationen, die wir sammeln<br>Wir sammeln verschiedene Arten von Informationen, um Ihnen unsere Dienstleistungen anbieten und verbessern zu k\u00f6nnen.<\/li>\n<\/ol>\n\n\n\n<ul class=\"wp-block-list\">\n<li>Pers\u00f6nliche Informationen, die Sie freiwillig angeben:<\/li>\n\n\n\n<li>E-Mail-Adresse: Wenn Sie unseren Newsletter \u00fcber Mailchimp abonnieren, erfassen wir Ihre E-Mail-Adresse. Sie k\u00f6nnen optional auch Ihren Vor- und Nachnamen angeben, sofern das Anmeldeformular dies zul\u00e4sst.<\/li>\n\n\n\n<li>Kontaktinformationen: Wenn Sie einen Kauf t\u00e4tigen, uns \u00fcber unsere Website kontaktieren oder mit uns interagieren, k\u00f6nnen Sie uns Ihren Namen, Ihre Lieferadresse, Ihre Rechnungsadresse, Ihre Telefonnummer und Ihre E-Mail-Adresse mitteilen.<\/li>\n\n\n\n<li>Zahlungsinformationen: Wir erfassen oder speichern Ihre Zahlungskartendaten nicht direkt. Alle Zahlungstransaktionen werden sicher \u00fcber die externen Zahlungsdienstleister PayPal und Stripe abgewickelt. Wir erhalten lediglich eine Zahlungsbest\u00e4tigung von diesen Anbietern.<\/li>\n\n\n\n<li>Kommunikation: Aufzeichnungen jeglicher Korrespondenz oder Kommunikation zwischen Ihnen und uns, einschlie\u00dflich E-Mails oder Kontaktformular-Einsendungen.<\/li>\n\n\n\n<li>Automatisch erfasste Informationen (Nutzungsdaten):<\/li>\n\n\n\n<li>Nutzungsdaten der Website: Beim Besuch unserer Website erfassen wir automatisch bestimmte Informationen \u00fcber Ihr Ger\u00e4t, darunter Ihren Webbrowser, Ihre IP-Adresse, Ihre Zeitzone und einige der auf Ihrem Ger\u00e4t installierten Cookies.<\/li>\n\n\n\n<li>Informationen zum Surfverhalten: Zus\u00e4tzlich erfassen wir w\u00e4hrend Ihres Besuchs auf unserer Website Informationen \u00fcber die von Ihnen aufgerufenen einzelnen Webseiten oder Produkte, die Websites oder Suchbegriffe, die Sie auf unsere Website gef\u00fchrt haben, sowie Informationen dar\u00fcber, wie Sie mit der Website interagieren. Diese automatisch erfassten Informationen bezeichnen wir als \u201eNutzungsdaten\u201c.<\/li>\n\n\n\n<li>Tracking-Technologien: Wir erfassen Nutzungsdaten mithilfe der folgenden Technologien:<\/li>\n\n\n\n<li>Cookies: Datendateien, die auf Ihrem Ger\u00e4t oder Computer gespeichert werden und h\u00e4ufig eine anonyme, eindeutige Kennung enthalten. Weitere Informationen zu Cookies und deren Deaktivierung finden Sie unter allaboutcookies.org.<\/li>\n\n\n\n<li>Protokolldateien: Sie protokollieren Aktionen auf der Website und erfassen Daten wie Ihre IP-Adresse, Browsertyp, Internetdienstanbieter, Verweis-\/Ausgangsseiten sowie Datums- und Zeitstempel.<\/li>\n\n\n\n<li>Web-Beacons, Tags und Pixel: Elektronische Dateien, die verwendet werden, um Informationen dar\u00fcber aufzuzeichnen, wie Sie die Website nutzen.<\/li>\n\n\n\n<li>Analyse: Wir nutzen Google Analytics, um zu verstehen, wie unsere Kunden die Website nutzen. Weitere Informationen dar\u00fcber, wie Google Ihre personenbezogenen Daten verwendet, finden Sie hier: Google-Datenschutzbestimmungen. Sie k\u00f6nnen Google Analytics hier deaktivieren: Google Analytics deaktivieren.<br><\/li>\n<\/ul>\n\n\n\n<ol class=\"wp-block-list\">\n<li>Wie wir Ihre Daten verwenden<br>Wir nutzen die von uns gesammelten Informationen, um:<\/li>\n<\/ol>\n\n\n\n<ul class=\"wp-block-list\">\n<li>Wir bieten und pflegen unsere Dienstleistungen: Bestellungen ausf\u00fchren, Zahlungen verarbeiten, Produkte versenden und Ihr Konto verwalten.<\/li>\n\n\n\n<li>Mit Ihnen kommunizieren: Wir beantworten Ihre Anfragen, bieten Kundensupport und versenden Transaktions-E-Mails (z. B. Bestellbest\u00e4tigungen, Versandaktualisierungen).<\/li>\n\n\n\n<li>Versand von Marketingmitteilungen: Wenn Sie unseren Newsletter abonniert haben, senden wir Ihnen \u00fcber Mailchimp Marketing- und Werbe-E-Mails zu neuen Produkten, Sonderangeboten und Neuigkeiten rund um [Ihr Markenname]. Sie k\u00f6nnen diese Mitteilungen jederzeit abbestellen.<\/li>\n\n\n\n<li>Verbesserung unserer Website und Dienstleistungen: Analyse der Website-Nutzung, Behebung von Problemen und Durchf\u00fchrung von Recherchen zur Verbesserung des Benutzererlebnisses und des Produktangebots.<\/li>\n\n\n\n<li>Einhaltung der gesetzlichen Verpflichtungen: Erf\u00fcllung der gesetzlichen Anforderungen und Durchsetzung unserer Richtlinien.<\/li>\n\n\n\n<li>Betrug verhindern und unsere Website sichern.<br><\/li>\n<\/ul>\n\n\n\n<ol class=\"wp-block-list\">\n<li>Weitergabe Ihrer pers\u00f6nlichen Daten<br>Wir geben Ihre personenbezogenen Daten an Dritte weiter, um die Nutzung Ihrer personenbezogenen Daten, wie oben beschrieben, zu erm\u00f6glichen.<\/li>\n<\/ol>\n\n\n\n<ul class=\"wp-block-list\">\n<li>Dienstleister: Wir nutzen externe Dienstleister, die in unserem Auftrag bestimmte Aufgaben erf\u00fcllen. Dazu geh\u00f6ren:<\/li>\n\n\n\n<li>Mailchimp: F\u00fcr E-Mail-Marketing-Dienstleistungen, einschlie\u00dflich der Erfassung Ihrer E-Mail-Adresse und des Versands von Newslettern. Weitere Informationen zu den Datenschutzpraktiken von Mailchimp finden Sie hier: Mailchimp-Datenschutzrichtlinie.<\/li>\n\n\n\n<li>Zahlungsdienstleister wie PayPal oder Stripe verarbeiten Zahlungen f\u00fcr Bestellungen sicher. Wir empfehlen Ihnen, deren jeweilige Datenschutzrichtlinien zu lesen.<\/li>\n\n\n\n<li>Versanddienstleister: Zur Zustellung Ihrer Bestellungen.<\/li>\n\n\n\n<li>Analysedienstanbieter: Zum Beispiel Google Analytics (wie oben erw\u00e4hnt), um die Website-Nutzung zu verstehen.<\/li>\n\n\n\n<li>Einhaltung gesetzlicher Bestimmungen: Wir k\u00f6nnen Ihre personenbezogenen Daten weitergeben, um geltende Gesetze und Vorschriften einzuhalten, auf Vorladungen, Durchsuchungsbefehle oder andere rechtliche Anfragen nach Informationen zu reagieren oder unsere Rechte anderweitig zu sch\u00fctzen.<\/li>\n\n\n\n<li>Unternehmens\u00fcbertragungen: Im Falle einer Fusion, \u00dcbernahme oder eines Verkaufs von Verm\u00f6genswerten k\u00f6nnen Ihre personenbezogenen Daten als Unternehmensverm\u00f6gen \u00fcbertragen werden.<br><\/li>\n<\/ul>\n\n\n\n<ol class=\"wp-block-list\">\n<li>Ihre Rechte (Insbesondere f\u00fcr EU-\/EWR-B\u00fcrger \u2013 DSGVO)<br>Wenn Sie in der Europ\u00e4ischen Union\/im Europ\u00e4ischen Wirtschaftsraum ans\u00e4ssig sind, haben Sie bestimmte Rechte in Bezug auf Ihre personenbezogenen Daten:<\/li>\n<\/ol>\n\n\n\n<ul class=\"wp-block-list\">\n<li>Auskunftsrecht: Sie haben das Recht, Auskunft \u00fcber die personenbezogenen Daten zu verlangen, die wir \u00fcber Sie speichern.<\/li>\n\n\n\n<li>Recht auf Berichtigung: Sie haben das Recht, von uns die Berichtigung unrichtiger personenbezogener Daten zu verlangen, die wir \u00fcber Sie gespeichert haben.<\/li>\n\n\n\n<li>Recht auf L\u00f6schung (\u201eRecht auf Vergessenwerden\u201c): Sie haben das Recht, unter bestimmten Umst\u00e4nden die L\u00f6schung Ihrer personenbezogenen Daten zu verlangen.<\/li>\n\n\n\n<li>Recht auf Einschr\u00e4nkung der Verarbeitung: Sie haben das Recht, unter bestimmten Umst\u00e4nden die Einschr\u00e4nkung der Verarbeitung Ihrer personenbezogenen Daten zu verlangen.<\/li>\n\n\n\n<li>Recht auf Daten\u00fcbertragbarkeit: Sie haben das Recht, die uns von Ihnen bereitgestellten personenbezogenen Daten in einem strukturierten, g\u00e4ngigen und maschinenlesbaren Format zu erhalten.<\/li>\n\n\n\n<li>Recht auf Widerspruch gegen die Verarbeitung: Sie haben das Recht, unter bestimmten Umst\u00e4nden der Verarbeitung Ihrer personenbezogenen Daten durch uns zu widersprechen, insbesondere zu Direktmarketingzwecken.<\/li>\n\n\n\n<li>Recht auf Widerruf der Einwilligung: Sofern wir Ihre personenbezogenen Daten auf Grundlage Ihrer Einwilligung verarbeiten, haben Sie das Recht, diese Einwilligung jederzeit zu widerrufen.<\/li>\n\n\n\n<li>Recht auf Beschwerde: Sie haben das Recht, eine Beschwerde bei einer Aufsichtsbeh\u00f6rde einzureichen, wenn Sie der Ansicht sind, dass Ihre Rechte verletzt werden.<br>Um eines dieser Rechte auszu\u00fcben, kontaktieren Sie uns bitte \u00fcber die unten stehenden Kontaktdaten.<br><\/li>\n<\/ul>\n\n\n\n<ol class=\"wp-block-list\">\n<li>Datenaufbewahrung<br>Wir speichern Ihre personenbezogenen Daten so lange, wie es zur Erf\u00fcllung der in dieser Datenschutzerkl\u00e4rung beschriebenen Zwecke erforderlich ist, es sei denn, eine l\u00e4ngere Speicherdauer ist gesetzlich vorgeschrieben oder zul\u00e4ssig. F\u00fcr E-Mail-Abonnenten speichern wir Ihre E-Mail-Adresse bis zu Ihrer Abmeldung.<br><\/li>\n\n\n\n<li>Sicherheit Ihrer Daten<br>Die Sicherheit Ihrer personenbezogenen Daten ist uns wichtig. Bitte beachten Sie jedoch, dass keine Methode der Daten\u00fcbertragung \u00fcber das Internet oder der elektronischen Speicherung hundertprozentige Sicherheit gew\u00e4hrleisten kann. Obwohl wir uns bem\u00fchen, Ihre personenbezogenen Daten mit wirtschaftlich vertretbaren Mitteln zu sch\u00fctzen, k\u00f6nnen wir deren absolute Sicherheit nicht garantieren. Wir verlassen uns daher auch auf die robusten Sicherheitsma\u00dfnahmen unserer externen Dienstleister (wie Mailchimp und Zahlungsabwickler).<br><\/li>\n\n\n\n<li>\u00c4nderungen dieser Datenschutzrichtlinie<br>Wir k\u00f6nnen unsere Datenschutzrichtlinie von Zeit zu Zeit aktualisieren. Wir werden Sie \u00fcber alle \u00c4nderungen informieren, indem wir die neue Datenschutzrichtlinie auf dieser Seite ver\u00f6ffentlichen und das Datum des Inkrafttretens oben aktualisieren. Wir empfehlen Ihnen, diese Datenschutzrichtlinie regelm\u00e4\u00dfig auf \u00c4nderungen zu \u00fcberpr\u00fcfen.<br><\/li>\n\n\n\n<li>Kontaktieren Sie uns<br>Weitere Informationen zu unseren Datenschutzpraktiken, bei Fragen oder Beschwerden kontaktieren Sie uns bitte per E-Mail unter [Ihre E-Mail-Adresse, z. B. info@yourbrandname.com] oder per Post unter Verwendung der unten angegebenen Daten:<br>Crisjoyas<br>Barcelona, Spanien<\/li>\n<\/ol>\n\n\n\n<p><\/p>","protected":false},"excerpt":{"rendered":"<p>Effective Date: Insert Current Date, October 26, 2023This Privacy Policy describes how Crisjoyas collects, uses, and shares your personal information<\/p>","protected":false},"author":1,"featured_media":0,"parent":0,"menu_order":0,"comment_status":"closed","ping_status":"closed","template":"","meta":{"_themeisle_gutenberg_block_has_review":false,"footnotes":""},"class_list":["post-17244","page","type-page","status-publish","hentry"],"_links":{"self":[{"href":"https:\/\/www.crisjoyas.com\/de\/wp-json\/wp\/v2\/pages\/17244","targetHints":{"allow":["GET"]}}],"collection":[{"href":"https:\/\/www.crisjoyas.com\/de\/wp-json\/wp\/v2\/pages"}],"about":[{"href":"https:\/\/www.crisjoyas.com\/de\/wp-json\/wp\/v2\/types\/page"}],"author":[{"embeddable":true,"href":"https:\/\/www.crisjoyas.com\/de\/wp-json\/wp\/v2\/users\/1"}],"replies":[{"embeddable":true,"href":"https:\/\/www.crisjoyas.com\/de\/wp-json\/wp\/v2\/comments?post=17244"}],"version-history":[{"count":1,"href":"https:\/\/www.crisjoyas.com\/de\/wp-json\/wp\/v2\/pages\/17244\/revisions"}],"predecessor-version":[{"id":17245,"href":"https:\/\/www.crisjoyas.com\/de\/wp-json\/wp\/v2\/pages\/17244\/revisions\/17245"}],"wp:attachment":[{"href":"https:\/\/www.crisjoyas.com\/de\/wp-json\/wp\/v2\/media?parent=17244"}],"curies":[{"name":"wp","href":"https:\/\/api.w.org\/{rel}","templated":true}]}}