{"id":281,"date":"2020-09-10T11:28:04","date_gmt":"2020-09-10T09:28:04","guid":{"rendered":"https:\/\/demosites.io\/shop-gb\/?page_id=281"},"modified":"2023-03-15T12:40:25","modified_gmt":"2023-03-15T11:40:25","slug":"about","status":"publish","type":"page","link":"https:\/\/www.crisjoyas.com\/de\/about\/","title":{"rendered":"Crisjoyas Geschichte"},"content":{"rendered":"<div data-elementor-type=\"wp-page\" data-elementor-id=\"281\" class=\"elementor elementor-281\" data-elementor-post-type=\"page\">\n\t\t\t\t<div class=\"wd-negative-gap elementor-element elementor-element-f826a67 e-flex e-con-boxed wd-section-disabled e-con e-parent\" data-id=\"f826a67\" data-element_type=\"container\" data-e-type=\"container\">\n\t\t\t\t\t<div class=\"e-con-inner\">\n\t\t\t\t<div class=\"elementor-element elementor-element-f8c5f86 elementor-widget elementor-widget-heading\" data-id=\"f8c5f86\" data-element_type=\"widget\" data-e-type=\"widget\" data-widget_type=\"heading.default\">\n\t\t\t\t<div class=\"elementor-widget-container\">\n\t\t\t\t\t<h2 class=\"elementor-heading-title elementor-size-default\">Crisjoyas Geschichte<\/h2>\t\t\t\t<\/div>\n\t\t\t\t<\/div>\n\t\t\t\t\t<\/div>\n\t\t\t\t<\/div>\n\t\t<div class=\"wd-negative-gap elementor-element elementor-element-8c17391 e-flex e-con-boxed wd-section-disabled e-con e-parent\" data-id=\"8c17391\" data-element_type=\"container\" data-e-type=\"container\">\n\t\t\t\t\t<div class=\"e-con-inner\">\n\t\t\t\t<div class=\"elementor-element elementor-element-44b0497 color-scheme-inherit text-left elementor-widget elementor-widget-text-editor\" data-id=\"44b0497\" data-element_type=\"widget\" data-e-type=\"widget\" data-widget_type=\"text-editor.default\">\n\t\t\t\t<div class=\"elementor-widget-container\">\n\t\t\t\t\t\t\t\t\t<p>\u00a0<\/p><p><img fetchpriority=\"high\" decoding=\"async\" class=\"alignnone wp-image-3623\" src=\"http:\/\/crisjoyas.com\/wp-content\/uploads\/2023\/03\/crisjoyas-story-1.jpg\" alt=\"\" width=\"900\" height=\"523\" srcset=\"https:\/\/www.crisjoyas.com\/wp-content\/uploads\/2023\/03\/crisjoyas-story-1.jpg 1140w, https:\/\/www.crisjoyas.com\/wp-content\/uploads\/2023\/03\/crisjoyas-story-1-430x250.jpg 430w, https:\/\/www.crisjoyas.com\/wp-content\/uploads\/2023\/03\/crisjoyas-story-1-150x87.jpg 150w, https:\/\/www.crisjoyas.com\/wp-content\/uploads\/2023\/03\/crisjoyas-story-1-700x407.jpg 700w, https:\/\/www.crisjoyas.com\/wp-content\/uploads\/2023\/03\/crisjoyas-story-1-500x291.jpg 500w, https:\/\/www.crisjoyas.com\/wp-content\/uploads\/2023\/03\/crisjoyas-story-1-768x447.jpg 768w\" sizes=\"(max-width: 900px) 100vw, 900px\" \/><\/p><p>\u00a0<\/p><p>Warum diese Marke schaffen?<\/p><p>Zun\u00e4chst einmal bin ich Mutter einer wundervollen Tochter und eine Frau mit einer Leidenschaft f\u00fcr Mode. Mein Name ist Emily.<\/p><p>Als ich 2008 meine Tochter zur Welt brachte und sie zum ersten Mal sah, inspirierten mich ihre Reinheit und Makellosigkeit dazu, das Wort \u201eKristall\u201c zu verwenden. F\u00fcr mich werden alle M\u00e4dchen wie Kristalle geboren, perfekt und wundersch\u00f6n.<\/p><p>Neben meiner Mutterrolle habe ich \u00fcber zehn Jahre in der Schmuckbranche gearbeitet und dabei festgestellt, dass ich immer noch eine gro\u00dfe Leidenschaft f\u00fcr Schmuck habe. Aus diesem Grund habe ich beschlossen, meinen Job zu k\u00fcndigen und meine eigene Marke zu gr\u00fcnden.<\/p><p>CRIS ist die Abk\u00fcrzung f\u00fcr CRISTAL und ich habe es gew\u00e4hlt, weil ich eine Br\u00fccke der Kommunikation mit den Frauen und M\u00e4dchen bauen m\u00f6chte, die meinen Schmuck tragen.<\/p><p>\u00a0<\/p><p><img decoding=\"async\" class=\"alignnone wp-image-3622\" src=\"http:\/\/crisjoyas.com\/wp-content\/uploads\/2023\/03\/crisjoyas-cristales-500x281.jpg\" alt=\"\" width=\"900\" height=\"505\" srcset=\"https:\/\/www.crisjoyas.com\/wp-content\/uploads\/2023\/03\/crisjoyas-cristales-500x281.jpg 500w, https:\/\/www.crisjoyas.com\/wp-content\/uploads\/2023\/03\/crisjoyas-cristales-430x241.jpg 430w, https:\/\/www.crisjoyas.com\/wp-content\/uploads\/2023\/03\/crisjoyas-cristales-150x84.jpg 150w, https:\/\/www.crisjoyas.com\/wp-content\/uploads\/2023\/03\/crisjoyas-cristales-700x393.jpg 700w, https:\/\/www.crisjoyas.com\/wp-content\/uploads\/2023\/03\/crisjoyas-cristales-768x431.jpg 768w, https:\/\/www.crisjoyas.com\/wp-content\/uploads\/2023\/03\/crisjoyas-cristales.jpg 1140w\" sizes=\"(max-width: 900px) 100vw, 900px\" \/><\/p><p>Meine Tochter ist jetzt im Teenageralter, aber sie spricht immer noch gerne mit mir dar\u00fcber, wie man Kleidung und Schmuck kombiniert. Ich sage ihr immer, dass sie niemanden nachahmen muss, dass sie ihre eigene einzigartige Sch\u00f6nheit hat, die sie finden und hervorheben sollte. Durch unsere Gespr\u00e4che sind wir uns immer n\u00e4her gekommen.<\/p><p>Was m\u00f6chte ich ausdr\u00fccken?<\/p><p>Mein Ziel ist es, dass alle Frauen und M\u00e4dchen ihre eigene, einzigartige Sch\u00f6nheit entdecken und sich beim Tragen unseres Schmucks selbstbewusster und gl\u00fccklicher f\u00fchlen. Ich m\u00f6chte, dass CRIS ein Ort ist, an dem wir teilen und kommunizieren k\u00f6nnen und an dem die Beziehungen zwischen M\u00fcttern, T\u00f6chtern und Freundinnen gest\u00e4rkt werden.<\/p><p>Was bieten wir unseren Kunden?<\/p><p>Bei CRIS geben wir Tipps, wie Sie Schmuck im Alltag tragen und ihn zur perfekten Erg\u00e4nzung f\u00fcr jedes Outfit machen. Wir hoffen, dass unser Schmuck Ihnen ein gutes Gef\u00fchl gibt und Ihre nat\u00fcrliche Sch\u00f6nheit unterstreicht.<\/p><p>Was ist unser Wertesystem?<\/p><p>Die 100%-Metalle, die wir in unserem Gesch\u00e4ft verwenden, sind 925er Sterlingsilber, ein umweltfreundliches und recycelbares Material. Dar\u00fcber hinaus sind unsere Kristalle und Perlen nat\u00fcrliche und reine Materialien. Wir versuchen auch, f\u00fcr unsere Verpackungsboxen recycelbare Papiermaterialien zu verwenden.<\/p><p>\u00a0<\/p><p>\u00a0<\/p><p>\u00a0<\/p>\t\t\t\t\t\t\t\t<\/div>\n\t\t\t\t<\/div>\n\t\t\t\t\t<\/div>\n\t\t\t\t<\/div>\n\t\t\t\t<\/div>","protected":false},"excerpt":{"rendered":"<p>Crisjoyas Story \u00a0 \u00a0 \u00bfPor qu\u00e9 crear esta marca? En primer lugar, soy madre de una hija encantadora y una<\/p>","protected":false},"author":1,"featured_media":0,"parent":0,"menu_order":0,"comment_status":"closed","ping_status":"closed","template":"","meta":{"_themeisle_gutenberg_block_has_review":false,"footnotes":""},"class_list":["post-281","page","type-page","status-publish","hentry"],"_links":{"self":[{"href":"https:\/\/www.crisjoyas.com\/de\/wp-json\/wp\/v2\/pages\/281","targetHints":{"allow":["GET"]}}],"collection":[{"href":"https:\/\/www.crisjoyas.com\/de\/wp-json\/wp\/v2\/pages"}],"about":[{"href":"https:\/\/www.crisjoyas.com\/de\/wp-json\/wp\/v2\/types\/page"}],"author":[{"embeddable":true,"href":"https:\/\/www.crisjoyas.com\/de\/wp-json\/wp\/v2\/users\/1"}],"replies":[{"embeddable":true,"href":"https:\/\/www.crisjoyas.com\/de\/wp-json\/wp\/v2\/comments?post=281"}],"version-history":[{"count":23,"href":"https:\/\/www.crisjoyas.com\/de\/wp-json\/wp\/v2\/pages\/281\/revisions"}],"predecessor-version":[{"id":3718,"href":"https:\/\/www.crisjoyas.com\/de\/wp-json\/wp\/v2\/pages\/281\/revisions\/3718"}],"wp:attachment":[{"href":"https:\/\/www.crisjoyas.com\/de\/wp-json\/wp\/v2\/media?parent=281"}],"curies":[{"name":"wp","href":"https:\/\/api.w.org\/{rel}","templated":true}]}}