{"id":3758,"date":"2023-03-23T11:05:54","date_gmt":"2023-03-23T10:05:54","guid":{"rendered":"http:\/\/crisjoyas.com\/?page_id=3758"},"modified":"2023-03-23T11:09:00","modified_gmt":"2023-03-23T10:09:00","slug":"politica-de-privacidad-del-sitio-web","status":"publish","type":"page","link":"https:\/\/www.crisjoyas.com\/de\/politica-de-privacidad-del-sitio-web\/","title":{"rendered":"Datenschutzrichtlinie der Website"},"content":{"rendered":"<div data-elementor-type=\"wp-page\" data-elementor-id=\"3758\" class=\"elementor elementor-3758\" data-elementor-post-type=\"page\">\n\t\t\t\t<div class=\"wd-negative-gap elementor-element elementor-element-6c10d8a e-flex e-con-boxed wd-section-disabled e-con e-parent\" data-id=\"6c10d8a\" data-element_type=\"container\" data-e-type=\"container\">\n\t\t\t\t\t<div class=\"e-con-inner\">\n\t\t\t\t<div class=\"elementor-element elementor-element-89c8c47 elementor-widget elementor-widget-heading\" data-id=\"89c8c47\" data-element_type=\"widget\" data-e-type=\"widget\" data-widget_type=\"heading.default\">\n\t\t\t\t<div class=\"elementor-widget-container\">\n\t\t\t\t\t<h2 class=\"elementor-heading-title elementor-size-default\">Datenschutzrichtlinie der Website<\/h2>\t\t\t\t<\/div>\n\t\t\t\t<\/div>\n\t\t\t\t\t<\/div>\n\t\t\t\t<\/div>\n\t\t<div class=\"wd-negative-gap elementor-element elementor-element-e18a86b e-flex e-con-boxed wd-section-disabled e-con e-parent\" data-id=\"e18a86b\" data-element_type=\"container\" data-e-type=\"container\">\n\t\t\t\t\t<div class=\"e-con-inner\">\n\t\t\t\t<div class=\"elementor-element elementor-element-a5edab0 color-scheme-inherit text-left elementor-widget elementor-widget-text-editor\" data-id=\"a5edab0\" data-element_type=\"widget\" data-e-type=\"widget\" data-widget_type=\"text-editor.default\">\n\t\t\t\t<div class=\"elementor-widget-container\">\n\t\t\t\t\t\t\t\t\t<p>\u00a0<\/p><p>Diese Datenschutzrichtlinie beschreibt, wie die personenbezogenen Daten, die Sie bei der Nutzung dieser Website angeben, erfasst, verwendet und gesch\u00fctzt werden. Durch den Zugriff auf diese Website erkl\u00e4ren Sie sich mit dieser Datenschutzrichtlinie einverstanden.<\/p><p>Informationsbeschaffung<\/p><p>Bei der Nutzung dieser Website k\u00f6nnen personenbezogene Daten wie Ihr Name, Ihre E-Mail-Adresse, Ihre Postanschrift und Ihre Zahlungsinformationen erfasst werden. Es k\u00f6nnen auch nicht personenbezogene Daten wie der verwendete Browsertyp, die IP-Adresse und das verwendete Betriebssystem erfasst werden.<\/p><p>Verwendung von Informationen<\/p><p>Die erhobenen personenbezogenen Daten werden zur Bereitstellung der gew\u00fcnschten Dienste und Produkte verwendet. Personenbezogene Daten k\u00f6nnen auch zum Versenden von Werbe-E-Mails oder Newslettern im Zusammenhang mit der Website oder den angebotenen Produkten und Dienstleistungen verwendet werden. Nicht personenbezogene Daten k\u00f6nnen zur Verbesserung der Website und f\u00fcr statistische Zwecke verwendet werden.<\/p><p>Informationsschutz<\/p><p>Es werden angemessene Ma\u00dfnahmen ergriffen, um die erhobenen personenbezogenen Daten vor unbefugter Nutzung oder Offenlegung zu sch\u00fctzen. Zur Gew\u00e4hrleistung der Sicherheit personenbezogener Daten werden physische, elektronische und administrative Sicherheitsma\u00dfnahmen eingesetzt.<\/p><p>Offenlegung von Informationen<\/p><p>Personenbezogene Daten werden nicht verkauft, vermietet oder an Dritte weitergegeben, es sei denn, dies ist zur Bereitstellung der angeforderten Dienste und Produkte oder zur Einhaltung geltender Gesetze erforderlich.<\/p><p>\u00c4nderungen der Datenschutzrichtlinie<\/p><p>Diese Datenschutzrichtlinie kann jederzeit ohne vorherige Ank\u00fcndigung aktualisiert werden. Es wird empfohlen, diese Richtlinie regelm\u00e4\u00dfig zu \u00fcberpr\u00fcfen, um \u00fcber etwaige \u00c4nderungen informiert zu sein.<\/p><p>Kontakt<\/p><p>Wenn Sie Fragen oder Bedenken bez\u00fcglich dieser Datenschutzrichtlinie haben, kontaktieren Sie uns bitte \u00fcber die auf der Website bereitgestellten M\u00f6glichkeiten.<\/p>\t\t\t\t\t\t\t\t<\/div>\n\t\t\t\t<\/div>\n\t\t\t\t\t<\/div>\n\t\t\t\t<\/div>\n\t\t\t\t<\/div>","protected":false},"excerpt":{"rendered":"<p>Pol\u00edtica de Privacidad del Sitio Web \u00a0 Esta Pol\u00edtica de Privacidad describe c\u00f3mo se recopila, utiliza y protege la informaci\u00f3n<\/p>","protected":false},"author":1,"featured_media":0,"parent":0,"menu_order":0,"comment_status":"closed","ping_status":"closed","template":"page-templates\/template-pagebuilder-full-width.php","meta":{"_themeisle_gutenberg_block_has_review":false,"footnotes":""},"class_list":["post-3758","page","type-page","status-publish","hentry"],"_links":{"self":[{"href":"https:\/\/www.crisjoyas.com\/de\/wp-json\/wp\/v2\/pages\/3758","targetHints":{"allow":["GET"]}}],"collection":[{"href":"https:\/\/www.crisjoyas.com\/de\/wp-json\/wp\/v2\/pages"}],"about":[{"href":"https:\/\/www.crisjoyas.com\/de\/wp-json\/wp\/v2\/types\/page"}],"author":[{"embeddable":true,"href":"https:\/\/www.crisjoyas.com\/de\/wp-json\/wp\/v2\/users\/1"}],"replies":[{"embeddable":true,"href":"https:\/\/www.crisjoyas.com\/de\/wp-json\/wp\/v2\/comments?post=3758"}],"version-history":[{"count":7,"href":"https:\/\/www.crisjoyas.com\/de\/wp-json\/wp\/v2\/pages\/3758\/revisions"}],"predecessor-version":[{"id":3765,"href":"https:\/\/www.crisjoyas.com\/de\/wp-json\/wp\/v2\/pages\/3758\/revisions\/3765"}],"wp:attachment":[{"href":"https:\/\/www.crisjoyas.com\/de\/wp-json\/wp\/v2\/media?parent=3758"}],"curies":[{"name":"wp","href":"https:\/\/api.w.org\/{rel}","templated":true}]}}