{"id":707,"date":"2022-05-07T07:45:22","date_gmt":"2022-05-07T05:45:22","guid":{"rendered":"http:\/\/crisjoyas.com\/?page_id=707"},"modified":"2022-05-09T17:51:40","modified_gmt":"2022-05-09T15:51:40","slug":"cambios-y-devoluciones","status":"publish","type":"page","link":"https:\/\/www.crisjoyas.com\/de\/cambios-y-devoluciones\/","title":{"rendered":"UMTAUSCH UND R\u00dcCKGABE"},"content":{"rendered":"<div data-elementor-type=\"wp-page\" data-elementor-id=\"707\" class=\"elementor elementor-707\" data-elementor-post-type=\"page\">\n\t\t\t\t\t\t<section class=\"wd-negative-gap elementor-section elementor-top-section elementor-element elementor-element-120f1804 elementor-section-boxed elementor-section-height-default elementor-section-height-default wd-section-disabled\" data-id=\"120f1804\" data-element_type=\"section\" data-e-type=\"section\">\n\t\t\t\t\t\t<div class=\"elementor-container elementor-column-gap-default\">\n\t\t\t\t\t<div class=\"elementor-column elementor-col-100 elementor-top-column elementor-element elementor-element-5d9d5d5d\" data-id=\"5d9d5d5d\" data-element_type=\"column\" data-e-type=\"column\">\n\t\t\t<div class=\"elementor-widget-wrap elementor-element-populated\">\n\t\t\t\t\t\t<div class=\"elementor-element elementor-element-65337f9b color-scheme-inherit text-left elementor-widget elementor-widget-text-editor\" data-id=\"65337f9b\" data-element_type=\"widget\" data-e-type=\"widget\" data-widget_type=\"text-editor.default\">\n\t\t\t\t<div class=\"elementor-widget-container\">\n\t\t\t\t\t\t\t\t\t\n<div id=\"wp-block-themeisle-blocks-advanced-columns-e4214f4a\" class=\"wp-block-themeisle-blocks-advanced-columns has-0-columns has-desktop-undefined-layout has-tablet-equal-layout has-mobile-equal-layout has-vertical-unset\"><div class=\"wp-block-themeisle-blocks-advanced-columns-overlay\"><\/div><div class=\"innerblocks-wrap\"><\/div><\/div>\n\t\t\t\t\t\t\t\t<\/div>\n\t\t\t\t<\/div>\n\t\t\t\t\t<\/div>\n\t\t<\/div>\n\t\t\t\t\t<\/div>\n\t\t<\/section>\n\t\t<div class=\"wd-negative-gap elementor-element elementor-element-92c5310 e-flex e-con-boxed wd-section-disabled e-con e-parent\" data-id=\"92c5310\" data-element_type=\"container\" data-e-type=\"container\">\n\t\t\t\t\t<div class=\"e-con-inner\">\n\t\t\t\t<div class=\"elementor-element elementor-element-ac3943c elementor-widget elementor-widget-heading\" data-id=\"ac3943c\" data-element_type=\"widget\" data-e-type=\"widget\" data-widget_type=\"heading.default\">\n\t\t\t\t<div class=\"elementor-widget-container\">\n\t\t\t\t\t<h2 class=\"elementor-heading-title elementor-size-default\">Was muss ich tun, um eine R\u00fccksendung vorzunehmen?<\/h2>\t\t\t\t<\/div>\n\t\t\t\t<\/div>\n\t\t\t\t\t<\/div>\n\t\t\t\t<\/div>\n\t\t<div class=\"wd-negative-gap elementor-element elementor-element-7ba6a48 e-flex e-con-boxed wd-section-disabled e-con e-parent\" data-id=\"7ba6a48\" data-element_type=\"container\" data-e-type=\"container\">\n\t\t\t\t\t<div class=\"e-con-inner\">\n\t\t\t\t<div class=\"elementor-element elementor-element-de8a729 color-scheme-inherit text-left elementor-widget elementor-widget-text-editor\" data-id=\"de8a729\" data-element_type=\"widget\" data-e-type=\"widget\" data-widget_type=\"text-editor.default\">\n\t\t\t\t<div class=\"elementor-widget-container\">\n\t\t\t\t\t\t\t\t\t<p>\u00a0<\/p>\n<p><span class=\"wysiwyg-color-black\">Um eine R\u00fccksendung vorzunehmen, senden Sie uns bitte zuerst eine E-Mail an return@crisjoyas.com\u00a0<\/span><\/p>\n<p>Ihre Anfrage wird innerhalb von 24-48 Gesch\u00e4ftsstunden bearbeitet. Eine Anleitung zu allen weiteren Schritten erhalten Sie per E-Mail.<\/p>\n<p>Pr\u00fcfen Sie hier die R\u00fcckgabeoptionen basierend auf Ihrer geografischen Region:<\/p>\n<ul>\n<li><a href=\"https:\/\/www.crisjoyas.com\/de\/europa\/\"><strong>Europa<\/strong><\/a><\/li>\n<li><a href=\"https:\/\/www.crisjoyas.com\/de\/fuera-de-europa\/\"><strong>Au\u00dferhalb Europas<\/strong><\/a><\/li>\n<\/ul>\n<p>Standardr\u00fcckgabe:<\/p>\n<p><strong>M\u00f6chten Sie innerhalb der ersten 30 Tage einen Umtausch\/eine R\u00fcckgabe vornehmen?<\/strong><\/p>\n<p>Sie haben ab Erhalt Ihrer Bestellung 30 Tage Zeit, einen Umtausch oder eine R\u00fcckgabe vorzunehmen. Sie k\u00f6nnen in allen unten aufgef\u00fchrten F\u00e4llen einen Umtausch oder eine R\u00fcckerstattung Ihrer Bestellung beantragen, sofern es sich nicht um ein personalisiertes Produkt handelt:\u00a0<\/p>\n<p>\u2013 Ich habe die falsche Ringgr\u00f6\u00dfe gew\u00e4hlt.<\/p>\n<p>\u2013 Das Produkt entspricht nicht meinen Erwartungen<\/p>\n<p>\u2013 Ich habe die Bestellung in schlechtem Zustand erhalten<\/p>\n<p>Denken Sie daran, dass die Produkte in einwandfreiem Zustand sein m\u00fcssen und keine offensichtlichen Gebrauchsspuren aufweisen d\u00fcrfen. Andernfalls erfolgt kein Umtausch oder keine R\u00fcckerstattung. Wenn Sie zu Ihrem Kauf ein Geschenk erhalten haben, denken Sie bitte daran, dieses Produkt dem R\u00fccksendepaket beizulegen.<\/p>\n<p>Garantie \u2013 Defektes Produkt:<\/p>\n<p><strong>Ihr Schmuck weist innerhalb der einj\u00e4hrigen Gew\u00e4hrleistungsfrist einen Defekt auf?<\/strong><\/p>\n<p>Auf alle unsere Produkte gew\u00e4hren wir eine Garantie von 2 Jahren ab Eingangsdatum der Bestellung.<\/p>\n<p>Die Garantie deckt Material- und\/oder Verarbeitungsfehler ab und schlie\u00dft Verschlei\u00df durch versehentliche Verwendung und\/oder falsche Behandlung des Produkts nicht ein.<\/p>\n<p>\u00a0<\/p>\n<p>\u00a0<\/p>\n<p>\u00a0<\/p>\t\t\t\t\t\t\t\t<\/div>\n\t\t\t\t<\/div>\n\t\t\t\t\t<\/div>\n\t\t\t\t<\/div>\n\t\t\t\t<\/div>","protected":false},"excerpt":{"rendered":"<p>\u00bfQu\u00e9 debo hacer para realizar una devoluci\u00f3n? Para realizar una devoluci\u00f3n, por favor,por favor, env\u00edenos un correo electr\u00f3nico primero, return@crisjoyas.com&nbsp;<\/p>","protected":false},"author":1,"featured_media":0,"parent":0,"menu_order":0,"comment_status":"closed","ping_status":"closed","template":"","meta":{"_themeisle_gutenberg_block_has_review":false,"footnotes":""},"class_list":["post-707","page","type-page","status-publish","hentry"],"_links":{"self":[{"href":"https:\/\/www.crisjoyas.com\/de\/wp-json\/wp\/v2\/pages\/707","targetHints":{"allow":["GET"]}}],"collection":[{"href":"https:\/\/www.crisjoyas.com\/de\/wp-json\/wp\/v2\/pages"}],"about":[{"href":"https:\/\/www.crisjoyas.com\/de\/wp-json\/wp\/v2\/types\/page"}],"author":[{"embeddable":true,"href":"https:\/\/www.crisjoyas.com\/de\/wp-json\/wp\/v2\/users\/1"}],"replies":[{"embeddable":true,"href":"https:\/\/www.crisjoyas.com\/de\/wp-json\/wp\/v2\/comments?post=707"}],"version-history":[{"count":12,"href":"https:\/\/www.crisjoyas.com\/de\/wp-json\/wp\/v2\/pages\/707\/revisions"}],"predecessor-version":[{"id":783,"href":"https:\/\/www.crisjoyas.com\/de\/wp-json\/wp\/v2\/pages\/707\/revisions\/783"}],"wp:attachment":[{"href":"https:\/\/www.crisjoyas.com\/de\/wp-json\/wp\/v2\/media?parent=707"}],"curies":[{"name":"wp","href":"https:\/\/api.w.org\/{rel}","templated":true}]}}