{"id":716,"date":"2022-05-07T08:12:30","date_gmt":"2022-05-07T06:12:30","guid":{"rendered":"http:\/\/crisjoyas.com\/?page_id=716"},"modified":"2022-05-09T17:52:38","modified_gmt":"2022-05-09T15:52:38","slug":"europa","status":"publish","type":"page","link":"https:\/\/www.crisjoyas.com\/de\/europa\/","title":{"rendered":"Europa"},"content":{"rendered":"<div data-elementor-type=\"wp-page\" data-elementor-id=\"716\" class=\"elementor elementor-716\" data-elementor-post-type=\"page\">\n\t\t\t\t\t\t<section class=\"wd-negative-gap elementor-section elementor-top-section elementor-element elementor-element-7dd855d9 elementor-section-boxed elementor-section-height-default elementor-section-height-default wd-section-disabled\" data-id=\"7dd855d9\" data-element_type=\"section\" data-e-type=\"section\">\n\t\t\t\t\t\t<div class=\"elementor-container elementor-column-gap-default\">\n\t\t\t\t\t<div class=\"elementor-column elementor-col-100 elementor-top-column elementor-element elementor-element-9db0619\" data-id=\"9db0619\" data-element_type=\"column\" data-e-type=\"column\">\n\t\t\t<div class=\"elementor-widget-wrap elementor-element-populated\">\n\t\t\t\t\t\t<div class=\"elementor-element elementor-element-5f11570a color-scheme-inherit text-left elementor-widget elementor-widget-text-editor\" data-id=\"5f11570a\" data-element_type=\"widget\" data-e-type=\"widget\" data-widget_type=\"text-editor.default\">\n\t\t\t\t<div class=\"elementor-widget-container\">\n\t\t\t\t\t\t\t\t\t\n<div id=\"wp-block-themeisle-blocks-advanced-columns-a9861045\" class=\"wp-block-themeisle-blocks-advanced-columns has-0-columns has-desktop-undefined-layout has-tablet-equal-layout has-mobile-equal-layout has-vertical-unset\"><div class=\"wp-block-themeisle-blocks-advanced-columns-overlay\"><\/div><div class=\"innerblocks-wrap\"><\/div><\/div>\n\t\t\t\t\t\t\t\t<\/div>\n\t\t\t\t<\/div>\n\t\t\t\t\t<\/div>\n\t\t<\/div>\n\t\t\t\t\t<\/div>\n\t\t<\/section>\n\t\t<div class=\"wd-negative-gap elementor-element elementor-element-d6358ba e-flex e-con-boxed wd-section-disabled e-con e-parent\" data-id=\"d6358ba\" data-element_type=\"container\" data-e-type=\"container\">\n\t\t\t\t\t<div class=\"e-con-inner\">\n\t\t\t\t<div class=\"elementor-element elementor-element-1d98d98 elementor-widget elementor-widget-heading\" data-id=\"1d98d98\" data-element_type=\"widget\" data-e-type=\"widget\" data-widget_type=\"heading.default\">\n\t\t\t\t<div class=\"elementor-widget-container\">\n\t\t\t\t\t<h2 class=\"elementor-heading-title elementor-size-default\">Welche R\u00fcckgabem\u00f6glichkeiten gibt es in Europa?<\/h2>\t\t\t\t<\/div>\n\t\t\t\t<\/div>\n\t\t\t\t\t<\/div>\n\t\t\t\t<\/div>\n\t\t<div class=\"wd-negative-gap elementor-element elementor-element-e39f94d e-flex e-con-boxed wd-section-disabled e-con e-parent\" data-id=\"e39f94d\" data-element_type=\"container\" data-e-type=\"container\">\n\t\t\t\t\t<div class=\"e-con-inner\">\n\t\t\t\t<div class=\"elementor-element elementor-element-e588eb2 color-scheme-inherit text-left elementor-widget elementor-widget-text-editor\" data-id=\"e588eb2\" data-element_type=\"widget\" data-e-type=\"widget\" data-widget_type=\"text-editor.default\">\n\t\t\t\t<div class=\"elementor-widget-container\">\n\t\t\t\t\t\t\t\t\t<p>\u00a0<\/p>\n<p><strong>Wichtig:<\/strong>\u00a0Personalisierte Produkte k\u00f6nnen nicht zur\u00fcckgegeben\/erstattet werden. Wenn die Bestellung an das Lager zur\u00fcckgeschickt wird, wird sie an den K\u00e4ufer zur\u00fcckgeschickt und die Versandkosten tr\u00e4gt der K\u00e4ufer.<\/p>\n<p>\u00a0<\/p>\n<p><strong>Wir bieten R\u00fccksendungen an:<\/strong><\/p>\n<p>Senden Sie Ihr Paket an unser Lager (die Versandkosten tr\u00e4gt der Kunde). Senden Sie uns zun\u00e4chst eine E-Mail an return@crisjoyas.com<\/p>\n<p><br \/><strong>Welche Geb\u00fchren fallen an, wenn ich meine gesamte Bestellung zur\u00fccksende oder einen Umtausch beantrage?<\/strong><\/p>\n<p>Artikelumtausch: F\u00fcr jede Bestellung bietet CRISJOYAS einen ersten Umtausch ohne Bearbeitungsgeb\u00fchren an. Die Gesamtkosten f\u00fcr den zweiten Umtausch betragen in Europa 10\u00a0\u20ac (inkl. Versand).<\/p>\n<p><strong>Noten:<\/strong> <br \/>F\u00fcr die Abwicklung des Umtauschs oder der R\u00fcckgabe haben Sie ab Erhalt Ihrer Bestellung 30 Kalendertage Zeit. <br \/>Sie erhalten eine R\u00fcckerstattung f\u00fcr die zur\u00fcckgegebenen Produkte mit derselben Zahlungsmethode, die Sie f\u00fcr Ihren Einkauf verwendet haben. R\u00fcckerstattungen k\u00f6nnen bis zu 30 Kalendertage ab dem Datum des Paketeingangs in unserem Lager dauern. Bitte beachten Sie, dass die Versandkosten f\u00fcr die Erstbestellung nicht im f\u00e4lligen Betrag enthalten sind. <br \/>CRISJOYAS \u00fcbernimmt keine Verantwortung f\u00fcr etwaige Verluste des Pakets w\u00e4hrend des Versands und es liegt in der Verantwortung des Kunden, sicherzustellen, dass das Paket in gutem Zustand bei uns ankommt. <br \/>Enth\u00e4lt die Bestellung Aktionsprodukte, m\u00fcssen diese zur\u00fcckgesandt werden, wenn die Bestellung aufgrund der R\u00fccksendung nicht den Aktionsbedingungen entspricht.<\/p>\n<p>\u00a0<\/p>\n<p>\u00a0<\/p>\n<p>\u00a0<\/p>\t\t\t\t\t\t\t\t<\/div>\n\t\t\t\t<\/div>\n\t\t\t\t\t<\/div>\n\t\t\t\t<\/div>\n\t\t\t\t<\/div>","protected":false},"excerpt":{"rendered":"<p>\u00bfCu\u00e1les son las opciones de devoluci\u00f3n en Europa? Importante:&nbsp;los productos personalizados no pueden ser devueltos \/ reembolsados.&nbsp;En caso de que<\/p>","protected":false},"author":1,"featured_media":0,"parent":0,"menu_order":0,"comment_status":"closed","ping_status":"closed","template":"","meta":{"_themeisle_gutenberg_block_has_review":false,"footnotes":""},"class_list":["post-716","page","type-page","status-publish","hentry"],"_links":{"self":[{"href":"https:\/\/www.crisjoyas.com\/de\/wp-json\/wp\/v2\/pages\/716","targetHints":{"allow":["GET"]}}],"collection":[{"href":"https:\/\/www.crisjoyas.com\/de\/wp-json\/wp\/v2\/pages"}],"about":[{"href":"https:\/\/www.crisjoyas.com\/de\/wp-json\/wp\/v2\/types\/page"}],"author":[{"embeddable":true,"href":"https:\/\/www.crisjoyas.com\/de\/wp-json\/wp\/v2\/users\/1"}],"replies":[{"embeddable":true,"href":"https:\/\/www.crisjoyas.com\/de\/wp-json\/wp\/v2\/comments?post=716"}],"version-history":[{"count":5,"href":"https:\/\/www.crisjoyas.com\/de\/wp-json\/wp\/v2\/pages\/716\/revisions"}],"predecessor-version":[{"id":784,"href":"https:\/\/www.crisjoyas.com\/de\/wp-json\/wp\/v2\/pages\/716\/revisions\/784"}],"wp:attachment":[{"href":"https:\/\/www.crisjoyas.com\/de\/wp-json\/wp\/v2\/media?parent=716"}],"curies":[{"name":"wp","href":"https:\/\/api.w.org\/{rel}","templated":true}]}}