{"id":722,"date":"2022-05-07T08:29:43","date_gmt":"2022-05-07T06:29:43","guid":{"rendered":"http:\/\/crisjoyas.com\/?page_id=722"},"modified":"2022-05-07T08:32:18","modified_gmt":"2022-05-07T06:32:18","slug":"fuera-de-europa","status":"publish","type":"page","link":"https:\/\/www.crisjoyas.com\/de\/fuera-de-europa\/","title":{"rendered":"Au\u00dferhalb Europas"},"content":{"rendered":"<div data-elementor-type=\"wp-page\" data-elementor-id=\"722\" class=\"elementor elementor-722\" data-elementor-post-type=\"page\">\n\t\t\t\t\t\t<section class=\"wd-negative-gap elementor-section elementor-top-section elementor-element elementor-element-23cd66a elementor-section-boxed elementor-section-height-default elementor-section-height-default wd-section-disabled\" data-id=\"23cd66a\" data-element_type=\"section\" data-e-type=\"section\">\n\t\t\t\t\t\t<div class=\"elementor-container elementor-column-gap-default\">\n\t\t\t\t\t<div class=\"elementor-column elementor-col-100 elementor-top-column elementor-element elementor-element-120d79ac\" data-id=\"120d79ac\" data-element_type=\"column\" data-e-type=\"column\">\n\t\t\t<div class=\"elementor-widget-wrap elementor-element-populated\">\n\t\t\t\t\t\t<div class=\"elementor-element elementor-element-45a35cbf color-scheme-inherit text-left elementor-widget elementor-widget-text-editor\" data-id=\"45a35cbf\" data-element_type=\"widget\" data-e-type=\"widget\" data-widget_type=\"text-editor.default\">\n\t\t\t\t<div class=\"elementor-widget-container\">\n\t\t\t\t\t\t\t\t\t\n<div id=\"wp-block-themeisle-blocks-advanced-columns-b714c92a\" class=\"wp-block-themeisle-blocks-advanced-columns has-0-columns has-desktop-undefined-layout has-tablet-equal-layout has-mobile-equal-layout has-vertical-unset\"><div class=\"wp-block-themeisle-blocks-advanced-columns-overlay\"><\/div><div class=\"innerblocks-wrap\"><\/div><\/div>\n\t\t\t\t\t\t\t\t<\/div>\n\t\t\t\t<\/div>\n\t\t\t\t\t<\/div>\n\t\t<\/div>\n\t\t\t\t\t<\/div>\n\t\t<\/section>\n\t\t<div class=\"wd-negative-gap elementor-element elementor-element-daf018b e-flex e-con-boxed wd-section-disabled e-con e-parent\" data-id=\"daf018b\" data-element_type=\"container\" data-e-type=\"container\">\n\t\t\t\t\t<div class=\"e-con-inner\">\n\t\t\t\t<div class=\"elementor-element elementor-element-2e3ab5c elementor-widget elementor-widget-heading\" data-id=\"2e3ab5c\" data-element_type=\"widget\" data-e-type=\"widget\" data-widget_type=\"heading.default\">\n\t\t\t\t<div class=\"elementor-widget-container\">\n\t\t\t\t\t<h2 class=\"elementor-heading-title elementor-size-default\">Welche R\u00fcckgabem\u00f6glichkeiten gibt es au\u00dferhalb Europas?<\/h2>\t\t\t\t<\/div>\n\t\t\t\t<\/div>\n\t\t\t\t\t<\/div>\n\t\t\t\t<\/div>\n\t\t<div class=\"wd-negative-gap elementor-element elementor-element-a151ec2 e-flex e-con-boxed wd-section-disabled e-con e-parent\" data-id=\"a151ec2\" data-element_type=\"container\" data-e-type=\"container\">\n\t\t\t\t\t<div class=\"e-con-inner\">\n\t\t\t\t<div class=\"elementor-element elementor-element-1b98524 color-scheme-inherit text-left elementor-widget elementor-widget-text-editor\" data-id=\"1b98524\" data-element_type=\"widget\" data-e-type=\"widget\" data-widget_type=\"text-editor.default\">\n\t\t\t\t<div class=\"elementor-widget-container\">\n\t\t\t\t\t\t\t\t\t<p><br \/><strong>Wichtig:<\/strong> Personalisierte Produkte k\u00f6nnen nicht zur\u00fcckgegeben\/erstattet werden. Wenn die Bestellung an das Lager zur\u00fcckgeschickt wird, wird sie an den K\u00e4ufer zur\u00fcckgeschickt und die Versandkosten tr\u00e4gt der K\u00e4ufer.<\/p>\n<p>Sie k\u00f6nnen Ihren Schmuck bis zu 30 Kalendertage nach Erhalt Ihrer Bestellung auf eigene Kosten an uns zur\u00fccksenden. Bitte senden Sie uns zuerst eine E-Mail, <span style=\"text-decoration: underline;\">return@crisjoyas.com<\/span><\/p>\n<p><strong>Welche Geb\u00fchren fallen an, wenn ich eine vollst\u00e4ndige R\u00fcckerstattung oder einen Umtausch meiner Bestellung beantrage?<\/strong><\/p>\n<p>Volle R\u00fcckerstattung: F\u00fcr die R\u00fccksendung von Schmuck fallen keine Bearbeitungsgeb\u00fchren an. Sie m\u00fcssen den Schmuck per Post versenden und sind f\u00fcr die Versandkosten und etwaige Zollgeb\u00fchren verantwortlich.<br \/>Artikelumtausch: F\u00fcr jede Bestellung bietet CRISJOYAS einen kostenlosen Umtausch der Gr\u00f6\u00dfe oder des Schmucks ohne Bearbeitungsgeb\u00fchren an. F\u00fcr nachtr\u00e4gliche \u00c4nderungsw\u00fcnsche fallen Kosten in H\u00f6he von insgesamt 10,00 \u20ac an.<br \/>Ihr Paket muss versteuert und versandfertig bei uns eintreffen. Andernfalls wird das Paket automatisch zur\u00fcckgeschickt und die Anfrage abgelehnt.<\/p>\n<p>\u00a0<\/p>\n<p><strong>Noten:<\/strong><\/p>\n<p>Sie haben ab Erhalt Ihrer Bestellung 30 Kalendertage Zeit, die R\u00fccksendung abzuwickeln. <br \/>Sie erhalten Ihre R\u00fcckerstattung auf demselben Weg, auf dem Sie Ihren Kauf get\u00e4tigt haben, innerhalb von 30 Kalendertagen nach Erhalt des Pakets in unserem Lager. Bitte beachten Sie, dass die Versandkosten f\u00fcr die Erstbestellung nicht im f\u00e4lligen Betrag enthalten sind. <br \/>CRISJOYAS \u00fcbernimmt keine Verantwortung f\u00fcr etwaige Verluste des Pakets w\u00e4hrend des Versands und es liegt in der Verantwortung des Kunden, sicherzustellen, dass das Paket in einwandfreiem Zustand bei uns eintrifft.<\/p>\n<p>\u00a0<\/p>\n<p>\u00a0<\/p>\n<p>\u00a0<\/p>\t\t\t\t\t\t\t\t<\/div>\n\t\t\t\t<\/div>\n\t\t\t\t\t<\/div>\n\t\t\t\t<\/div>\n\t\t\t\t<\/div>","protected":false},"excerpt":{"rendered":"<p>\u00bfCu\u00e1les son las opciones de devoluci\u00f3n Fuera de Europa? Importante: los productos personalizados no pueden ser devueltos \/ reembolsados. En<\/p>","protected":false},"author":1,"featured_media":0,"parent":0,"menu_order":0,"comment_status":"closed","ping_status":"closed","template":"","meta":{"_themeisle_gutenberg_block_has_review":false,"footnotes":""},"class_list":["post-722","page","type-page","status-publish","hentry"],"_links":{"self":[{"href":"https:\/\/www.crisjoyas.com\/de\/wp-json\/wp\/v2\/pages\/722","targetHints":{"allow":["GET"]}}],"collection":[{"href":"https:\/\/www.crisjoyas.com\/de\/wp-json\/wp\/v2\/pages"}],"about":[{"href":"https:\/\/www.crisjoyas.com\/de\/wp-json\/wp\/v2\/types\/page"}],"author":[{"embeddable":true,"href":"https:\/\/www.crisjoyas.com\/de\/wp-json\/wp\/v2\/users\/1"}],"replies":[{"embeddable":true,"href":"https:\/\/www.crisjoyas.com\/de\/wp-json\/wp\/v2\/comments?post=722"}],"version-history":[{"count":4,"href":"https:\/\/www.crisjoyas.com\/de\/wp-json\/wp\/v2\/pages\/722\/revisions"}],"predecessor-version":[{"id":726,"href":"https:\/\/www.crisjoyas.com\/de\/wp-json\/wp\/v2\/pages\/722\/revisions\/726"}],"wp:attachment":[{"href":"https:\/\/www.crisjoyas.com\/de\/wp-json\/wp\/v2\/media?parent=722"}],"curies":[{"name":"wp","href":"https:\/\/api.w.org\/{rel}","templated":true}]}}