{"id":887,"date":"2022-05-10T15:55:10","date_gmt":"2022-05-10T13:55:10","guid":{"rendered":"http:\/\/crisjoyas.com\/?page_id=887"},"modified":"2022-05-10T16:00:13","modified_gmt":"2022-05-10T14:00:13","slug":"cuidado-de-joyas","status":"publish","type":"page","link":"https:\/\/www.crisjoyas.com\/de\/cuidado-de-joyas\/","title":{"rendered":"Schmuckpflege"},"content":{"rendered":"<div data-elementor-type=\"wp-page\" data-elementor-id=\"887\" class=\"elementor elementor-887\" data-elementor-post-type=\"page\">\n\t\t\t\t\t\t<section class=\"elementor-section elementor-top-section elementor-element elementor-element-3d4c052c elementor-section-boxed elementor-section-height-default elementor-section-height-default wd-section-disabled\" data-id=\"3d4c052c\" data-element_type=\"section\" data-e-type=\"section\">\n\t\t\t\t\t\t<div class=\"elementor-container elementor-column-gap-default\">\n\t\t\t\t\t<div class=\"elementor-column elementor-col-100 elementor-top-column elementor-element elementor-element-4334a144\" data-id=\"4334a144\" data-element_type=\"column\" data-e-type=\"column\">\n\t\t\t<div class=\"elementor-widget-wrap elementor-element-populated\">\n\t\t\t\t\t\t<div class=\"elementor-element elementor-element-1eb3df3a color-scheme-inherit text-left elementor-widget elementor-widget-text-editor\" data-id=\"1eb3df3a\" data-element_type=\"widget\" data-e-type=\"widget\" data-widget_type=\"text-editor.default\">\n\t\t\t\t<div class=\"elementor-widget-container\">\n\t\t\t\t\t\t\t\t\t\n<div id=\"wp-block-themeisle-blocks-advanced-columns-81c6a984\" class=\"wp-block-themeisle-blocks-advanced-columns has-1-columns has-desktop-equal-layout has-tablet-equal-layout has-mobile-equal-layout has-vertical-unset\">\n<div class=\"wp-block-themeisle-blocks-advanced-columns-overlay\">\u00a0<\/div>\n<div class=\"innerblocks-wrap\">\n<div id=\"wp-block-themeisle-blocks-advanced-column-8091f794\" class=\"wp-block-themeisle-blocks-advanced-column\">\n<h3 class=\"wp-block-heading\">Wie pflege ich meinen Schmuck?<\/h3>\n<\/div>\n<\/div>\n<\/div>\n\n<p>Bewahren Sie die Sch\u00f6nheit, den Glanz und die Langlebigkeit Ihres Schmucks.<\/p>\n\n<p>Einfache M\u00f6glichkeiten, damit Ihr Schmuck immer sch\u00f6n (und strahlend) aussieht:<\/p>\n\n<p>Vermeiden Sie den Kontakt mit Chemikalien oder \u00e4tzenden Produkten wie Parf\u00fcm oder Kosmetikprodukten.<br \/>Legen Sie beim Baden oder Schwimmen Ihren Schmuck ab. Vermeiden Sie den Kontakt mit Chlor, Sand oder Meerwasser.<br \/>Legen Sie Ihren Schmuck vor dem Sport oder anderen k\u00f6rperlichen Aktivit\u00e4ten ab, um ihn St\u00f6\u00dfen oder Schwei\u00df auszusetzen.<br \/>Tragen Sie Ihren Schmuck nicht beim Schlafen, um eine versehentliche Besch\u00e4digung zu vermeiden.<br \/>Bewahren Sie Ihren Schmuck an einem sauberen, k\u00fchlen und trockenen Ort auf. Vermeiden Sie extreme Temperaturen und direkte Sonneneinstrahlung.<\/p>\n\n<h3 class=\"wp-block-heading\">Kann ich mit meinem Schmuck baden?<\/h3>\n\n<p>CRISJOYAS ist eine zeitlose Investition. Durch die gute Pflege Ihres Schmucks bleiben seine Pracht, sein Glanz und seine Langlebigkeit erhalten. Nachfolgend finden Sie einige hilfreiche Tipps zur Pflege und Instandhaltung Ihres Schmucks (und es ist nicht schwierig!)<\/p>\n\n<p>Helligkeit beibehalten<\/p>\n\n<p>Alle CRISJOYAS-Artikel wurden mit einer Technik behandelt, die hilft, Glanzverlust zu verhindern. Dennoch ist es wichtig, die folgenden \u00dcberlegungen zu ber\u00fccksichtigen, um den guten Zustand im Laufe der Zeit zu optimieren:<\/p>\n\n<p>Ihr Schmuck kann seinen Glanz verlieren, wenn er l\u00e4ngere Zeit im Freien ausgesetzt ist.<br \/>Der Glanzverlust bzw. das Anlaufen ist ein nat\u00fcrlicher Prozess, der durch Waschen behoben werden kann.<br \/>Wir empfehlen dringend, vor dem Schlafengehen, Duschen oder jeder k\u00f6rperlichen Aktivit\u00e4t jeglichen Schmuck abzulegen.<br \/>Der Kontakt mit bestimmten Chemikalien oder Umgebungen kann die Unversehrtheit Ihres Schmucks beeintr\u00e4chtigen. Hierzu z\u00e4hlen (jedoch ohne darauf beschr\u00e4nkt zu sein): Schwei\u00df, Parf\u00fcm\/Eau de Cologne, Reinigungsmittel, Chlor, Salzwasser, Silberpolitur usw.<\/p>\n\n<p>Reinigen Sie Ihren Schmuck<br \/>Mischen Sie ein wenig Seife mit halbwarmem Wasser und schrubben Sie den Gegenstand mit einer weichen Zahnb\u00fcrste. Zahnb\u00fcrsten eignen sich ideal zum Reinigen von Schmuck mit schwer erreichbaren Ecken. Wenn die Verschmutzung bestehen bleibt, f\u00fchren Sie den gleichen Vorgang mit klarem Wasser durch. Wichtig: Vergoldete St\u00fccke erfordern besondere Pflege. \u00dcberm\u00e4\u00dfiges Schrubben kann dazu f\u00fchren, dass die Badewanne stumpf wird. Gehen Sie daher vorsichtig vor, um eine Besch\u00e4digung der Badewanne zu vermeiden. Mit einem Silberpoliertuch k\u00f6nnen Sie Ihren Schmuck wieder zum Gl\u00e4nzen bringen, wenn er mit der Zeit angelaufen ist. Mit dieser Technik lassen sich jedoch keine Kratzer oder Dellen entfernen, die das St\u00fcck m\u00f6glicherweise aufweist.<\/p>\n\n<p>So bewahren Sie Ihren Schmuck auf<br \/>Bewahren Sie Ihren Schmuck stets vor Sonnenlicht und warmen Orten gesch\u00fctzt auf, idealerweise in einer gepolsterten Schmuckschatulle oder einem anlaufgesch\u00fctzten Beutel. Sie k\u00f6nnen auch in einzelnen hermetisch verschlossenen Plastikbeuteln (Polyethylen) aufbewahrt werden. Verwenden Sie niemals Beh\u00e4lter aus Gummi, da diese das Anlaufen der Teile beschleunigen und wahrscheinlich zu einer Schwarzf\u00e4rbung f\u00fchren. Bewahren Sie Ihren Schmuck auf keinen Fall im Badezimmer oder an feuchten Orten auf. Bitte beachten Sie, dass die CRISJOYAS-Boxen nicht daf\u00fcr ausgelegt sind, Artikel \u00fcber l\u00e4ngere Zeit in einwandfreiem Zustand aufzubewahren, da es sich nicht um luftdichte Beh\u00e4lter handelt und es bei Nichtgebrauch mit der Zeit zu Farbver\u00e4nderungen kommen kann.<\/p>\n\n<p>Wichtiger Hinweis<br \/>CRISJOYAS \u00fcbernimmt keine Garantie daf\u00fcr, dass die Vergoldung unserer Modelle ewig h\u00e4lt. Vergoldete St\u00fccke sind grunds\u00e4tzlich zerbrechlicher und neigen dazu, mit der Zeit ihre Farbe zu verlieren. Die Geschwindigkeit, mit der diese Farbe verblasst, h\u00e4ngt von mehreren Faktoren ab, beispielsweise von der Verwendung von Chemikalien auf der Haut, der Menge an K\u00f6rperschwei\u00df oder sogar dem pH-Wert der Haut einer Person. Aus diesem Grund ist es besonders wichtig, Ihren vergoldeten Schmuck richtig zu pflegen.<\/p>\n<p>\u00a0<\/p>\n<p>\u00a0<\/p>\n<p>\u00a0<\/p>\n\t\t\t\t\t\t\t\t<\/div>\n\t\t\t\t<\/div>\n\t\t\t\t\t<\/div>\n\t\t<\/div>\n\t\t\t\t\t<\/div>\n\t\t<\/section>\n\t\t\t\t<\/div>","protected":false},"excerpt":{"rendered":"<p>Preserva la belleza, brillo y longevidad de tus joyas. Modos sencillos de mantener tus joyas en su mejor (y m\u00e1s<\/p>","protected":false},"author":1,"featured_media":0,"parent":0,"menu_order":0,"comment_status":"closed","ping_status":"closed","template":"","meta":{"_themeisle_gutenberg_block_has_review":false,"footnotes":""},"class_list":["post-887","page","type-page","status-publish","hentry"],"_links":{"self":[{"href":"https:\/\/www.crisjoyas.com\/de\/wp-json\/wp\/v2\/pages\/887","targetHints":{"allow":["GET"]}}],"collection":[{"href":"https:\/\/www.crisjoyas.com\/de\/wp-json\/wp\/v2\/pages"}],"about":[{"href":"https:\/\/www.crisjoyas.com\/de\/wp-json\/wp\/v2\/types\/page"}],"author":[{"embeddable":true,"href":"https:\/\/www.crisjoyas.com\/de\/wp-json\/wp\/v2\/users\/1"}],"replies":[{"embeddable":true,"href":"https:\/\/www.crisjoyas.com\/de\/wp-json\/wp\/v2\/comments?post=887"}],"version-history":[{"count":14,"href":"https:\/\/www.crisjoyas.com\/de\/wp-json\/wp\/v2\/pages\/887\/revisions"}],"predecessor-version":[{"id":902,"href":"https:\/\/www.crisjoyas.com\/de\/wp-json\/wp\/v2\/pages\/887\/revisions\/902"}],"wp:attachment":[{"href":"https:\/\/www.crisjoyas.com\/de\/wp-json\/wp\/v2\/media?parent=887"}],"curies":[{"name":"wp","href":"https:\/\/api.w.org\/{rel}","templated":true}]}}