{"id":903,"date":"2022-05-10T16:02:06","date_gmt":"2022-05-10T14:02:06","guid":{"rendered":"http:\/\/crisjoyas.com\/?page_id=903"},"modified":"2022-05-12T18:38:16","modified_gmt":"2022-05-12T16:38:16","slug":"faq","status":"publish","type":"page","link":"https:\/\/www.crisjoyas.com\/de\/faq\/","title":{"rendered":"H\u00e4ufig gestellte Fragen"},"content":{"rendered":"<div data-elementor-type=\"wp-page\" data-elementor-id=\"903\" class=\"elementor elementor-903\" data-elementor-post-type=\"page\">\n\t\t\t\t\t\t<section class=\"wd-negative-gap elementor-section elementor-top-section elementor-element elementor-element-5e584fdc elementor-section-boxed elementor-section-height-default elementor-section-height-default wd-section-disabled\" data-id=\"5e584fdc\" data-element_type=\"section\" data-e-type=\"section\">\n\t\t\t\t\t\t<div class=\"elementor-container elementor-column-gap-default\">\n\t\t\t\t\t<div class=\"elementor-column elementor-col-100 elementor-top-column elementor-element elementor-element-7126f3ce\" data-id=\"7126f3ce\" data-element_type=\"column\" data-e-type=\"column\">\n\t\t\t<div class=\"elementor-widget-wrap elementor-element-populated\">\n\t\t\t\t\t\t<div class=\"elementor-element elementor-element-41f137cf color-scheme-inherit text-left elementor-widget elementor-widget-text-editor\" data-id=\"41f137cf\" data-element_type=\"widget\" data-e-type=\"widget\" data-widget_type=\"text-editor.default\">\n\t\t\t\t<div class=\"elementor-widget-container\">\n\t\t\t\t\t\t\t\t\t\n<div id=\"wp-block-themeisle-blocks-advanced-columns-1a711fbb\" class=\"wp-block-themeisle-blocks-advanced-columns has-0-columns has-desktop-undefined-layout has-tablet-equal-layout has-mobile-equal-layout has-vertical-unset\"><div class=\"wp-block-themeisle-blocks-advanced-columns-overlay\"><\/div><div class=\"innerblocks-wrap\"><\/div><\/div>\n\t\t\t\t\t\t\t\t<\/div>\n\t\t\t\t<\/div>\n\t\t\t\t\t<\/div>\n\t\t<\/div>\n\t\t\t\t\t<\/div>\n\t\t<\/section>\n\t\t<div class=\"wd-negative-gap elementor-element elementor-element-11abeb4 e-flex e-con-boxed wd-section-disabled e-con e-parent\" data-id=\"11abeb4\" data-element_type=\"container\" data-e-type=\"container\">\n\t\t\t\t\t<div class=\"e-con-inner\">\n\t\t\t\t<div class=\"elementor-element elementor-element-8add8de elementor-widget elementor-widget-heading\" data-id=\"8add8de\" data-element_type=\"widget\" data-e-type=\"widget\" data-widget_type=\"heading.default\">\n\t\t\t\t<div class=\"elementor-widget-container\">\n\t\t\t\t\t<h2 class=\"elementor-heading-title elementor-size-default\">H\u00e4ufig gestellte Fragen<\/h2>\t\t\t\t<\/div>\n\t\t\t\t<\/div>\n\t\t\t\t\t<\/div>\n\t\t\t\t<\/div>\n\t\t<div class=\"wd-negative-gap elementor-element elementor-element-470d9de e-flex e-con-boxed wd-section-disabled e-con e-parent\" data-id=\"470d9de\" data-element_type=\"container\" data-e-type=\"container\">\n\t\t\t\t\t<div class=\"e-con-inner\">\n\t\t\t\t<div class=\"elementor-element elementor-element-cd2bdd6 color-scheme-inherit text-left elementor-widget elementor-widget-text-editor\" data-id=\"cd2bdd6\" data-element_type=\"widget\" data-e-type=\"widget\" data-widget_type=\"text-editor.default\">\n\t\t\t\t<div class=\"elementor-widget-container\">\n\t\t\t\t\t\t\t\t\t<h3>\u00a0<\/h3>\n<h3><a href=\"https:\/\/www.crisjoyas.com\/de\/en-que-paises-entregais\/\">In welche L\u00e4nder liefern Sie?<\/a><\/h3>\n<h3><a href=\"https:\/\/www.crisjoyas.com\/de\/puedo-modificar-mi-pedido-una-vez-realizado\/\">Kann ich meine Bestellung nachtr\u00e4glich noch \u00e4ndern?<\/a><\/h3>\n<h3><a href=\"https:\/\/www.crisjoyas.com\/de\/he-realizado-un-pedido-pero-no-he-recibido-el-mail-de-confirmacion-que-significa-2\/\">Ich habe eine Bestellung aufgegeben, aber keine Best\u00e4tigungs-E-Mail erhalten. <\/a><\/h3>\n<h3><a href=\"https:\/\/www.crisjoyas.com\/de\/he-realizado-un-pedido-pero-no-he-recibido-el-mail-de-confirmacion-que-significa-2\/\">Was bedeutet das?<\/a><\/h3>\n<h3><a href=\"https:\/\/www.crisjoyas.com\/de\/envolveis-para-regalo\/\"><strong>Verpacken Sie Geschenke?<\/strong><\/a><\/h3>\n<h3><a href=\"https:\/\/www.crisjoyas.com\/de\/cual-es-el-periodo-para-hacer-una-devolucion\/\">Wie lange ist die R\u00fcckgabefrist?<\/a><\/h3>\n<h3><a href=\"https:\/\/www.crisjoyas.com\/de\/como-puedo-rastrear-mi-pedido\/\">Wie kann ich meine Bestellung verfolgen?<\/a><\/h3>\n<h3><a href=\"https:\/\/www.crisjoyas.com\/de\/puedo-cancelar-mi-pedido\/\">Kann ich meine Bestellung stornieren?<\/a><\/h3>\n<h3><a href=\"https:\/\/www.crisjoyas.com\/de\/que-debo-hacer-para-realizar-una-devolucion\/\">Was muss ich tun, um eine R\u00fccksendung vorzunehmen?<\/a><\/h3>\n<h3>\u00a0<\/h3>\n<h3>\u00a0<\/h3>\n<h3>\u00a0<\/h3>\n<h3>\u00a0<\/h3>\n<h3>\u00a0<\/h3>\t\t\t\t\t\t\t\t<\/div>\n\t\t\t\t<\/div>\n\t\t\t\t\t<\/div>\n\t\t\t\t<\/div>\n\t\t\t\t<\/div>","protected":false},"excerpt":{"rendered":"<p>FAQ &nbsp; \u00bfEn qu\u00e9 pa\u00edses entreg\u00e1is? \u00bfPuedo modificar mi pedido una vez realizado? He realizado un pedido pero no he<\/p>","protected":false},"author":1,"featured_media":0,"parent":0,"menu_order":0,"comment_status":"closed","ping_status":"closed","template":"","meta":{"_themeisle_gutenberg_block_has_review":false,"footnotes":""},"class_list":["post-903","page","type-page","status-publish","hentry"],"_links":{"self":[{"href":"https:\/\/www.crisjoyas.com\/de\/wp-json\/wp\/v2\/pages\/903","targetHints":{"allow":["GET"]}}],"collection":[{"href":"https:\/\/www.crisjoyas.com\/de\/wp-json\/wp\/v2\/pages"}],"about":[{"href":"https:\/\/www.crisjoyas.com\/de\/wp-json\/wp\/v2\/types\/page"}],"author":[{"embeddable":true,"href":"https:\/\/www.crisjoyas.com\/de\/wp-json\/wp\/v2\/users\/1"}],"replies":[{"embeddable":true,"href":"https:\/\/www.crisjoyas.com\/de\/wp-json\/wp\/v2\/comments?post=903"}],"version-history":[{"count":11,"href":"https:\/\/www.crisjoyas.com\/de\/wp-json\/wp\/v2\/pages\/903\/revisions"}],"predecessor-version":[{"id":1112,"href":"https:\/\/www.crisjoyas.com\/de\/wp-json\/wp\/v2\/pages\/903\/revisions\/1112"}],"wp:attachment":[{"href":"https:\/\/www.crisjoyas.com\/de\/wp-json\/wp\/v2\/media?parent=903"}],"curies":[{"name":"wp","href":"https:\/\/api.w.org\/{rel}","templated":true}]}}