{"id":16295,"date":"2024-04-22T12:51:21","date_gmt":"2024-04-22T10:51:21","guid":{"rendered":"https:\/\/www.crisjoyas.com\/?post_type=product&#038;p=16295"},"modified":"2025-01-23T10:12:21","modified_gmt":"2025-01-23T09:12:21","slug":"piercing-de-oreja-de-sonrisa-de-plata-de-ley-925-con-circonita","status":"publish","type":"product","link":"https:\/\/www.crisjoyas.com\/de\/product\/piercing-de-oreja-de-sonrisa-de-plata-de-ley-925-con-circonita\/","title":{"rendered":"925 Sterling Silber Smile Ohrpiercing mit Zirkonia"},"content":{"rendered":"<p>Ein helles und vielseitiges Ohrpiercing.<\/p>\n<p>Wir empfehlen, es mit anderem Schmuck zu kombinieren, um einen idealen Look zu erzielen!<\/p>\n<p>Das Ohrpiercing ist aus 925 Sterling Silber gefertigt.<\/p>\n<p>Bei Fragen k\u00f6nnen Sie uns gerne kontaktieren!<\/p>\n<p>Entdecken Sie mehr unter Piercings.<\/p>\n<ul>\n<li>MATERIAL: 925 Sterling Silber<\/li>\n<li>STEIN: Zirkonia<\/li>\n<li>STEINDURCHMESSER: 1-2mm<\/li>\n<li>VERSCHLUSSART: Fl\u00fcgelmutter<\/li>\n<li>GR\u00d6SSE: 9 mm x 2 mm<\/li>\n<\/ul>\n<p><strong>Paketliste:<\/strong><\/p>\n<p>Ohrlochstechen * 2<\/p>\n<p>Crisjoyas-Box * 1<\/p>\n<p>Schmucktuch * 1<\/p>\n<p>Garantiekarte * 1<\/p>\n<p><strong>Versand und R\u00fccksendung:<\/strong><\/p>\n<p>Ihre Bestellung wird innerhalb von 24 Gesch\u00e4ftsstunden nach Erhalt Ihrer Bestellbest\u00e4tigungs-E-Mail versandt. Normalerweise erhalten Sie die Produkte innerhalb von 2-15 Tagen. Sie haben 30 Tage Zeit, um R\u00fccksendungen oder Umtausch vorzunehmen.<\/p>","protected":false},"excerpt":{"rendered":"<p>100% aus 925 Sterling Silber<\/p>\n<p>&nbsp;<\/p>\n<p>&nbsp;<\/p>","protected":false},"featured_media":16301,"comment_status":"open","ping_status":"closed","template":"","meta":{"_themeisle_gutenberg_block_has_review":false},"product_brand":[],"product_cat":[54,55,46,92],"product_tag":[94],"class_list":{"0":"post-16295","1":"product","2":"type-product","3":"status-publish","4":"has-post-thumbnail","6":"product_cat-colecciones","7":"product_cat-cristales","8":"product_cat-novedades","9":"product_cat-piercings","10":"product_tag-piercing-oreja","12":"first","13":"instock","14":"sale","15":"shipping-taxable","16":"purchasable","17":"product-type-simple"},"_links":{"self":[{"href":"https:\/\/www.crisjoyas.com\/de\/wp-json\/wp\/v2\/product\/16295","targetHints":{"allow":["GET"]}}],"collection":[{"href":"https:\/\/www.crisjoyas.com\/de\/wp-json\/wp\/v2\/product"}],"about":[{"href":"https:\/\/www.crisjoyas.com\/de\/wp-json\/wp\/v2\/types\/product"}],"replies":[{"embeddable":true,"href":"https:\/\/www.crisjoyas.com\/de\/wp-json\/wp\/v2\/comments?post=16295"}],"version-history":[{"count":2,"href":"https:\/\/www.crisjoyas.com\/de\/wp-json\/wp\/v2\/product\/16295\/revisions"}],"predecessor-version":[{"id":16735,"href":"https:\/\/www.crisjoyas.com\/de\/wp-json\/wp\/v2\/product\/16295\/revisions\/16735"}],"wp:featuredmedia":[{"embeddable":true,"href":"https:\/\/www.crisjoyas.com\/de\/wp-json\/wp\/v2\/media\/16301"}],"wp:attachment":[{"href":"https:\/\/www.crisjoyas.com\/de\/wp-json\/wp\/v2\/media?parent=16295"}],"wp:term":[{"taxonomy":"product_brand","embeddable":true,"href":"https:\/\/www.crisjoyas.com\/de\/wp-json\/wp\/v2\/product_brand?post=16295"},{"taxonomy":"product_cat","embeddable":true,"href":"https:\/\/www.crisjoyas.com\/de\/wp-json\/wp\/v2\/product_cat?post=16295"},{"taxonomy":"product_tag","embeddable":true,"href":"https:\/\/www.crisjoyas.com\/de\/wp-json\/wp\/v2\/product_tag?post=16295"}],"curies":[{"name":"wp","href":"https:\/\/api.w.org\/{rel}","templated":true}]}}