{"id":16440,"date":"2024-08-10T18:55:52","date_gmt":"2024-08-10T16:55:52","guid":{"rendered":"https:\/\/www.crisjoyas.com\/?post_type=product&#038;p=16440"},"modified":"2025-01-23T10:11:28","modified_gmt":"2025-01-23T09:11:28","slug":"pendientes-pequeno-de-mariposa-de-plata-925-piercing-de-oreja-para-mujer","status":"publish","type":"product","link":"https:\/\/www.crisjoyas.com\/de\/product\/pendientes-pequeno-de-mariposa-de-plata-925-piercing-de-oreja-para-mujer\/","title":{"rendered":"925 Silber kleine Schmetterling Ohrringe Ohrpiercing f\u00fcr Frauen"},"content":{"rendered":"<p><strong>Bei Fragen k\u00f6nnen Sie uns gerne kontaktieren!<\/strong><\/p>\n<p><strong>Entdecken Sie mehr unter Ohrringe.<\/strong><\/p>\n<ul>\n<li>MATERIAL: 925 Sterling Silber<\/li>\n<li>VERSCHLUSSTYP: Kugelmutter<\/li>\n<li>GR\u00d6SSE: 11 mm x 10 mm<\/li>\n<\/ul>\n<p><strong>Paketliste:<\/strong><\/p>\n<p>Ohrringe * 2<\/p>\n<p>Crisjoyas-Box * 1<\/p>\n<p>Schmucktuch * 1<\/p>\n<p>Garantiekarte * 1<\/p>\n<p><strong>Versand und R\u00fccksendung:<\/strong><\/p>\n<p>Ihre Bestellung wird innerhalb von 24 Gesch\u00e4ftsstunden nach Erhalt Ihrer Bestellbest\u00e4tigungs-E-Mail versandt. Normalerweise erhalten Sie die Produkte innerhalb von 2-15 Tagen. Sie haben 30 Tage Zeit, um R\u00fccksendungen oder Umtausch vorzunehmen.<\/p>","protected":false},"excerpt":{"rendered":"<p>100% aus 925er Sterlingsilber!<\/p>\n<p>&nbsp;<\/p>","protected":false},"featured_media":16446,"comment_status":"open","ping_status":"closed","template":"","meta":{"_themeisle_gutenberg_block_has_review":false},"product_brand":[],"product_cat":[54,65,46,92],"product_tag":[40,254],"class_list":{"0":"post-16440","1":"product","2":"type-product","3":"status-publish","4":"has-post-thumbnail","6":"product_cat-colecciones","7":"product_cat-mariposa","8":"product_cat-novedades","9":"product_cat-piercings","10":"product_tag-mariposa","11":"product_tag-novia","13":"first","14":"instock","15":"sale","16":"shipping-taxable","17":"purchasable","18":"product-type-simple"},"_links":{"self":[{"href":"https:\/\/www.crisjoyas.com\/de\/wp-json\/wp\/v2\/product\/16440","targetHints":{"allow":["GET"]}}],"collection":[{"href":"https:\/\/www.crisjoyas.com\/de\/wp-json\/wp\/v2\/product"}],"about":[{"href":"https:\/\/www.crisjoyas.com\/de\/wp-json\/wp\/v2\/types\/product"}],"replies":[{"embeddable":true,"href":"https:\/\/www.crisjoyas.com\/de\/wp-json\/wp\/v2\/comments?post=16440"}],"version-history":[{"count":2,"href":"https:\/\/www.crisjoyas.com\/de\/wp-json\/wp\/v2\/product\/16440\/revisions"}],"predecessor-version":[{"id":16743,"href":"https:\/\/www.crisjoyas.com\/de\/wp-json\/wp\/v2\/product\/16440\/revisions\/16743"}],"wp:featuredmedia":[{"embeddable":true,"href":"https:\/\/www.crisjoyas.com\/de\/wp-json\/wp\/v2\/media\/16446"}],"wp:attachment":[{"href":"https:\/\/www.crisjoyas.com\/de\/wp-json\/wp\/v2\/media?parent=16440"}],"wp:term":[{"taxonomy":"product_brand","embeddable":true,"href":"https:\/\/www.crisjoyas.com\/de\/wp-json\/wp\/v2\/product_brand?post=16440"},{"taxonomy":"product_cat","embeddable":true,"href":"https:\/\/www.crisjoyas.com\/de\/wp-json\/wp\/v2\/product_cat?post=16440"},{"taxonomy":"product_tag","embeddable":true,"href":"https:\/\/www.crisjoyas.com\/de\/wp-json\/wp\/v2\/product_tag?post=16440"}],"curies":[{"name":"wp","href":"https:\/\/api.w.org\/{rel}","templated":true}]}}