{"id":16570,"date":"2024-10-10T16:21:21","date_gmt":"2024-10-10T14:21:21","guid":{"rendered":"https:\/\/www.crisjoyas.com\/?post_type=product&#038;p=16570"},"modified":"2024-10-10T16:21:21","modified_gmt":"2024-10-10T14:21:21","slug":"collar-de-mariposas-para-mujer-de-plata-925-chapada-en-oro-18k-regalo-original","status":"publish","type":"product","link":"https:\/\/www.crisjoyas.com\/de\/product\/collar-de-mariposas-para-mujer-de-plata-925-chapada-en-oro-18k-regalo-original\/","title":{"rendered":"Schmetterlingskette f\u00fcr Damen aus 925er Silber, vergoldet mit 18 Karat, originelles Geschenk"},"content":{"rendered":"<p>Bei Fragen k\u00f6nnen Sie sich gerne an uns wenden.<\/p>\n<p>Wir helfen Ihnen gerne!<\/p>\n<p>Entdecken Sie mehr unter Halsketten.<\/p>\n<ul>\n<li>MATERIAL: 925 Sterling Silber<\/li>\n<li>FINISH: 18 Karat vergoldet<\/li>\n<li>STEIN: Zirkonia<\/li>\n<li>KETTENMESSUNG: Verstellbare Kette von 40 cm + 5 cm, insgesamt misst sie 45 cm<\/li>\n<\/ul>\n<p>&nbsp;<\/p>\n<p><strong>Paketliste:<\/strong><\/p>\n<p>Halskette * 1<\/p>\n<p>Crisjoyas-Box * 1<\/p>\n<p>Schmucktuch * 1<\/p>\n<p>Garantiekarte * 1<\/p>\n<p>&nbsp;<\/p>\n<p><strong>Versand und R\u00fccksendung:<\/strong><\/p>\n<p>Ihre Bestellung wird innerhalb von 24 Gesch\u00e4ftsstunden nach Erhalt Ihrer Bestellbest\u00e4tigungs-E-Mail versandt. Normalerweise erhalten Sie die Produkte innerhalb von 2-15 Tagen. Sie haben 30 Tage Zeit, um R\u00fccksendungen oder Umtausch vorzunehmen.<\/p>\n<p>&nbsp;<\/p>","protected":false},"excerpt":{"rendered":"<p>100% aus 925er Sterlingsilber.<\/p>\n<p>Kostenloser Versand in Spanien ab 38 \u20ac!<\/p>","protected":false},"featured_media":16584,"comment_status":"open","ping_status":"closed","template":"","meta":{"_themeisle_gutenberg_block_has_review":false},"product_brand":[],"product_cat":[54,23,55,65,46],"product_tag":[40,243],"class_list":{"0":"post-16570","1":"product","2":"type-product","3":"status-publish","4":"has-post-thumbnail","6":"product_cat-colecciones","7":"product_cat-collares","8":"product_cat-cristales","9":"product_cat-mariposa","10":"product_cat-novedades","11":"product_tag-mariposa","12":"product_tag-regalo","13":"product_shipping_class-envio-estandarlos-pedidos-seran-recibidos-antes-del-3-dias","15":"first","16":"instock","17":"sale","18":"shipping-taxable","19":"purchasable","20":"product-type-simple"},"_links":{"self":[{"href":"https:\/\/www.crisjoyas.com\/de\/wp-json\/wp\/v2\/product\/16570","targetHints":{"allow":["GET"]}}],"collection":[{"href":"https:\/\/www.crisjoyas.com\/de\/wp-json\/wp\/v2\/product"}],"about":[{"href":"https:\/\/www.crisjoyas.com\/de\/wp-json\/wp\/v2\/types\/product"}],"replies":[{"embeddable":true,"href":"https:\/\/www.crisjoyas.com\/de\/wp-json\/wp\/v2\/comments?post=16570"}],"version-history":[{"count":1,"href":"https:\/\/www.crisjoyas.com\/de\/wp-json\/wp\/v2\/product\/16570\/revisions"}],"predecessor-version":[{"id":16589,"href":"https:\/\/www.crisjoyas.com\/de\/wp-json\/wp\/v2\/product\/16570\/revisions\/16589"}],"wp:featuredmedia":[{"embeddable":true,"href":"https:\/\/www.crisjoyas.com\/de\/wp-json\/wp\/v2\/media\/16584"}],"wp:attachment":[{"href":"https:\/\/www.crisjoyas.com\/de\/wp-json\/wp\/v2\/media?parent=16570"}],"wp:term":[{"taxonomy":"product_brand","embeddable":true,"href":"https:\/\/www.crisjoyas.com\/de\/wp-json\/wp\/v2\/product_brand?post=16570"},{"taxonomy":"product_cat","embeddable":true,"href":"https:\/\/www.crisjoyas.com\/de\/wp-json\/wp\/v2\/product_cat?post=16570"},{"taxonomy":"product_tag","embeddable":true,"href":"https:\/\/www.crisjoyas.com\/de\/wp-json\/wp\/v2\/product_tag?post=16570"}],"curies":[{"name":"wp","href":"https:\/\/api.w.org\/{rel}","templated":true}]}}