{"id":16641,"date":"2024-11-06T12:28:48","date_gmt":"2024-11-06T11:28:48","guid":{"rendered":"https:\/\/www.crisjoyas.com\/?post_type=product&#038;p=16641"},"modified":"2025-05-07T09:10:17","modified_gmt":"2025-05-07T07:10:17","slug":"collar-de-plata-de-ley-925-con-circonita-para-mujer-regalo-perfecto","status":"publish","type":"product","link":"https:\/\/www.crisjoyas.com\/de\/product\/collar-de-plata-de-ley-925-con-circonita-para-mujer-regalo-perfecto\/","title":{"rendered":"925 Sterling Silber Zirkon Halskette f\u00fcr Frauen Perfektes Geschenk"},"content":{"rendered":"<p>Bei Fragen k\u00f6nnen Sie sich gerne an uns wenden.<\/p>\n<p>Wir helfen Ihnen gerne!<\/p>\n<p>Entdecken Sie mehr unter Halsketten.<\/p>\n<ul>\n<li>MATERIAL: 925 Sterling Silber<\/li>\n<li>FINISH: 18 Karat vergoldet<\/li>\n<li>STEIN: Zirkonia<\/li>\n<li>STEINDURCHMESSER: 6mm<\/li>\n<li>ANH\u00c4NGERGR\u00d6SSE: 7 mm x 7 mm<\/li>\n<li>KETTENMESSUNG: Verstellbare Kette von 40 cm + 5 cm, insgesamt misst sie 45 cm<\/li>\n<\/ul>\n<p>&nbsp;<\/p>\n<p><strong>Paketliste:<\/strong><\/p>\n<p>Halskette * 1<\/p>\n<p>Crisjoyas-Box * 1<\/p>\n<p>Schmucktuch * 1<\/p>\n<p>Garantiekarte * 1<\/p>\n<p>&nbsp;<\/p>\n<p><strong>Versand und R\u00fccksendung:<\/strong><\/p>\n<p>Ihre Bestellung wird innerhalb von 24 Gesch\u00e4ftsstunden nach Erhalt Ihrer Bestellbest\u00e4tigungs-E-Mail versandt. Normalerweise erhalten Sie die Produkte innerhalb von 2-15 Tagen. Sie haben 30 Tage Zeit, um R\u00fccksendungen oder Umtausch vorzunehmen.<\/p>","protected":false},"excerpt":{"rendered":"<p>100% aus 925er Sterlingsilber.<\/p>\n<p>Kostenloser Versand in Spanien ab 38 \u20ac!<\/p>","protected":false},"featured_media":16624,"comment_status":"open","ping_status":"closed","template":"","meta":{"_themeisle_gutenberg_block_has_review":false},"product_brand":[],"product_cat":[54,23,55,46],"product_tag":[],"class_list":{"0":"post-16641","1":"product","2":"type-product","3":"status-publish","4":"has-post-thumbnail","6":"product_cat-colecciones","7":"product_cat-collares","8":"product_cat-cristales","9":"product_cat-novedades","10":"product_shipping_class-envio-estandarlos-pedidos-seran-recibidos-antes-del-3-dias","12":"first","13":"instock","14":"sale","15":"shipping-taxable","16":"purchasable","17":"product-type-variable"},"_links":{"self":[{"href":"https:\/\/www.crisjoyas.com\/de\/wp-json\/wp\/v2\/product\/16641","targetHints":{"allow":["GET"]}}],"collection":[{"href":"https:\/\/www.crisjoyas.com\/de\/wp-json\/wp\/v2\/product"}],"about":[{"href":"https:\/\/www.crisjoyas.com\/de\/wp-json\/wp\/v2\/types\/product"}],"replies":[{"embeddable":true,"href":"https:\/\/www.crisjoyas.com\/de\/wp-json\/wp\/v2\/comments?post=16641"}],"version-history":[{"count":1,"href":"https:\/\/www.crisjoyas.com\/de\/wp-json\/wp\/v2\/product\/16641\/revisions"}],"predecessor-version":[{"id":16649,"href":"https:\/\/www.crisjoyas.com\/de\/wp-json\/wp\/v2\/product\/16641\/revisions\/16649"}],"wp:featuredmedia":[{"embeddable":true,"href":"https:\/\/www.crisjoyas.com\/de\/wp-json\/wp\/v2\/media\/16624"}],"wp:attachment":[{"href":"https:\/\/www.crisjoyas.com\/de\/wp-json\/wp\/v2\/media?parent=16641"}],"wp:term":[{"taxonomy":"product_brand","embeddable":true,"href":"https:\/\/www.crisjoyas.com\/de\/wp-json\/wp\/v2\/product_brand?post=16641"},{"taxonomy":"product_cat","embeddable":true,"href":"https:\/\/www.crisjoyas.com\/de\/wp-json\/wp\/v2\/product_cat?post=16641"},{"taxonomy":"product_tag","embeddable":true,"href":"https:\/\/www.crisjoyas.com\/de\/wp-json\/wp\/v2\/product_tag?post=16641"}],"curies":[{"name":"wp","href":"https:\/\/api.w.org\/{rel}","templated":true}]}}