{"id":16644,"date":"2024-11-06T12:44:32","date_gmt":"2024-11-06T11:44:32","guid":{"rendered":"https:\/\/www.crisjoyas.com\/?post_type=product&#038;p=16644"},"modified":"2026-02-24T09:45:15","modified_gmt":"2026-02-24T08:45:15","slug":"collar-de-trebol-de-cuatro-hojas-de-plata-925-con-cironita-para-novia-regalo","status":"publish","type":"product","link":"https:\/\/www.crisjoyas.com\/de\/product\/collar-de-trebol-de-cuatro-hojas-de-plata-925-con-cironita-para-novia-regalo\/","title":{"rendered":"925 Sterling Silber Vierbl\u00e4ttriges Kleeblatt Halskette mit Zirkonia als Geschenk f\u00fcr die Freundin"},"content":{"rendered":"<p>Bei Fragen k\u00f6nnen Sie sich gerne an uns wenden.<\/p>\n<p>Wir helfen Ihnen gerne!<\/p>\n<p>Entdecken Sie mehr unter Halsketten.<\/p>\n<ul>\n<li>MATERIAL: 925 Sterling Silber<\/li>\n<li>STEIN: Zirkonia<\/li>\n<li>ANH\u00c4NGERGR\u00d6SSE: 9 mm x 10 mm<\/li>\n<li>KETTENMESSUNG: Verstellbare Kette von 40 cm + 6 cm, insgesamt misst sie 46 cm<\/li>\n<\/ul>\n<p>&nbsp;<\/p>\n<p><strong>Paketliste:<\/strong><\/p>\n<p>Halskette * 1<\/p>\n<p>Crisjoyas-Box * 1<\/p>\n<p>Schmucktuch * 1<\/p>\n<p>Garantiekarte * 1<\/p>\n<p>&nbsp;<\/p>\n<p><strong>Versand und R\u00fccksendung:<\/strong><\/p>\n<p>Ihre Bestellung wird innerhalb von 24 Gesch\u00e4ftsstunden nach Erhalt Ihrer Bestellbest\u00e4tigungs-E-Mail versandt. Normalerweise erhalten Sie die Produkte innerhalb von 2-15 Tagen. Sie haben 30 Tage Zeit, um R\u00fccksendungen oder Umtausch vorzunehmen.<\/p>\n<p>&nbsp;<\/p>\n<p>&nbsp;<\/p>","protected":false},"excerpt":{"rendered":"<p>100% aus 925er Sterlingsilber.<\/p>\n<p>Kostenloser Versand in Spanien ab 38 \u20ac!<\/p>","protected":false},"featured_media":16655,"comment_status":"open","ping_status":"closed","template":"","meta":{"_themeisle_gutenberg_block_has_review":false},"product_brand":[],"product_cat":[54,23,55,46],"product_tag":[259],"class_list":{"0":"post-16644","1":"product","2":"type-product","3":"status-publish","4":"has-post-thumbnail","6":"product_cat-colecciones","7":"product_cat-collares","8":"product_cat-cristales","9":"product_cat-novedades","10":"product_tag-hoja","11":"product_shipping_class-envio-estandarlos-pedidos-seran-recibidos-antes-del-3-dias","13":"first","14":"instock","15":"sale","16":"shipping-taxable","17":"purchasable","18":"product-type-simple"},"_links":{"self":[{"href":"https:\/\/www.crisjoyas.com\/de\/wp-json\/wp\/v2\/product\/16644","targetHints":{"allow":["GET"]}}],"collection":[{"href":"https:\/\/www.crisjoyas.com\/de\/wp-json\/wp\/v2\/product"}],"about":[{"href":"https:\/\/www.crisjoyas.com\/de\/wp-json\/wp\/v2\/types\/product"}],"replies":[{"embeddable":true,"href":"https:\/\/www.crisjoyas.com\/de\/wp-json\/wp\/v2\/comments?post=16644"}],"version-history":[{"count":1,"href":"https:\/\/www.crisjoyas.com\/de\/wp-json\/wp\/v2\/product\/16644\/revisions"}],"predecessor-version":[{"id":16660,"href":"https:\/\/www.crisjoyas.com\/de\/wp-json\/wp\/v2\/product\/16644\/revisions\/16660"}],"wp:featuredmedia":[{"embeddable":true,"href":"https:\/\/www.crisjoyas.com\/de\/wp-json\/wp\/v2\/media\/16655"}],"wp:attachment":[{"href":"https:\/\/www.crisjoyas.com\/de\/wp-json\/wp\/v2\/media?parent=16644"}],"wp:term":[{"taxonomy":"product_brand","embeddable":true,"href":"https:\/\/www.crisjoyas.com\/de\/wp-json\/wp\/v2\/product_brand?post=16644"},{"taxonomy":"product_cat","embeddable":true,"href":"https:\/\/www.crisjoyas.com\/de\/wp-json\/wp\/v2\/product_cat?post=16644"},{"taxonomy":"product_tag","embeddable":true,"href":"https:\/\/www.crisjoyas.com\/de\/wp-json\/wp\/v2\/product_tag?post=16644"}],"curies":[{"name":"wp","href":"https:\/\/api.w.org\/{rel}","templated":true}]}}