{"id":16949,"date":"2025-01-16T11:35:35","date_gmt":"2025-01-16T10:35:35","guid":{"rendered":"https:\/\/www.crisjoyas.com\/?post_type=product&#038;p=16949"},"modified":"2026-02-27T11:40:37","modified_gmt":"2026-02-27T10:40:37","slug":"anillo-ajustbale-de-serpiente-para-mujer-regalo-elegante-para-novia-o-mama","status":"publish","type":"product","link":"https:\/\/www.crisjoyas.com\/de\/product\/anillo-ajustbale-de-serpiente-para-mujer-regalo-elegante-para-novia-o-mama\/","title":{"rendered":"Verstellbarer Schlangenring f\u00fcr Frauen, elegantes Geschenk f\u00fcr Freundin oder Mama"},"content":{"rendered":"<p>Dieses Design ist eine Hommage an die Schlange als uraltes Symbol f\u00fcr Transformation, Erneuerung und Schutz. Das Schmuckst\u00fcck ist so geformt, dass es die flie\u00dfenden, geschmeidigen Bewegungen dieses mystischen Tieres nachahmt und den Finger in einer ewigen Umarmung umschlie\u00dft, die den Kreislauf des Lebens symbolisiert.<\/p>\n<p>Die filigrane Textur der Sterlingsilber-Schuppen f\u00e4ngt das Licht aus jedem Winkel ein, w\u00e4hrend die leuchtenden smaragdgr\u00fcnen Zirkonia in den Augen einen Hauch von Geheimnis und Lebendigkeit verleihen. Als verstellbarer Ring verk\u00f6rpert er die Anpassungsf\u00e4higkeit und Freiheit der modernen Frau: ein Schmuckst\u00fcck, das sich nicht nur dem K\u00f6rper, sondern auch der Pers\u00f6nlichkeit seiner Tr\u00e4gerin anpasst. Er ist eine Kombination aus K\u00fchnheit und Eleganz, geschaffen f\u00fcr all jene, die selbstbewusst auftreten und ihre innere St\u00e4rke leben.<\/p>\n<ul>\n<li>MATERIAL: 925 Sterling Silber<\/li>\n<li>STEIN: Zirkonia<\/li>\n<li>STEINDURCHMESSER: 2mm<\/li>\n<li>GR\u00d6SSE: Einstellbar<\/li>\n<\/ul>\n<p><strong>Paketliste:<\/strong><\/p>\n<p>Ring * 1<\/p>\n<p>Crisjoyas-Box * 1<\/p>\n<p>Schmucktuch * 1<\/p>\n<p>Warum Sterlingsilber w\u00e4hlen?<\/p>\n<p>\u2661 Sterlingsilber ist ein zeitloses und elegantes Metall, das f\u00fcr seinen einzigartigen Glanz und seine anhaltende Sch\u00f6nheit gesch\u00e4tzt wird. Hergestellt aus 925er Sterlingsilber, bietet es ein hochwertiges Tragegef\u00fchl und eine ausgezeichnete Anlaufbest\u00e4ndigkeit und ist somit perfekt f\u00fcr den Alltag geeignet. Im Vergleich zu anderen Metallen ist Sterlingsilber hypoallergen und hautfreundlich, was es zur idealen Wahl f\u00fcr Menschen mit empfindlicher Haut macht. Ob als Geschenk oder f\u00fcr den Eigengebrauch \u2013 Schmuck aus Sterlingsilber verleiht jedem Outfit einen Hauch von Eleganz und Individualit\u00e4t.<\/p>\n<p>&nbsp;<\/p>\n<p>Wie pflegt man Sterlingsilberschmuck?<\/p>\n<p>\u2661 Um den Glanz Ihres Sterlingsilberschmucks zu erhalten, vermeiden Sie den Kontakt mit Wasser, Parf\u00fcm und Chemikalien. Bewahren Sie sie bei Nichtgebrauch in einer trockenen, verschlossenen Schmuckschatulle auf. Reinigen Sie sie regelm\u00e4\u00dfig mit einem weichen Tuch, um Anlauffarben zu entfernen. Wenn es mit der Zeit dunkler wird, verwenden Sie ein Silberpoliertuch oder einen milden Silberreiniger, um den Glanz wiederherzustellen. Bei richtiger Pflege bleibt Ihr Sterlingsilberschmuck jahrelang strahlend!<\/p>\n<p>&nbsp;<\/p>\n<p>\u2661Hinweis: Bitte seien Sie beim Verstellen des Schmucks vorsichtig; da die Ohrringe aus Sterlingsilber, einem weichen Metall, gefertigt sind, muss beim Verstellen besondere Vorsicht geboten sein.<\/p>\n<p>\u2661 Alle Artikel sind wundersch\u00f6n verpackt und bereit zum Verschenken in eleganten Schmuckschatullen. Unsere Schmuckschatullen sind wiederverwendbar und recycelbar \u2661.<\/p>\n<p>&nbsp;<\/p>\n<p>Lieferzeit:<\/p>\n<p>\u2661 Dieses Design ist in 1\u20132 Werktagen versandfertig. Die Lieferung erfolgt in der Regel innerhalb von 10 Tagen.<\/p>\n<p>F\u00fcr die R\u00fcckgabe oder den Umtausch haben Sie 30 Tage Zeit.<\/p>\n<p>&nbsp;<\/p>\n<p>Mehr \u00fcber uns:<\/p>\n<p>IG: @crisjoyas_oficial<\/p>\n<p>\u2661 Haben Sie Fragen oder ben\u00f6tigen Sie Hilfe? Z\u00f6gern Sie nicht, uns zu kontaktieren. Wir antworten schnell. Vielen Dank f\u00fcr Ihren Besuch und viel Spa\u00df beim Einkaufen! \u2661<\/p>","protected":false},"excerpt":{"rendered":"<p>100% aus Sterlingsilber, Lieferung in Schmuckschatulle.<\/p>","protected":false},"featured_media":17767,"comment_status":"open","ping_status":"closed","template":"","meta":{"_themeisle_gutenberg_block_has_review":false},"product_brand":[],"product_cat":[11,46],"product_tag":[260],"class_list":{"0":"post-16949","1":"product","2":"type-product","3":"status-publish","4":"has-post-thumbnail","6":"product_cat-anillos","7":"product_cat-novedades","8":"product_tag-serpiente","9":"product_shipping_class-envio-estandarlos-pedidos-seran-recibidos-antes-del-3-dias","11":"first","12":"instock","13":"sale","14":"shipping-taxable","15":"purchasable","16":"product-type-simple"},"_links":{"self":[{"href":"https:\/\/www.crisjoyas.com\/de\/wp-json\/wp\/v2\/product\/16949","targetHints":{"allow":["GET"]}}],"collection":[{"href":"https:\/\/www.crisjoyas.com\/de\/wp-json\/wp\/v2\/product"}],"about":[{"href":"https:\/\/www.crisjoyas.com\/de\/wp-json\/wp\/v2\/types\/product"}],"replies":[{"embeddable":true,"href":"https:\/\/www.crisjoyas.com\/de\/wp-json\/wp\/v2\/comments?post=16949"}],"version-history":[{"count":4,"href":"https:\/\/www.crisjoyas.com\/de\/wp-json\/wp\/v2\/product\/16949\/revisions"}],"predecessor-version":[{"id":17770,"href":"https:\/\/www.crisjoyas.com\/de\/wp-json\/wp\/v2\/product\/16949\/revisions\/17770"}],"wp:featuredmedia":[{"embeddable":true,"href":"https:\/\/www.crisjoyas.com\/de\/wp-json\/wp\/v2\/media\/17767"}],"wp:attachment":[{"href":"https:\/\/www.crisjoyas.com\/de\/wp-json\/wp\/v2\/media?parent=16949"}],"wp:term":[{"taxonomy":"product_brand","embeddable":true,"href":"https:\/\/www.crisjoyas.com\/de\/wp-json\/wp\/v2\/product_brand?post=16949"},{"taxonomy":"product_cat","embeddable":true,"href":"https:\/\/www.crisjoyas.com\/de\/wp-json\/wp\/v2\/product_cat?post=16949"},{"taxonomy":"product_tag","embeddable":true,"href":"https:\/\/www.crisjoyas.com\/de\/wp-json\/wp\/v2\/product_tag?post=16949"}],"curies":[{"name":"wp","href":"https:\/\/api.w.org\/{rel}","templated":true}]}}