{"id":17028,"date":"2025-03-17T10:01:57","date_gmt":"2025-03-17T09:01:57","guid":{"rendered":"https:\/\/www.crisjoyas.com\/?post_type=product&#038;p=17028"},"modified":"2026-03-04T10:29:29","modified_gmt":"2026-03-04T09:29:29","slug":"anillo-ajustable-ondulado-de-plata-de-ley-para-mujer","status":"publish","type":"product","link":"https:\/\/www.crisjoyas.com\/de\/product\/anillo-ajustable-ondulado-de-plata-de-ley-para-mujer\/","title":{"rendered":"Minimalistischer und verstellbarer Ring aus 925er Sterlingsilber, edler Silberschmuck f\u00fcr Damen"},"content":{"rendered":"<p>Verstellbarer Wellenring<\/p>\n<p>Das Design dieses Rings ist von musikalischen Kurven mit H\u00f6hen und Tiefen inspiriert, und wie im Leben gibt es H\u00f6hen und Tiefen, die es spannender machen! Der gesamte Ring ist aus 925er Sterlingsilber gefertigt und verf\u00fcgt \u00fcber eine verstellbare L\u00fcnettengr\u00f6\u00dfe, sodass er sich leicht mit anderen Ringen kombinieren l\u00e4sst!<\/p>\n<p>\u2013 Material: Hochwertiges massives 925 Sterlingsilber<\/p>\n<p>\u2013 Gr\u00f6\u00dfe: Einstellbar<\/p>\n<p>Paketliste:<\/p>\n<p>-Ring * 1<\/p>\n<p>-Schmuckk\u00e4stchen * 1<\/p>\n<p>- Silberpoliertuch * 1<\/p>\n<p>&nbsp;<\/p>\n<p><strong>Warum Sterlingsilber w\u00e4hlen?<\/strong><\/p>\n<p>\u2661 Sterlingsilber ist ein zeitloses und elegantes Metall, das f\u00fcr seinen einzigartigen Glanz und seine dauerhafte Sch\u00f6nheit geliebt wird. Es besteht aus 925er Sterlingsilber und bietet eine hochwertige Haptik sowie eine hervorragende Oxidationsbest\u00e4ndigkeit, sodass es sich perfekt f\u00fcr den Alltag eignet. Im Vergleich zu anderen Metallen ist Sterlingsilber hypoallergen und hautfreundlich und somit die ideale Wahl f\u00fcr empfindliche Haut. Ob als Geschenk oder f\u00fcr den Eigengebrauch, Schmuck aus Sterlingsilber verleiht einen Hauch von Eleganz und Individualit\u00e4t.<\/p>\n<p>&nbsp;<\/p>\n<p><strong>Wie pflegt man Sterlingsilberschmuck?<\/strong><\/p>\n<p>\u2661 Um den Glanz Ihres Sterlingsilberschmucks zu erhalten, vermeiden Sie den Kontakt mit Wasser, Parf\u00fcm und Chemikalien. Bewahren Sie sie bei Nichtgebrauch in einer trockenen, verschlossenen Schmuckschatulle auf. Reinigen Sie sie regelm\u00e4\u00dfig mit einem weichen Tuch, um Anlauffarben zu entfernen. Wenn es mit der Zeit dunkler wird, verwenden Sie ein Silberpoliertuch oder einen milden Silberreiniger, um den Glanz wiederherzustellen. Bei richtiger Pflege bleibt Ihr Sterlingsilberschmuck jahrelang strahlend!<\/p>\n<p>&nbsp;<\/p>\n<p>\u2661<strong>Notiz:<\/strong> Bitte achten Sie beim Anpassen des Schmucks darauf; Da die Ohrringe aus Sterlingsilber, einem weichen Metall, bestehen, m\u00fcssen wir beim Anbringen vorsichtig sein.<\/p>\n<p>\u2661 Alle Artikel sind wundersch\u00f6n verpackt und bereit zum Verschenken in eleganten Schmuckschatullen. Unsere Schmuckschatullen sind wiederverwendbar und recycelbar \u2661.<\/p>\n<p>\u2661 Hast du Fragen oder brauchst du Hilfe? Z\u00f6gern Sie nicht, uns zu kontaktieren. Wir reagieren schnell.<\/p>\n<p>Lieferzeit<\/p>\n<p>&nbsp;<\/p>\n<p>Mehr \u00fcber uns:<\/p>\n<p><strong>ICH G:<\/strong> @crisjoyas_oficial<\/p>\n<p>&nbsp;<\/p>\n<p><strong>Versand und R\u00fccksendung:<\/strong><\/p>\n<p>Ihre Bestellung wird innerhalb von 24 Gesch\u00e4ftsstunden nach Erhalt Ihrer Bestellbest\u00e4tigungs-E-Mail versandt. Normalerweise erhalten Sie die Produkte innerhalb von 2-15 Tagen. Sie haben 30 Tage Zeit, um R\u00fccksendungen oder Umtausch vorzunehmen.<\/p>","protected":false},"excerpt":{"rendered":"<p>100% aus 925er Sterlingsilber, Lieferung inklusive Schmuckschatulle.<\/p>","protected":false},"featured_media":18187,"comment_status":"open","ping_status":"closed","template":"","meta":{"_themeisle_gutenberg_block_has_review":false},"product_brand":[],"product_cat":[11,57,54,46],"product_tag":[76,243],"class_list":{"0":"post-17028","1":"product","2":"type-product","3":"status-publish","4":"has-post-thumbnail","6":"product_cat-anillos","7":"product_cat-basicos","8":"product_cat-colecciones","9":"product_cat-novedades","10":"product_tag-anillo","11":"product_tag-regalo","12":"product_shipping_class-envio-estandarlos-pedidos-seran-recibidos-antes-del-3-dias","14":"first","15":"instock","16":"sale","17":"shipping-taxable","18":"purchasable","19":"product-type-simple"},"_links":{"self":[{"href":"https:\/\/www.crisjoyas.com\/de\/wp-json\/wp\/v2\/product\/17028","targetHints":{"allow":["GET"]}}],"collection":[{"href":"https:\/\/www.crisjoyas.com\/de\/wp-json\/wp\/v2\/product"}],"about":[{"href":"https:\/\/www.crisjoyas.com\/de\/wp-json\/wp\/v2\/types\/product"}],"replies":[{"embeddable":true,"href":"https:\/\/www.crisjoyas.com\/de\/wp-json\/wp\/v2\/comments?post=17028"}],"version-history":[{"count":3,"href":"https:\/\/www.crisjoyas.com\/de\/wp-json\/wp\/v2\/product\/17028\/revisions"}],"predecessor-version":[{"id":18191,"href":"https:\/\/www.crisjoyas.com\/de\/wp-json\/wp\/v2\/product\/17028\/revisions\/18191"}],"wp:featuredmedia":[{"embeddable":true,"href":"https:\/\/www.crisjoyas.com\/de\/wp-json\/wp\/v2\/media\/18187"}],"wp:attachment":[{"href":"https:\/\/www.crisjoyas.com\/de\/wp-json\/wp\/v2\/media?parent=17028"}],"wp:term":[{"taxonomy":"product_brand","embeddable":true,"href":"https:\/\/www.crisjoyas.com\/de\/wp-json\/wp\/v2\/product_brand?post=17028"},{"taxonomy":"product_cat","embeddable":true,"href":"https:\/\/www.crisjoyas.com\/de\/wp-json\/wp\/v2\/product_cat?post=17028"},{"taxonomy":"product_tag","embeddable":true,"href":"https:\/\/www.crisjoyas.com\/de\/wp-json\/wp\/v2\/product_tag?post=17028"}],"curies":[{"name":"wp","href":"https:\/\/api.w.org\/{rel}","templated":true}]}}