{"id":17079,"date":"2025-03-17T10:54:20","date_gmt":"2025-03-17T09:54:20","guid":{"rendered":"https:\/\/www.crisjoyas.com\/?post_type=product&#038;p=17079"},"modified":"2026-03-06T12:35:40","modified_gmt":"2026-03-06T11:35:40","slug":"anillo-grande-de-serpiente-vintage-de-plata-de-ley","status":"publish","type":"product","link":"https:\/\/www.crisjoyas.com\/de\/product\/anillo-grande-de-serpiente-vintage-de-plata-de-ley\/","title":{"rendered":"Gro\u00dfer Vintage Schlangenring aus Sterlingsilber"},"content":{"rendered":"<p>100% Sterlingsilber, Lieferung mit Schmuckschatulle.<\/p>\n<p>Vintage Schlangenring aus Sterlingsilber<\/p>\n<p>Viele Leute kennen uns durch unsere Schlangenringe und es gab viel Feedback von Leuten, die sich einen dickeren, gr\u00f6\u00dferen Schlangenring w\u00fcnschten, also haben wir diesen mit einem kleinen Twist im VINTAGE-Stil entworfen.<\/p>\n<ul>\n<li>MATERIAL: 925 Sterling Silber<\/li>\n<li>GR\u00d6SSE: Einstellbar<\/li>\n<\/ul>\n<p><strong>\u00a0<\/strong><\/p>\n<p><strong>Paketliste:<\/strong><\/p>\n<p>Ring * 1<\/p>\n<p>Crisjoyas-Box * 1<\/p>\n<p>Schmucktuch * 1<\/p>\n<p>Garantiekarte * 1<\/p>\n<p>&nbsp;<\/p>\n<p><strong>\u00a0Warum Sterlingsilber w\u00e4hlen?<\/strong><\/p>\n<p>\u2661 Sterlingsilber ist ein zeitloses und elegantes Metall, das f\u00fcr seinen einzigartigen Glanz und seine dauerhafte Sch\u00f6nheit gesch\u00e4tzt wird. Es ist aus 925er Sterlingsilber gefertigt, f\u00fchlt sich hochwertig an und ist \u00e4u\u00dferst oxidationsbest\u00e4ndig, sodass es sich perfekt f\u00fcr den Alltag eignet. Im Vergleich zu anderen Metallen ist Sterlingsilber hypoallergen und hautfreundlich, was es zur idealen Wahl f\u00fcr empfindliche Haut macht. Ob als Geschenk oder f\u00fcr den Eigengebrauch, Schmuck aus Sterlingsilber verleiht einen Hauch von Eleganz und Individualit\u00e4t.<\/p>\n<p>&nbsp;<\/p>\n<p><strong>Wie pflegt man Sterlingsilberschmuck?<\/strong><\/p>\n<p>\u2661 Um den Glanz Ihres Sterlingsilberschmucks zu erhalten, vermeiden Sie den Kontakt mit Wasser, Parf\u00fcm und Chemikalien. Bewahren Sie sie bei Nichtgebrauch in einer trockenen, verschlossenen Schmuckschatulle auf. Reinigen Sie sie regelm\u00e4\u00dfig mit einem weichen Tuch, um Anlauffarben zu entfernen. Wenn es mit der Zeit dunkler wird, verwenden Sie ein Silberpoliertuch oder einen milden Silberreiniger, um den Glanz wiederherzustellen. Bei richtiger Pflege bleibt Ihr Sterlingsilberschmuck jahrelang strahlend!<\/p>\n<p>&nbsp;<\/p>\n<p>\u2661<strong>Notiz:<\/strong> Bitte achten Sie beim Anpassen des Schmucks darauf; Da die Ohrringe aus Sterlingsilber, einem weichen Metall, bestehen, m\u00fcssen wir beim Anbringen vorsichtig sein.<\/p>\n<p>&nbsp;<\/p>\n<p>\u2661 Alle Artikel sind wundersch\u00f6n verpackt und bereit zum Verschenken in eleganten Schmuckschatullen. Unsere Schmuckschatullen sind wiederverwendbar und recycelbar \u2661.<\/p>\n<p>&nbsp;<\/p>\n<p>\u2661 Hast du Fragen oder brauchst du Hilfe? Z\u00f6gern Sie nicht, uns zu kontaktieren. Wir reagieren schnell.<\/p>\n<p>&nbsp;<\/p>\n<p>Mehr \u00fcber uns:<\/p>\n<p><strong>ICH G:<\/strong> @crisjoyas_oficial<\/p>\n<p>&nbsp;<\/p>\n<p>Vielen Dank f\u00fcr Ihren Besuch und wir hoffen, dass Sie viel Spa\u00df beim Einkaufen bei uns haben \u2661<\/p>\n<p><strong>\u00a0<\/strong><\/p>\n<p><strong>Versand und R\u00fccksendung:<\/strong><\/p>\n<p>Ihre Bestellung wird innerhalb von 24 Gesch\u00e4ftsstunden nach Erhalt Ihrer Bestellbest\u00e4tigungs-E-Mail versandt. Normalerweise erhalten Sie die Produkte innerhalb von 2-15 Tagen. Sie haben 30 Tage Zeit, um R\u00fccksendungen oder Umtausch vorzunehmen.<\/p>\n<p>&nbsp;<\/p>\n<p>&nbsp;<\/p>","protected":false},"excerpt":{"rendered":"<p>100% aus 925 Sterling Silber<\/p>","protected":false},"featured_media":18160,"comment_status":"open","ping_status":"closed","template":"","meta":{"_themeisle_gutenberg_block_has_review":false},"product_brand":[],"product_cat":[11,48],"product_tag":[76,243],"class_list":{"0":"post-17079","1":"product","2":"type-product","3":"status-publish","4":"has-post-thumbnail","6":"product_cat-anillos","7":"product_cat-outlet","8":"product_tag-anillo","9":"product_tag-regalo","11":"first","12":"instock","13":"sale","14":"shipping-taxable","15":"purchasable","16":"product-type-simple"},"_links":{"self":[{"href":"https:\/\/www.crisjoyas.com\/de\/wp-json\/wp\/v2\/product\/17079","targetHints":{"allow":["GET"]}}],"collection":[{"href":"https:\/\/www.crisjoyas.com\/de\/wp-json\/wp\/v2\/product"}],"about":[{"href":"https:\/\/www.crisjoyas.com\/de\/wp-json\/wp\/v2\/types\/product"}],"replies":[{"embeddable":true,"href":"https:\/\/www.crisjoyas.com\/de\/wp-json\/wp\/v2\/comments?post=17079"}],"version-history":[{"count":1,"href":"https:\/\/www.crisjoyas.com\/de\/wp-json\/wp\/v2\/product\/17079\/revisions"}],"predecessor-version":[{"id":17086,"href":"https:\/\/www.crisjoyas.com\/de\/wp-json\/wp\/v2\/product\/17079\/revisions\/17086"}],"wp:featuredmedia":[{"embeddable":true,"href":"https:\/\/www.crisjoyas.com\/de\/wp-json\/wp\/v2\/media\/18160"}],"wp:attachment":[{"href":"https:\/\/www.crisjoyas.com\/de\/wp-json\/wp\/v2\/media?parent=17079"}],"wp:term":[{"taxonomy":"product_brand","embeddable":true,"href":"https:\/\/www.crisjoyas.com\/de\/wp-json\/wp\/v2\/product_brand?post=17079"},{"taxonomy":"product_cat","embeddable":true,"href":"https:\/\/www.crisjoyas.com\/de\/wp-json\/wp\/v2\/product_cat?post=17079"},{"taxonomy":"product_tag","embeddable":true,"href":"https:\/\/www.crisjoyas.com\/de\/wp-json\/wp\/v2\/product_tag?post=17079"}],"curies":[{"name":"wp","href":"https:\/\/api.w.org\/{rel}","templated":true}]}}