{"id":17150,"date":"2025-05-14T12:02:30","date_gmt":"2025-05-14T10:02:30","guid":{"rendered":"https:\/\/www.crisjoyas.com\/?post_type=product&#038;p=17150"},"modified":"2026-02-27T12:22:33","modified_gmt":"2026-02-27T11:22:33","slug":"star-sterling-silver-adjustable-chunky-ring-gift-for-best-friend","status":"publish","type":"product","link":"https:\/\/www.crisjoyas.com\/de\/product\/star-sterling-silver-adjustable-chunky-ring-gift-for-best-friend\/","title":{"rendered":"Sternf\u00f6rmiger, verstellbarer Ring aus Sterlingsilber \u2013 das perfekte Geschenk f\u00fcr die beste Freundin"},"content":{"rendered":"<p>Inspiriert vom Funkeln der Sterne am Nachthimmel, symbolisiert dieser Ring Hoffnung und Tr\u00e4ume. Seine eleganten Linien zeichnen die Form von Sternen nach und verleihen ihm einen stilvollen und lebendigen Look. Ob dezent im Alltag getragen oder als besonderes Geschenk \u00fcberreicht \u2013 dieser Ring strahlt sanfte St\u00e4rke und romantische Poesie aus.<\/p>\n<p>\u2013 Material: Hochwertiges massives 925 Sterlingsilber<\/p>\n<p>\u2013 Gr\u00f6\u00dfe: Einstellbar<\/p>\n<p>Packliste<\/p>\n<p>-Stern Silberring * 1<br \/>\n-Schmuckk\u00e4stchen * 1<br \/>\n-Silberpoliertuch * 1<\/p>\n<p>Warum Sterlingsilber w\u00e4hlen?<\/p>\n<p>\u2661 Sterlingsilber ist ein zeitloses und elegantes Metall, das f\u00fcr seinen einzigartigen Glanz und seine anhaltende Sch\u00f6nheit gesch\u00e4tzt wird. Hergestellt aus 925er Sterlingsilber, bietet es ein hochwertiges Tragegef\u00fchl und eine ausgezeichnete Anlaufbest\u00e4ndigkeit und ist somit perfekt f\u00fcr den Alltag geeignet. Im Vergleich zu anderen Metallen ist Sterlingsilber hypoallergen und hautfreundlich, was es zur idealen Wahl f\u00fcr Menschen mit empfindlicher Haut macht. Ob als Geschenk oder f\u00fcr den Eigengebrauch \u2013 Schmuck aus Sterlingsilber verleiht jedem Outfit einen Hauch von Eleganz und Individualit\u00e4t.<\/p>\n<p>Wie pflegt man Sterlingsilberschmuck?<\/p>\n<p>\u2661 Um den Glanz Ihres Sterlingsilberschmucks zu erhalten, vermeiden Sie den Kontakt mit Wasser, Parf\u00fcm und Chemikalien. Bewahren Sie sie bei Nichtgebrauch in einer trockenen, verschlossenen Schmuckschatulle auf. Reinigen Sie sie regelm\u00e4\u00dfig mit einem weichen Tuch, um Anlauffarben zu entfernen. Wenn es mit der Zeit dunkler wird, verwenden Sie ein Silberpoliertuch oder einen milden Silberreiniger, um den Glanz wiederherzustellen. Bei richtiger Pflege bleibt Ihr Sterlingsilberschmuck jahrelang strahlend!<\/p>\n<p>\u2661Hinweis: Bitte seien Sie beim Verstellen des Schmucks vorsichtig; da die Ohrringe aus Sterlingsilber, einem weichen Metall, gefertigt sind, muss beim Verstellen besondere Vorsicht geboten sein.<\/p>\n<p>\u2661 Alle Artikel sind wundersch\u00f6n verpackt und bereit zum Verschenken in eleganten Schmuckschatullen. Unsere Schmuckschatullen sind wiederverwendbar und recycelbar \u2661.<\/p>\n<p>\u2661 Hast du Fragen oder brauchst du Hilfe? Z\u00f6gern Sie nicht, uns zu kontaktieren. Wir reagieren schnell.<\/p>\n<p>Lieferzeit<\/p>\n<p>\u2661 Dieses Design ist in 1-2 Werktagen versandfertig.<\/p>\n<p>Mehr \u00fcber uns<\/p>\n<p>IG: @crisjoyas_oficial<\/p>\n<p>Vielen Dank f\u00fcr Ihren Besuch und ich hoffe, Sie haben viel Spa\u00df beim Einkaufen bei uns \u2661<\/p>","protected":false},"excerpt":{"rendered":"<p>100% aus Sterlingsilber, Lieferung in Schmuckschatulle.<\/p>","protected":false},"featured_media":17826,"comment_status":"open","ping_status":"closed","template":"","meta":{"_themeisle_gutenberg_block_has_review":false},"product_brand":[],"product_cat":[11,57,54,46],"product_tag":[76,243],"class_list":{"0":"post-17150","1":"product","2":"type-product","3":"status-publish","4":"has-post-thumbnail","6":"product_cat-anillos","7":"product_cat-basicos","8":"product_cat-colecciones","9":"product_cat-novedades","10":"product_tag-anillo","11":"product_tag-regalo","12":"product_shipping_class-envio-estandarlos-pedidos-seran-recibidos-antes-del-3-dias","14":"first","15":"instock","16":"sale","17":"shipping-taxable","18":"purchasable","19":"product-type-simple"},"_links":{"self":[{"href":"https:\/\/www.crisjoyas.com\/de\/wp-json\/wp\/v2\/product\/17150","targetHints":{"allow":["GET"]}}],"collection":[{"href":"https:\/\/www.crisjoyas.com\/de\/wp-json\/wp\/v2\/product"}],"about":[{"href":"https:\/\/www.crisjoyas.com\/de\/wp-json\/wp\/v2\/types\/product"}],"replies":[{"embeddable":true,"href":"https:\/\/www.crisjoyas.com\/de\/wp-json\/wp\/v2\/comments?post=17150"}],"version-history":[{"count":1,"href":"https:\/\/www.crisjoyas.com\/de\/wp-json\/wp\/v2\/product\/17150\/revisions"}],"predecessor-version":[{"id":17155,"href":"https:\/\/www.crisjoyas.com\/de\/wp-json\/wp\/v2\/product\/17150\/revisions\/17155"}],"wp:featuredmedia":[{"embeddable":true,"href":"https:\/\/www.crisjoyas.com\/de\/wp-json\/wp\/v2\/media\/17826"}],"wp:attachment":[{"href":"https:\/\/www.crisjoyas.com\/de\/wp-json\/wp\/v2\/media?parent=17150"}],"wp:term":[{"taxonomy":"product_brand","embeddable":true,"href":"https:\/\/www.crisjoyas.com\/de\/wp-json\/wp\/v2\/product_brand?post=17150"},{"taxonomy":"product_cat","embeddable":true,"href":"https:\/\/www.crisjoyas.com\/de\/wp-json\/wp\/v2\/product_cat?post=17150"},{"taxonomy":"product_tag","embeddable":true,"href":"https:\/\/www.crisjoyas.com\/de\/wp-json\/wp\/v2\/product_tag?post=17150"}],"curies":[{"name":"wp","href":"https:\/\/api.w.org\/{rel}","templated":true}]}}