{"id":17156,"date":"2025-05-14T12:22:35","date_gmt":"2025-05-14T10:22:35","guid":{"rendered":"https:\/\/www.crisjoyas.com\/?post_type=product&#038;p=17156"},"modified":"2026-03-06T12:35:34","modified_gmt":"2026-03-06T11:35:34","slug":"anillo-perla-diamante-de-plata-de-ley-ajustable-regalo-cumpleanos","status":"publish","type":"product","link":"https:\/\/www.crisjoyas.com\/de\/product\/anillo-perla-diamante-de-plata-de-ley-ajustable-regalo-cumpleanos\/","title":{"rendered":"Verstellbarer Ring aus Sterlingsilber mit Perle und Diamanten \u2013 Geburtstagsgeschenk"},"content":{"rendered":"<p>Dieser Ring ist aus Sterlingsilber gefertigt und mit 18-kar\u00e4tigem Gold plattiert. Er ist mit Perlen und Zirkonia besetzt. Die Gr\u00f6\u00dfe ist frei verstellbar, wodurch er sich sowohl als Geschenk als auch zum Selbsttragen eignet.<\/p>\n<p>\u2013 Material: Hochwertiges, massives 925er Sterlingsilber, 18-kar\u00e4tig vergoldet.<\/p>\n<p>\u2013 Gr\u00f6\u00dfe: Einstellbar<\/p>\n<p>&nbsp;<\/p>\n<p>Packliste<\/p>\n<p>-Perlenring * 1<\/p>\n<p>-Schmuckk\u00e4stchen * 1<\/p>\n<p>&nbsp;<\/p>\n<p>Warum Sterlingsilber w\u00e4hlen?<\/p>\n<p>\u2661 Sterlingsilber ist ein zeitloses und elegantes Metall, das f\u00fcr seinen einzigartigen Glanz und seine anhaltende Sch\u00f6nheit gesch\u00e4tzt wird. Hergestellt aus 925er Sterlingsilber, bietet es ein hochwertiges Tragegef\u00fchl und eine ausgezeichnete Anlaufbest\u00e4ndigkeit und ist somit perfekt f\u00fcr den Alltag geeignet. Im Vergleich zu anderen Metallen ist Sterlingsilber hypoallergen und hautfreundlich, was es zur idealen Wahl f\u00fcr Menschen mit empfindlicher Haut macht. Ob als Geschenk oder f\u00fcr den Eigengebrauch \u2013 Schmuck aus Sterlingsilber verleiht jedem Outfit einen Hauch von Eleganz und Individualit\u00e4t.<\/p>\n<p>&nbsp;<\/p>\n<p>Wie pflegt man Sterlingsilberschmuck?<\/p>\n<p>\u2661 Um den Glanz Ihres Sterlingsilberschmucks zu erhalten, vermeiden Sie den Kontakt mit Wasser, Parf\u00fcm und Chemikalien. Bewahren Sie sie bei Nichtgebrauch in einer trockenen, verschlossenen Schmuckschatulle auf. Reinigen Sie sie regelm\u00e4\u00dfig mit einem weichen Tuch, um Anlauffarben zu entfernen. Wenn es mit der Zeit dunkler wird, verwenden Sie ein Silberpoliertuch oder einen milden Silberreiniger, um den Glanz wiederherzustellen. Bei richtiger Pflege bleibt Ihr Sterlingsilberschmuck jahrelang strahlend!<\/p>\n<p>&nbsp;<\/p>\n<p>\u2661Hinweis: Bitte seien Sie beim Verstellen des Schmucks vorsichtig; da die Ohrringe aus Sterlingsilber, einem weichen Metall, gefertigt sind, muss beim Verstellen besondere Vorsicht geboten sein.<\/p>\n<p>\u2661 Alle Artikel sind wundersch\u00f6n verpackt und bereit zum Verschenken in eleganten Schmuckschatullen. Unsere Schmuckschatullen sind wiederverwendbar und recycelbar \u2661.<\/p>\n<p>\u2661 Hast du Fragen oder brauchst du Hilfe? Z\u00f6gern Sie nicht, uns zu kontaktieren. Wir reagieren schnell.<\/p>\n<p>&nbsp;<\/p>\n<p>Lieferzeit:<\/p>\n<p>\u2661 Dieses Design ist in 1\u20132 Werktagen versandfertig. Die Lieferung erfolgt in der Regel innerhalb von 2\u201315 Tagen.<\/p>\n<p>F\u00fcr die R\u00fcckgabe oder den Umtausch haben Sie 30 Tage Zeit.<\/p>\n<p>&nbsp;<\/p>\n<p>Mehr \u00fcber uns:<\/p>\n<p>IG: @crisjoyas_oficial<\/p>\n<p>Vielen Dank f\u00fcr Ihren Besuch und ich hoffe, Sie haben viel Spa\u00df beim Einkaufen bei uns \u2661<\/p>","protected":false},"excerpt":{"rendered":"<p>100% aus Sterlingsilber, Lieferung in Schmuckschatulle.<\/p>","protected":false},"featured_media":18151,"comment_status":"open","ping_status":"closed","template":"","meta":{"_themeisle_gutenberg_block_has_review":false},"product_brand":[],"product_cat":[11,54,55,48,56],"product_tag":[76,243],"class_list":{"0":"post-17156","1":"product","2":"type-product","3":"status-publish","4":"has-post-thumbnail","6":"product_cat-anillos","7":"product_cat-colecciones","8":"product_cat-cristales","9":"product_cat-outlet","10":"product_cat-perlas","11":"product_tag-anillo","12":"product_tag-regalo","14":"first","15":"instock","16":"sale","17":"shipping-taxable","18":"purchasable","19":"product-type-simple"},"_links":{"self":[{"href":"https:\/\/www.crisjoyas.com\/de\/wp-json\/wp\/v2\/product\/17156","targetHints":{"allow":["GET"]}}],"collection":[{"href":"https:\/\/www.crisjoyas.com\/de\/wp-json\/wp\/v2\/product"}],"about":[{"href":"https:\/\/www.crisjoyas.com\/de\/wp-json\/wp\/v2\/types\/product"}],"replies":[{"embeddable":true,"href":"https:\/\/www.crisjoyas.com\/de\/wp-json\/wp\/v2\/comments?post=17156"}],"version-history":[{"count":1,"href":"https:\/\/www.crisjoyas.com\/de\/wp-json\/wp\/v2\/product\/17156\/revisions"}],"predecessor-version":[{"id":17163,"href":"https:\/\/www.crisjoyas.com\/de\/wp-json\/wp\/v2\/product\/17156\/revisions\/17163"}],"wp:featuredmedia":[{"embeddable":true,"href":"https:\/\/www.crisjoyas.com\/de\/wp-json\/wp\/v2\/media\/18151"}],"wp:attachment":[{"href":"https:\/\/www.crisjoyas.com\/de\/wp-json\/wp\/v2\/media?parent=17156"}],"wp:term":[{"taxonomy":"product_brand","embeddable":true,"href":"https:\/\/www.crisjoyas.com\/de\/wp-json\/wp\/v2\/product_brand?post=17156"},{"taxonomy":"product_cat","embeddable":true,"href":"https:\/\/www.crisjoyas.com\/de\/wp-json\/wp\/v2\/product_cat?post=17156"},{"taxonomy":"product_tag","embeddable":true,"href":"https:\/\/www.crisjoyas.com\/de\/wp-json\/wp\/v2\/product_tag?post=17156"}],"curies":[{"name":"wp","href":"https:\/\/api.w.org\/{rel}","templated":true}]}}