{"id":17173,"date":"2025-07-30T12:06:11","date_gmt":"2025-07-30T10:06:11","guid":{"rendered":"https:\/\/www.crisjoyas.com\/?post_type=product&#038;p=17173"},"modified":"2026-03-06T12:35:28","modified_gmt":"2026-03-06T11:35:28","slug":"pendientes-de-plata-de-ley-chapada-en-oro-de-18k-para-mujer-como-regalo-de-cumpleanos","status":"publish","type":"product","link":"https:\/\/www.crisjoyas.com\/de\/product\/pendientes-de-plata-de-ley-chapada-en-oro-de-18k-para-mujer-como-regalo-de-cumpleanos\/","title":{"rendered":"Vergoldete Ohrringe aus Sterlingsilber (18 Karat) f\u00fcr Damen als Geburtstagsgeschenk"},"content":{"rendered":"<p>Dieses Design ist eine Hommage an die Gardenie, eine Blume, die in der Pflanzensprache Anmut, Klarheit und geheime Liebe symbolisiert. Wir haben die Zartheit ihrer samtigen Bl\u00fctenbl\u00e4tter in 925er Sterlingsilber mit einer einzigartigen, matten Textur eingefangen und so die organische Sanftheit der Natur nachempfunden.<\/p>\n<p>Die Inspiration stammt von morgendlichen Spazierg\u00e4ngen durch den Garten, wo der Duft wei\u00dfer Bl\u00fcten die Luft mit Ruhe erf\u00fcllt. Das Bl\u00fctenzentrum ist mit einer feinen Granulation versehen, die dem Schmuckst\u00fcck Struktur und Realismus verleiht. Diese Ohrringe sind so gestaltet, dass sie das Gesicht sanft zum Strahlen bringen und Ihrem Alltagsstil einen Hauch zeitloser Weiblichkeit und handgefertigter Eleganz verleihen.<\/p>\n<p>\u2013 Material: Hochwertiges, massives 925er Sterlingsilber, plattiert mit 18 Karat Gold<\/p>\n<p>\u2013 Gr\u00f6\u00dfe: 12*10 mm<\/p>\n<p>&nbsp;<\/p>\n<p>Paketliste:<\/p>\n<p>-Blumenohrringe * 2<\/p>\n<p>-Schmuckk\u00e4stchen * 1<\/p>\n<p>&nbsp;<\/p>\n<p>Warum Sterlingsilber w\u00e4hlen?<\/p>\n<p>\u2661 Sterlingsilber ist ein zeitloses und elegantes Metall, das f\u00fcr seinen einzigartigen Glanz und seine anhaltende Sch\u00f6nheit gesch\u00e4tzt wird. Hergestellt aus 925er Sterlingsilber, bietet es ein hochwertiges Tragegef\u00fchl und eine ausgezeichnete Anlaufbest\u00e4ndigkeit und ist somit perfekt f\u00fcr den Alltag geeignet. Im Vergleich zu anderen Metallen ist Sterlingsilber hypoallergen und hautfreundlich, was es zur idealen Wahl f\u00fcr Menschen mit empfindlicher Haut macht. Ob als Geschenk oder f\u00fcr den Eigengebrauch \u2013 Schmuck aus Sterlingsilber verleiht jedem Outfit einen Hauch von Eleganz und Individualit\u00e4t.<\/p>\n<p>&nbsp;<\/p>\n<p>Wie pflegt man Sterlingsilberschmuck?<\/p>\n<p>\u2661 Um den Glanz Ihres Sterlingsilberschmucks zu erhalten, vermeiden Sie den Kontakt mit Wasser, Parf\u00fcm und Chemikalien. Bewahren Sie sie bei Nichtgebrauch in einer trockenen, verschlossenen Schmuckschatulle auf. Reinigen Sie sie regelm\u00e4\u00dfig mit einem weichen Tuch, um Anlauffarben zu entfernen. Wenn es mit der Zeit dunkler wird, verwenden Sie ein Silberpoliertuch oder einen milden Silberreiniger, um den Glanz wiederherzustellen. Bei richtiger Pflege bleibt Ihr Sterlingsilberschmuck jahrelang strahlend!<\/p>\n<p>&nbsp;<\/p>\n<p>\u2661Hinweis: Bitte seien Sie beim Verstellen des Schmucks vorsichtig; da die Ohrringe aus Sterlingsilber, einem weichen Metall, gefertigt sind, muss beim Verstellen besondere Vorsicht geboten sein.<\/p>\n<p>\u2661 Alle Artikel sind wundersch\u00f6n verpackt und bereit zum Verschenken in eleganten Schmuckschatullen. Unsere Schmuckschatullen sind wiederverwendbar und recycelbar \u2661.<\/p>\n<p>&nbsp;<\/p>\n<p>Lieferzeit:<\/p>\n<p>\u2661 Dieses Design ist in 1\u20132 Werktagen versandfertig. Die Lieferung erfolgt in der Regel innerhalb von 10 Tagen.<\/p>\n<p>F\u00fcr die R\u00fcckgabe oder den Umtausch haben Sie 30 Tage Zeit.<\/p>\n<p>&nbsp;<\/p>\n<p>Mehr \u00fcber uns:<\/p>\n<p>IG: @crisjoyas_oficial<\/p>\n<p>\u2661 Haben Sie Fragen oder ben\u00f6tigen Sie Hilfe? Z\u00f6gern Sie nicht, uns zu kontaktieren. Wir antworten schnell. Vielen Dank f\u00fcr Ihren Besuch und viel Spa\u00df beim Einkaufen! \u2661<\/p>","protected":false},"excerpt":{"rendered":"<p>100% aus Sterlingsilber, Lieferung in Schmuckschatulle.<\/p>","protected":false},"featured_media":17861,"comment_status":"open","ping_status":"closed","template":"","meta":{"_themeisle_gutenberg_block_has_review":false},"product_brand":[],"product_cat":[57,54,48,190],"product_tag":[73,243],"class_list":{"0":"post-17173","1":"product","2":"type-product","3":"status-publish","4":"has-post-thumbnail","6":"product_cat-basicos","7":"product_cat-colecciones","8":"product_cat-outlet","9":"product_cat-pendientes","10":"product_tag-flor","11":"product_tag-regalo","13":"first","14":"instock","15":"sale","16":"shipping-taxable","17":"purchasable","18":"product-type-simple"},"_links":{"self":[{"href":"https:\/\/www.crisjoyas.com\/de\/wp-json\/wp\/v2\/product\/17173","targetHints":{"allow":["GET"]}}],"collection":[{"href":"https:\/\/www.crisjoyas.com\/de\/wp-json\/wp\/v2\/product"}],"about":[{"href":"https:\/\/www.crisjoyas.com\/de\/wp-json\/wp\/v2\/types\/product"}],"replies":[{"embeddable":true,"href":"https:\/\/www.crisjoyas.com\/de\/wp-json\/wp\/v2\/comments?post=17173"}],"version-history":[{"count":3,"href":"https:\/\/www.crisjoyas.com\/de\/wp-json\/wp\/v2\/product\/17173\/revisions"}],"predecessor-version":[{"id":17866,"href":"https:\/\/www.crisjoyas.com\/de\/wp-json\/wp\/v2\/product\/17173\/revisions\/17866"}],"wp:featuredmedia":[{"embeddable":true,"href":"https:\/\/www.crisjoyas.com\/de\/wp-json\/wp\/v2\/media\/17861"}],"wp:attachment":[{"href":"https:\/\/www.crisjoyas.com\/de\/wp-json\/wp\/v2\/media?parent=17173"}],"wp:term":[{"taxonomy":"product_brand","embeddable":true,"href":"https:\/\/www.crisjoyas.com\/de\/wp-json\/wp\/v2\/product_brand?post=17173"},{"taxonomy":"product_cat","embeddable":true,"href":"https:\/\/www.crisjoyas.com\/de\/wp-json\/wp\/v2\/product_cat?post=17173"},{"taxonomy":"product_tag","embeddable":true,"href":"https:\/\/www.crisjoyas.com\/de\/wp-json\/wp\/v2\/product_tag?post=17173"}],"curies":[{"name":"wp","href":"https:\/\/api.w.org\/{rel}","templated":true}]}}