{"id":17208,"date":"2025-08-29T18:33:43","date_gmt":"2025-08-29T16:33:43","guid":{"rendered":"https:\/\/www.crisjoyas.com\/?post_type=product&#038;p=17208"},"modified":"2026-02-27T12:05:36","modified_gmt":"2026-02-27T11:05:36","slug":"pendientes-de-plata-de-ley-de-croissant-chapados-en-oro-18k","status":"publish","type":"product","link":"https:\/\/www.crisjoyas.com\/de\/product\/pendientes-de-plata-de-ley-de-croissant-chapados-en-oro-18k\/","title":{"rendered":"Croissant-Ohrringe aus Sterlingsilber, 18-kar\u00e4tig vergoldet"},"content":{"rendered":"<p>Inspiriert vom legend\u00e4ren Croissant, sch\u00f6n und elegant, ein echter Hingucker und charmant: Es ist das perfekte Accessoire, um Ihren Tag zu versch\u00f6nern.<\/p>\n<p>\u2022 Material: Hochwertiges, massives 925er Sterlingsilber, plattiert mit 18-kar\u00e4tigem Gold<\/p>\n<p>\u2022 Ohrringgr\u00f6\u00dfe: 5 x 10 mm<\/p>\n<p>Packliste<\/p>\n<p>\u2022 ausstehend *2<br \/>\n\u2022 Schmuckk\u00e4stchen * 1<\/p>\n<p>\ud83d\udce6 Versandinformationen<\/p>\n<p>Bestellungen innerhalb Spaniens werden von unserem Lager in Barcelona aus versandt und treffen in der Regel innerhalb von 2 bis 3 Werktagen ein.<\/p>\n<p>Internationale Bestellungen werden von unserem Partnerlager in China versandt, die durchschnittliche Lieferzeit betr\u00e4gt 5 bis 7 Werktage.<\/p>\n<p>Europ\u00e4ische Kunden k\u00f6nnen auf Wunsch auch den Versand aus unserem Lager in Barcelona f\u00fcr eine schnellere Lieferung (3\u20137 Tage) anfordern. Hierf\u00fcr fallen jedoch zus\u00e4tzliche Versandkosten an. Falls Sie diese Option bevorzugen, kontaktieren Sie uns bitte vor Ihrer Bestellung.<\/p>\n<p>Warum Sterlingsilber w\u00e4hlen?<\/p>\n<p>\u2661 Sterlingsilber ist ein zeitloses und elegantes Metall, das f\u00fcr seinen einzigartigen Glanz und seine anhaltende Sch\u00f6nheit gesch\u00e4tzt wird. Hergestellt aus 925er Sterlingsilber, bietet es ein hochwertiges Tragegef\u00fchl und eine ausgezeichnete Anlaufbest\u00e4ndigkeit und ist somit perfekt f\u00fcr den Alltag geeignet. Im Vergleich zu anderen Metallen ist Sterlingsilber hypoallergen und hautfreundlich, was es zur idealen Wahl f\u00fcr Menschen mit empfindlicher Haut macht. Ob als Geschenk oder f\u00fcr den Eigengebrauch \u2013 Schmuck aus Sterlingsilber verleiht jedem Outfit einen Hauch von Eleganz und Individualit\u00e4t.<\/p>\n<p>Wie pflegt man Schmuck aus Sterlingsilber?<\/p>\n<p>\u2661 Um den Glanz Ihres Silberschmucks zu erhalten, vermeiden Sie den Kontakt mit Wasser, Parf\u00fcm und Chemikalien. Bewahren Sie ihn in einem trockenen, verschlossenen Schmuckk\u00e4stchen auf, wenn Sie ihn nicht tragen. Reinigen Sie ihn regelm\u00e4\u00dfig mit einem weichen Tuch, um Anlaufen zu entfernen. Sollte er mit der Zeit dunkler werden, verwenden Sie ein Silberputztuch oder ein mildes Silberputzmittel, um den Glanz wiederherzustellen. Bei richtiger Pflege wird Ihr Silberschmuck viele Jahre lang strahlen!<\/p>\n<p>\u2661Hinweis: Bitte seien Sie beim Verstellen des Schmucks vorsichtig. Da die Ohrringe aus Sterlingsilber, einem weichen Metall, gefertigt sind, ist beim Verstellen besondere Vorsicht geboten.<\/p>\n<p>\u2661 Alle Artikel sind sorgf\u00e4ltig verpackt und in eleganten Schmuckk\u00e4stchen direkt zum Verschenken bereit. Unsere Schmuckk\u00e4stchen sind wiederverwendbar und recycelbar. \u2661<\/p>\n<p>\u2661 Bei Fragen oder falls Sie Hilfe ben\u00f6tigen, z\u00f6gern Sie bitte nicht, uns zu kontaktieren. Wir werden Ihnen umgehend antworten.<\/p>\n<p>\u2661Mehr \u00fcber uns<\/p>\n<p>IG: @crisjoyas_oficial<\/p>\n<p>Vielen Dank f\u00fcr Ihren Besuch und wir hoffen, Sie haben viel Spa\u00df beim Einkaufen bei uns. \u2661<\/p>\n<p>Emily \u2661<\/p>\n<p>\u2014\u2014\u2014\u2014\u2014\u2014\u2014\u2014\u2014\u2014\u2014\u2014\u2014\u2014\u2014-<br \/>\n\u2022 Alle Bilder sind Eigentum von Crisjoyas. Alle Rechte vorbehalten.<\/p>","protected":false},"excerpt":{"rendered":"<p>100 % aus Sterlingsilber. Lieferung in einer Schmuckschatulle. Das perfekte Geschenk!<\/p>","protected":false},"featured_media":17796,"comment_status":"open","ping_status":"closed","template":"","meta":{"_themeisle_gutenberg_block_has_review":false},"product_brand":[],"product_cat":[57,54,46,190],"product_tag":[265,266,243],"class_list":{"0":"post-17208","1":"product","2":"type-product","3":"status-publish","4":"has-post-thumbnail","6":"product_cat-basicos","7":"product_cat-colecciones","8":"product_cat-novedades","9":"product_cat-pendientes","10":"product_tag-croissant","11":"product_tag-cute","12":"product_tag-regalo","13":"product_shipping_class-envio-estandarlos-pedidos-seran-recibidos-antes-del-3-dias","15":"first","16":"instock","17":"sale","18":"shipping-taxable","19":"purchasable","20":"product-type-simple"},"_links":{"self":[{"href":"https:\/\/www.crisjoyas.com\/de\/wp-json\/wp\/v2\/product\/17208","targetHints":{"allow":["GET"]}}],"collection":[{"href":"https:\/\/www.crisjoyas.com\/de\/wp-json\/wp\/v2\/product"}],"about":[{"href":"https:\/\/www.crisjoyas.com\/de\/wp-json\/wp\/v2\/types\/product"}],"replies":[{"embeddable":true,"href":"https:\/\/www.crisjoyas.com\/de\/wp-json\/wp\/v2\/comments?post=17208"}],"version-history":[{"count":2,"href":"https:\/\/www.crisjoyas.com\/de\/wp-json\/wp\/v2\/product\/17208\/revisions"}],"predecessor-version":[{"id":17792,"href":"https:\/\/www.crisjoyas.com\/de\/wp-json\/wp\/v2\/product\/17208\/revisions\/17792"}],"wp:featuredmedia":[{"embeddable":true,"href":"https:\/\/www.crisjoyas.com\/de\/wp-json\/wp\/v2\/media\/17796"}],"wp:attachment":[{"href":"https:\/\/www.crisjoyas.com\/de\/wp-json\/wp\/v2\/media?parent=17208"}],"wp:term":[{"taxonomy":"product_brand","embeddable":true,"href":"https:\/\/www.crisjoyas.com\/de\/wp-json\/wp\/v2\/product_brand?post=17208"},{"taxonomy":"product_cat","embeddable":true,"href":"https:\/\/www.crisjoyas.com\/de\/wp-json\/wp\/v2\/product_cat?post=17208"},{"taxonomy":"product_tag","embeddable":true,"href":"https:\/\/www.crisjoyas.com\/de\/wp-json\/wp\/v2\/product_tag?post=17208"}],"curies":[{"name":"wp","href":"https:\/\/api.w.org\/{rel}","templated":true}]}}