{"id":17233,"date":"2025-08-29T19:12:51","date_gmt":"2025-08-29T17:12:51","guid":{"rendered":"https:\/\/www.crisjoyas.com\/?post_type=product&#038;p=17233"},"modified":"2026-02-27T11:44:30","modified_gmt":"2026-02-27T10:44:30","slug":"pendientes-aro-con-perlas-inspirados-de-plata-de-ley-chapada-en-oro","status":"publish","type":"product","link":"https:\/\/www.crisjoyas.com\/de\/product\/pendientes-aro-con-perlas-inspirados-de-plata-de-ley-chapada-en-oro\/","title":{"rendered":"Creolen mit Perlen, inspiriert von vergoldetem Sterlingsilber"},"content":{"rendered":"<p>Inspiriert von der stillen Sch\u00f6nheit des Ozeans, fangen diese Perlenohrringe das Gef\u00fchl sanfter Wellen ein, die kostbare Sch\u00e4tze umh\u00fcllen. Jede Perle ist zart in Sterlingsilber gefasst, wodurch ein nat\u00fcrliches und zeitloses Design entsteht. Perfekt f\u00fcr elegante Alltagsoutfits oder um Ihrem Lieblingskleid einen Hauch von Raffinesse zu verleihen.<\/p>\n<p>\u2022 Material: Hochwertiges 925er Sterlingsilber, plattiert mit 18-kar\u00e4tigem Gold.<\/p>\n<p>\u2022 Rahmengr\u00f6\u00dfe: 12 x 12 mm.<\/p>\n<p>\u2022 Edelstein: Perle<\/p>\n<p>Packliste<\/p>\n<p>\u2022 Creolen mit Perlen * 2<\/p>\n<p>\u2022 Schmuckk\u00e4stchen * 1<\/p>\n<p>\ud83d\udce6 Versandinformationen<\/p>\n<p>Bestellungen innerhalb Spaniens werden von unserem Lager in Barcelona aus versandt und treffen in der Regel innerhalb von 2 bis 3 Werktagen ein.<\/p>\n<p>Internationale Bestellungen werden von unserem Partnerlager in China versandt, die durchschnittliche Lieferzeit betr\u00e4gt 5 bis 8 Werktage.<\/p>\n<p>Europ\u00e4ische Kunden k\u00f6nnen auf Wunsch auch den Versand aus unserem Lager in Barcelona f\u00fcr eine schnellere Lieferung (3\u20135 Tage) anfordern. Hierf\u00fcr fallen jedoch zus\u00e4tzliche Versandkosten an. Bitte kontaktieren Sie uns vor Ihrer Bestellung, falls Sie diese Option bevorzugen.<\/p>\n<p>Warum Sterlingsilber w\u00e4hlen?<\/p>\n<p>\u2661 Sterlingsilber ist ein zeitloses und elegantes Metall, das f\u00fcr seinen einzigartigen Glanz und seine anhaltende Sch\u00f6nheit gesch\u00e4tzt wird. Gefertigt aus 925er Sterlingsilber, bietet es ein hochwertiges Tragegef\u00fchl und eine ausgezeichnete Anlaufbest\u00e4ndigkeit und ist somit perfekt f\u00fcr den Alltag geeignet. Im Vergleich zu anderen Metallen ist Sterlingsilber hypoallergen und hautfreundlich, was es zur idealen Wahl f\u00fcr Menschen mit empfindlicher Haut macht. Ob als Geschenk oder f\u00fcr den Eigengebrauch \u2013 Sterlingsilberschmuck verleiht jedem Outfit einen Hauch von Eleganz und Pers\u00f6nlichkeit.<\/p>\n<p>Wie pflegt man Schmuck aus Sterlingsilber?<\/p>\n<p>\u2661 Um den Glanz Ihres Silberschmucks zu erhalten, vermeiden Sie den Kontakt mit Wasser, Parf\u00fcm und Chemikalien. Bewahren Sie ihn in einem trockenen, luftdichten Schmuckk\u00e4stchen auf, wenn Sie ihn nicht tragen. Reinigen Sie ihn regelm\u00e4\u00dfig mit einem weichen Tuch, um Anlaufen zu entfernen. Sollte er mit der Zeit dunkler werden, verwenden Sie ein Silberputztuch oder ein mildes Silberputzmittel, um den Glanz wiederherzustellen. Bei richtiger Pflege beh\u00e4lt Ihr Silberschmuck seinen Glanz \u00fcber viele Jahre.<\/p>\n<p>\u2661Hinweis: Seien Sie beim Verstellen des Schmucks vorsichtig; da die Ohrringe aus Sterlingsilber, einem weichen Metall, gefertigt sind, muss beim Verstellen Vorsicht geboten sein.<\/p>\n<p>\u2661 Alle Artikel sind sorgf\u00e4ltig verpackt und in eleganten Schmuckk\u00e4stchen bereit zum Verschenken. Unsere Schmuckk\u00e4stchen sind wiederverwendbar und recycelbar. \u2661<\/p>\n<p>\u2661 Bei Fragen oder falls Sie Hilfe ben\u00f6tigen, z\u00f6gern Sie bitte nicht, uns zu kontaktieren. Wir melden uns schnellstm\u00f6glich bei Ihnen.<\/p>\n<p>\u2661Mehr Informationen \u00fcber uns<\/p>\n<p>IG: @crisjoyas_oficial<\/p>\n<p>Vielen Dank f\u00fcr Ihren Besuch und wir hoffen, dass Sie viel Spa\u00df beim Einkaufen bei uns haben \u2661<\/p>\n<p>Emily \u2661<\/p>\n<p>\u2014\u2014\u2014\u2014\u2014\u2014\u2014\u2014\u2014\u2014\u2014\u2014\u2014\u2014\u2014-<br \/>\n\u2022 Alle Bilder sind Eigentum von Crisjoyas. Alle Rechte vorbehalten.<\/p>","protected":false},"excerpt":{"rendered":"<p>100 % aus Sterlingsilber, inklusive Schmuckk\u00e4stchen \u2013 das perfekte Geschenk!<\/p>","protected":false},"featured_media":17771,"comment_status":"open","ping_status":"closed","template":"","meta":{"_themeisle_gutenberg_block_has_review":false},"product_brand":[],"product_cat":[54,46,190,56],"product_tag":[268,51,243],"class_list":{"0":"post-17233","1":"product","2":"type-product","3":"status-publish","4":"has-post-thumbnail","6":"product_cat-colecciones","7":"product_cat-novedades","8":"product_cat-pendientes","9":"product_cat-perlas","10":"product_tag-boda","11":"product_tag-perla","12":"product_tag-regalo","13":"product_shipping_class-envio-estandarlos-pedidos-seran-recibidos-antes-del-3-dias","15":"first","16":"instock","17":"sale","18":"shipping-taxable","19":"purchasable","20":"product-type-simple"},"_links":{"self":[{"href":"https:\/\/www.crisjoyas.com\/de\/wp-json\/wp\/v2\/product\/17233","targetHints":{"allow":["GET"]}}],"collection":[{"href":"https:\/\/www.crisjoyas.com\/de\/wp-json\/wp\/v2\/product"}],"about":[{"href":"https:\/\/www.crisjoyas.com\/de\/wp-json\/wp\/v2\/types\/product"}],"replies":[{"embeddable":true,"href":"https:\/\/www.crisjoyas.com\/de\/wp-json\/wp\/v2\/comments?post=17233"}],"version-history":[{"count":1,"href":"https:\/\/www.crisjoyas.com\/de\/wp-json\/wp\/v2\/product\/17233\/revisions"}],"predecessor-version":[{"id":17238,"href":"https:\/\/www.crisjoyas.com\/de\/wp-json\/wp\/v2\/product\/17233\/revisions\/17238"}],"wp:featuredmedia":[{"embeddable":true,"href":"https:\/\/www.crisjoyas.com\/de\/wp-json\/wp\/v2\/media\/17771"}],"wp:attachment":[{"href":"https:\/\/www.crisjoyas.com\/de\/wp-json\/wp\/v2\/media?parent=17233"}],"wp:term":[{"taxonomy":"product_brand","embeddable":true,"href":"https:\/\/www.crisjoyas.com\/de\/wp-json\/wp\/v2\/product_brand?post=17233"},{"taxonomy":"product_cat","embeddable":true,"href":"https:\/\/www.crisjoyas.com\/de\/wp-json\/wp\/v2\/product_cat?post=17233"},{"taxonomy":"product_tag","embeddable":true,"href":"https:\/\/www.crisjoyas.com\/de\/wp-json\/wp\/v2\/product_tag?post=17233"}],"curies":[{"name":"wp","href":"https:\/\/api.w.org\/{rel}","templated":true}]}}