{"id":17574,"date":"2026-02-25T11:54:56","date_gmt":"2026-02-25T10:54:56","guid":{"rendered":"https:\/\/www.crisjoyas.com\/?post_type=product&#038;p=17574"},"modified":"2026-03-09T15:56:01","modified_gmt":"2026-03-09T14:56:01","slug":"anillo-de-plata-de-ley-925-ondulado-con-circonitas-diseno-minimalista-y-ajustable","status":"publish","type":"product","link":"https:\/\/www.crisjoyas.com\/de\/product\/anillo-de-plata-de-ley-925-ondulado-con-circonitas-diseno-minimalista-y-ajustable\/","title":{"rendered":"Wellenf\u00f6rmiger Ring aus 925er Sterlingsilber mit Zirkonia | Minimalistisches und verstellbares Design"},"content":{"rendered":"<p>Inspiriert vom sanften Wiegen der Wasserwellen im Mondlicht, vereint dieser Ring die Reinheit von 925er Sterlingsilber mit dem zarten Funkeln ausgew\u00e4hlter Zirkonia. Sein flie\u00dfendes, organisches Design symbolisiert Anpassungsf\u00e4higkeit und inneren Frieden.<\/p>\n<p>Es ist ein minimalistisches Kleidungsst\u00fcck, entworfen f\u00fcr die moderne Frau, die m\u00fchelose Eleganz sucht. Dank seiner Verstellbarkeit passt es sich perfekt an und erinnert Sie daran, dass wahre Sch\u00f6nheit in den subtilsten und authentischsten Details liegt.<\/p>\n<p>-Material: Echtes 925er Sterlingsilber (hypoallergen und langlebig).<\/p>\n<p>-Stein: Hochwertiger Zirkonia mit Brillantschliff.<\/p>\n<p>-Gr\u00f6\u00dfe: Offenes und verstellbares Design (Einheitsgr\u00f6\u00dfe).<\/p>\n<p>-Stil: Minimalistisch, ideal zum Stapeln (Kombination mit anderen Ringen) oder zum Tragen allein.<\/p>\n<p>&nbsp;<\/p>\n<p>Paketliste:<\/p>\n<p>-Schmuckk\u00e4stchen * 1<\/p>\n<p>-Silberpoliertuch * 1<\/p>\n<p>Warum Sterlingsilber w\u00e4hlen?<\/p>\n<p>\u2661 Sterlingsilber ist ein zeitloses und elegantes Metall, das f\u00fcr seinen einzigartigen Glanz und seine anhaltende Sch\u00f6nheit gesch\u00e4tzt wird. Hergestellt aus 925er Sterlingsilber, bietet es ein hochwertiges Tragegef\u00fchl und eine ausgezeichnete Anlaufbest\u00e4ndigkeit und ist somit perfekt f\u00fcr den Alltag geeignet. Im Vergleich zu anderen Metallen ist Sterlingsilber hypoallergen und hautfreundlich, was es zur idealen Wahl f\u00fcr Menschen mit empfindlicher Haut macht. Ob als Geschenk oder f\u00fcr den Eigengebrauch \u2013 Schmuck aus Sterlingsilber verleiht jedem Outfit einen Hauch von Eleganz und Individualit\u00e4t.<\/p>\n<p>&nbsp;<\/p>\n<p>Wie pflegt man Sterlingsilberschmuck?<\/p>\n<p>\u2661 Um den Glanz Ihres Sterlingsilberschmucks zu erhalten, vermeiden Sie den Kontakt mit Wasser, Parf\u00fcm und Chemikalien. Bewahren Sie sie bei Nichtgebrauch in einer trockenen, verschlossenen Schmuckschatulle auf. Reinigen Sie sie regelm\u00e4\u00dfig mit einem weichen Tuch, um Anlauffarben zu entfernen. Wenn es mit der Zeit dunkler wird, verwenden Sie ein Silberpoliertuch oder einen milden Silberreiniger, um den Glanz wiederherzustellen. Bei richtiger Pflege bleibt Ihr Sterlingsilberschmuck jahrelang strahlend!<\/p>\n<p>&nbsp;<\/p>\n<p>\u2661Hinweis: Bitte seien Sie beim Verstellen des Schmucks vorsichtig; da die Ohrringe aus Sterlingsilber, einem weichen Metall, gefertigt sind, muss beim Verstellen besondere Vorsicht geboten sein.<\/p>\n<p>\u2661 Alle Artikel sind wundersch\u00f6n verpackt und bereit zum Verschenken in eleganten Schmuckschatullen. Unsere Schmuckschatullen sind wiederverwendbar und recycelbar \u2661.<\/p>\n<p>&nbsp;<\/p>\n<p>Lieferzeit:<\/p>\n<p>\u2661 Dieses Design ist in 1\u20132 Werktagen versandfertig. Die Lieferung erfolgt in der Regel innerhalb von 10 Tagen.<\/p>\n<p>F\u00fcr die R\u00fcckgabe oder den Umtausch haben Sie 30 Tage Zeit.<\/p>\n<p>&nbsp;<\/p>\n<p>Mehr \u00fcber uns:<\/p>\n<p>IG: @crisjoyas_oficial<\/p>\n<p>\u2661 Haben Sie Fragen oder ben\u00f6tigen Sie Hilfe? Z\u00f6gern Sie nicht, uns zu kontaktieren. Wir antworten schnell. Vielen Dank f\u00fcr Ihren Besuch und viel Spa\u00df beim Einkaufen! \u2661<\/p>","protected":false},"excerpt":{"rendered":"<p>100% aus Sterlingsilber, Lieferung in Schmuckschatulle.<\/p>","protected":false},"featured_media":17738,"comment_status":"open","ping_status":"closed","template":"","meta":{"_themeisle_gutenberg_block_has_review":false},"product_brand":[],"product_cat":[11,54,46],"product_tag":[],"class_list":{"0":"post-17574","1":"product","2":"type-product","3":"status-publish","4":"has-post-thumbnail","6":"product_cat-anillos","7":"product_cat-colecciones","8":"product_cat-novedades","9":"product_shipping_class-envio-estandarlos-pedidos-seran-recibidos-antes-del-3-dias","11":"first","12":"instock","13":"sale","14":"shipping-taxable","15":"purchasable","16":"product-type-simple"},"_links":{"self":[{"href":"https:\/\/www.crisjoyas.com\/de\/wp-json\/wp\/v2\/product\/17574","targetHints":{"allow":["GET"]}}],"collection":[{"href":"https:\/\/www.crisjoyas.com\/de\/wp-json\/wp\/v2\/product"}],"about":[{"href":"https:\/\/www.crisjoyas.com\/de\/wp-json\/wp\/v2\/types\/product"}],"replies":[{"embeddable":true,"href":"https:\/\/www.crisjoyas.com\/de\/wp-json\/wp\/v2\/comments?post=17574"}],"version-history":[{"count":2,"href":"https:\/\/www.crisjoyas.com\/de\/wp-json\/wp\/v2\/product\/17574\/revisions"}],"predecessor-version":[{"id":17745,"href":"https:\/\/www.crisjoyas.com\/de\/wp-json\/wp\/v2\/product\/17574\/revisions\/17745"}],"wp:featuredmedia":[{"embeddable":true,"href":"https:\/\/www.crisjoyas.com\/de\/wp-json\/wp\/v2\/media\/17738"}],"wp:attachment":[{"href":"https:\/\/www.crisjoyas.com\/de\/wp-json\/wp\/v2\/media?parent=17574"}],"wp:term":[{"taxonomy":"product_brand","embeddable":true,"href":"https:\/\/www.crisjoyas.com\/de\/wp-json\/wp\/v2\/product_brand?post=17574"},{"taxonomy":"product_cat","embeddable":true,"href":"https:\/\/www.crisjoyas.com\/de\/wp-json\/wp\/v2\/product_cat?post=17574"},{"taxonomy":"product_tag","embeddable":true,"href":"https:\/\/www.crisjoyas.com\/de\/wp-json\/wp\/v2\/product_tag?post=17574"}],"curies":[{"name":"wp","href":"https:\/\/api.w.org\/{rel}","templated":true}]}}