{"id":17580,"date":"2026-02-25T12:29:12","date_gmt":"2026-02-25T11:29:12","guid":{"rendered":"https:\/\/www.crisjoyas.com\/?post_type=product&#038;p=17580"},"modified":"2026-02-27T11:18:22","modified_gmt":"2026-02-27T10:18:22","slug":"gargantilla-de-plata-925-banada-en-oro-colgante-de-flor-y-perla-natural-con-estilo-minimalista","status":"publish","type":"product","link":"https:\/\/www.crisjoyas.com\/de\/product\/gargantilla-de-plata-925-banada-en-oro-colgante-de-flor-y-perla-natural-con-estilo-minimalista\/","title":{"rendered":"Choker aus 925er Sterlingsilber mit Goldplattierung | Minimalistischer Anh\u00e4nger mit Blume und Naturperle"},"content":{"rendered":"<p>Dieses Schmuckst\u00fcck ist der zeitlosen Eleganz der Natur im Fr\u00fchling entsprungen. Das Design vereint zwei zarte Bl\u00fcten: eine strahlend mit funkelnden Zirkonia, die andere mit einer minimalistischen Goldumrandung \u2013 Symbole f\u00fcr die Dualit\u00e4t der modernen Frau: strahlend und nat\u00fcrlich zugleich.<\/p>\n<p>Der Y-f\u00f6rmige Anh\u00e4nger endet mit einer zarten Perle und verleiht dem Dekollet\u00e9 eine flie\u00dfende Bewegung. Gefertigt aus 925er Sterlingsilber mit einer exquisiten Vergoldung, ist diese Halskette eine Hommage an Weiblichkeit, Reinheit und Neubeginn.<\/p>\n<ul>\n<li>\n<p data-path-to-node=\"11,0,0\"><b data-path-to-node=\"11,0,0\" data-index-in-node=\"0\">Grundmaterial:<\/b> 925er Sterlingsilber mit 18-kar\u00e4tiger Vergoldung (Hohe Haltbarkeit).<\/p>\n<\/li>\n<li>\n<p data-path-to-node=\"11,1,0\"><b data-path-to-node=\"11,1,0\" data-index-in-node=\"0\">Details:<\/b> Zirkonia in AAA-Qualit\u00e4t und hochgl\u00e4nzende synthetische Perlen.<\/p>\n<\/li>\n<li>\n<p data-path-to-node=\"11,2,0\"><b data-path-to-node=\"11,2,0\" data-index-in-node=\"0\">Stil:<\/b> Das Design im Krawattenstil (Y-f\u00f6rmige Halskette) verl\u00e4ngert optisch den Hals.<\/p>\n<\/li>\n<li>\n<p data-path-to-node=\"11,3,0\"><b data-path-to-node=\"11,3,0\" data-index-in-node=\"0\">Chance:<\/b> Perfekt f\u00fcr besondere Anl\u00e4sse oder um einen romantischen Alltagslook aufzuwerten.<\/p>\n<\/li>\n<\/ul>\n<p>&nbsp;<\/p>\n<p>Paketliste:<\/p>\n<p>Blumenkette*1<\/p>\n<p>Schmuckk\u00e4stchen * 1<\/p>\n<p>&nbsp;<\/p>\n<p>Warum Sterlingsilber w\u00e4hlen?<\/p>\n<p>\u2661 Sterlingsilber ist ein zeitloses und elegantes Metall, das f\u00fcr seinen einzigartigen Glanz und seine anhaltende Sch\u00f6nheit gesch\u00e4tzt wird. Hergestellt aus 925er Sterlingsilber, bietet es ein hochwertiges Tragegef\u00fchl und eine ausgezeichnete Anlaufbest\u00e4ndigkeit und ist somit perfekt f\u00fcr den Alltag geeignet. Im Vergleich zu anderen Metallen ist Sterlingsilber hypoallergen und hautfreundlich, was es zur idealen Wahl f\u00fcr Menschen mit empfindlicher Haut macht. Ob als Geschenk oder f\u00fcr den Eigengebrauch \u2013 Schmuck aus Sterlingsilber verleiht jedem Outfit einen Hauch von Eleganz und Individualit\u00e4t.<\/p>\n<p>&nbsp;<\/p>\n<p>Wie pflegt man Sterlingsilberschmuck?<\/p>\n<p>\u2661 Um den Glanz Ihres Sterlingsilberschmucks zu erhalten, vermeiden Sie den Kontakt mit Wasser, Parf\u00fcm und Chemikalien. Bewahren Sie sie bei Nichtgebrauch in einer trockenen, verschlossenen Schmuckschatulle auf. Reinigen Sie sie regelm\u00e4\u00dfig mit einem weichen Tuch, um Anlauffarben zu entfernen. Wenn es mit der Zeit dunkler wird, verwenden Sie ein Silberpoliertuch oder einen milden Silberreiniger, um den Glanz wiederherzustellen. Bei richtiger Pflege bleibt Ihr Sterlingsilberschmuck jahrelang strahlend!<\/p>\n<p>&nbsp;<\/p>\n<p>\u2661Hinweis: Bitte seien Sie beim Verstellen des Schmucks vorsichtig; da die Ohrringe aus Sterlingsilber, einem weichen Metall, gefertigt sind, muss beim Verstellen besondere Vorsicht geboten sein.<\/p>\n<p>\u2661 Alle Artikel sind wundersch\u00f6n verpackt und bereit zum Verschenken in eleganten Schmuckschatullen. Unsere Schmuckschatullen sind wiederverwendbar und recycelbar \u2661.<\/p>\n<p>&nbsp;<\/p>\n<p>Lieferzeit:<\/p>\n<p>\u2661 Dieses Design ist in 1\u20132 Werktagen versandfertig. Die Lieferung erfolgt in der Regel innerhalb von 10 Tagen.<\/p>\n<p>F\u00fcr die R\u00fcckgabe oder den Umtausch haben Sie 30 Tage Zeit.<\/p>\n<p>&nbsp;<\/p>\n<p>Mehr \u00fcber uns:<\/p>\n<p>IG: @crisjoyas_oficial<\/p>\n<p>\u2661 Haben Sie Fragen oder ben\u00f6tigen Sie Hilfe? Z\u00f6gern Sie nicht, uns zu kontaktieren. Wir antworten schnell. Vielen Dank f\u00fcr Ihren Besuch und viel Spa\u00df beim Einkaufen! \u2661<\/p>","protected":false},"excerpt":{"rendered":"<p>100% aus Sterlingsilber, Lieferung in Schmuckschatulle.<\/p>","protected":false},"featured_media":17730,"comment_status":"open","ping_status":"closed","template":"","meta":{"_themeisle_gutenberg_block_has_review":false},"product_brand":[],"product_cat":[54,23,55,46,56],"product_tag":[243],"class_list":{"0":"post-17580","1":"product","2":"type-product","3":"status-publish","4":"has-post-thumbnail","6":"product_cat-colecciones","7":"product_cat-collares","8":"product_cat-cristales","9":"product_cat-novedades","10":"product_cat-perlas","11":"product_tag-regalo","12":"product_shipping_class-envio-estandarlos-pedidos-seran-recibidos-antes-del-3-dias","14":"first","15":"instock","16":"sale","17":"shipping-taxable","18":"purchasable","19":"product-type-simple"},"_links":{"self":[{"href":"https:\/\/www.crisjoyas.com\/de\/wp-json\/wp\/v2\/product\/17580","targetHints":{"allow":["GET"]}}],"collection":[{"href":"https:\/\/www.crisjoyas.com\/de\/wp-json\/wp\/v2\/product"}],"about":[{"href":"https:\/\/www.crisjoyas.com\/de\/wp-json\/wp\/v2\/types\/product"}],"replies":[{"embeddable":true,"href":"https:\/\/www.crisjoyas.com\/de\/wp-json\/wp\/v2\/comments?post=17580"}],"version-history":[{"count":1,"href":"https:\/\/www.crisjoyas.com\/de\/wp-json\/wp\/v2\/product\/17580\/revisions"}],"predecessor-version":[{"id":17587,"href":"https:\/\/www.crisjoyas.com\/de\/wp-json\/wp\/v2\/product\/17580\/revisions\/17587"}],"wp:featuredmedia":[{"embeddable":true,"href":"https:\/\/www.crisjoyas.com\/de\/wp-json\/wp\/v2\/media\/17730"}],"wp:attachment":[{"href":"https:\/\/www.crisjoyas.com\/de\/wp-json\/wp\/v2\/media?parent=17580"}],"wp:term":[{"taxonomy":"product_brand","embeddable":true,"href":"https:\/\/www.crisjoyas.com\/de\/wp-json\/wp\/v2\/product_brand?post=17580"},{"taxonomy":"product_cat","embeddable":true,"href":"https:\/\/www.crisjoyas.com\/de\/wp-json\/wp\/v2\/product_cat?post=17580"},{"taxonomy":"product_tag","embeddable":true,"href":"https:\/\/www.crisjoyas.com\/de\/wp-json\/wp\/v2\/product_tag?post=17580"}],"curies":[{"name":"wp","href":"https:\/\/api.w.org\/{rel}","templated":true}]}}