{"id":17628,"date":"2026-02-26T11:15:50","date_gmt":"2026-02-26T10:15:50","guid":{"rendered":"https:\/\/www.crisjoyas.com\/?post_type=product&#038;p=17628"},"modified":"2026-02-26T11:15:50","modified_gmt":"2026-02-26T10:15:50","slug":"collar-de-gotas-de-cristal-morado-en-plata-de-ley-925-gargantilla-elegante-con-circonitas-para-mujer-joyeria-fina","status":"publish","type":"product","link":"https:\/\/www.crisjoyas.com\/de\/product\/collar-de-gotas-de-cristal-morado-en-plata-de-ley-925-gargantilla-elegante-con-circonitas-para-mujer-joyeria-fina\/","title":{"rendered":"Lila Kristallanh\u00e4nger aus 925er Sterlingsilber, elegantes Choker-Halsband mit Zirkonia f\u00fcr Damen, edler Schmuck"},"content":{"rendered":"<p>Dieses Schmuckst\u00fcck ist von einem Sonnenuntergang \u00fcber Lavendelfeldern inspiriert, wo die letzten Sonnenstrahlen die Landschaft in warme Gold- und Violettt\u00f6ne tauchen. Das Design f\u00e4ngt die Essenz moderner Weiblichkeit ein: zart und doch mit einer lebendigen Pers\u00f6nlichkeit.<\/p>\n<p>Die Halskette ist aus 925er Sterlingsilber gefertigt und besticht durch ihre edle Verarbeitung. Sie ziert eine rhythmische Anordnung von Kristallen in zwei verschiedenen Schliffen: runde Zirkonia, die f\u00fcr klassische Brillanz sorgen, und rechteckige, amethystfarbene Kristalle, die eine mystische Tiefe verleihen. Diese Kombination geometrischer Formen erzeugt einen sanften Lichteffekt, der anmutig \u00fcber die Haut gleitet und das Dekollet\u00e9 mit franz\u00f6sischer Eleganz umspielt. Dieses Schmuckst\u00fcck ist f\u00fcr die Frau entworfen, die ein besonderes Detail sucht, das einen schlichten Look in ein elegantes und unwiderstehliches Statement verwandelt.<\/p>\n<p>\u2013 Material: Hochwertiges massives 925 Sterlingsilber<\/p>\n<p>\u2013 Stein: Kristall &amp; Zirkon<\/p>\n<p>\u2013 Gr\u00f6\u00dfe: 40 + 5 cm<\/p>\n<p>&nbsp;<\/p>\n<p>Paketliste:<\/p>\n<p>-Silberne Halskette * 1<\/p>\n<p>-Schmuckk\u00e4stchen * 1<\/p>\n<p>&nbsp;<\/p>\n<p>Warum Sterlingsilber w\u00e4hlen?<\/p>\n<p>\u2661 Sterlingsilber ist ein zeitloses und elegantes Metall, das f\u00fcr seinen einzigartigen Glanz und seine anhaltende Sch\u00f6nheit gesch\u00e4tzt wird. Hergestellt aus 925er Sterlingsilber, bietet es ein hochwertiges Tragegef\u00fchl und eine ausgezeichnete Anlaufbest\u00e4ndigkeit und ist somit perfekt f\u00fcr den Alltag geeignet. Im Vergleich zu anderen Metallen ist Sterlingsilber hypoallergen und hautfreundlich, was es zur idealen Wahl f\u00fcr Menschen mit empfindlicher Haut macht. Ob als Geschenk oder f\u00fcr den Eigengebrauch \u2013 Schmuck aus Sterlingsilber verleiht jedem Outfit einen Hauch von Eleganz und Individualit\u00e4t.<\/p>\n<p>&nbsp;<\/p>\n<p>Wie pflegt man Sterlingsilberschmuck?<\/p>\n<p>\u2661 Um den Glanz Ihres Sterlingsilberschmucks zu erhalten, vermeiden Sie den Kontakt mit Wasser, Parf\u00fcm und Chemikalien. Bewahren Sie sie bei Nichtgebrauch in einer trockenen, verschlossenen Schmuckschatulle auf. Reinigen Sie sie regelm\u00e4\u00dfig mit einem weichen Tuch, um Anlauffarben zu entfernen. Wenn es mit der Zeit dunkler wird, verwenden Sie ein Silberpoliertuch oder einen milden Silberreiniger, um den Glanz wiederherzustellen. Bei richtiger Pflege bleibt Ihr Sterlingsilberschmuck jahrelang strahlend!<\/p>\n<p>&nbsp;<\/p>\n<p>\u2661Hinweis: Bitte seien Sie beim Verstellen des Schmucks vorsichtig; da die Ohrringe aus Sterlingsilber, einem weichen Metall, gefertigt sind, muss beim Verstellen besondere Vorsicht geboten sein.<\/p>\n<p>\u2661 Alle Artikel sind wundersch\u00f6n verpackt und bereit zum Verschenken in eleganten Schmuckschatullen. Unsere Schmuckschatullen sind wiederverwendbar und recycelbar \u2661.<\/p>\n<p>&nbsp;<\/p>\n<p>Lieferzeit:<\/p>\n<p>\u2661 Dieses Design ist in 1\u20132 Werktagen versandfertig. Die Lieferung erfolgt in der Regel innerhalb von 10 Tagen.<\/p>\n<p>F\u00fcr die R\u00fcckgabe oder den Umtausch haben Sie 30 Tage Zeit.<\/p>\n<p>&nbsp;<\/p>\n<p>Mehr \u00fcber uns:<\/p>\n<p>IG: @crisjoyas_oficial<\/p>\n<p>\u2661 Haben Sie Fragen oder ben\u00f6tigen Sie Hilfe? Z\u00f6gern Sie nicht, uns zu kontaktieren. Wir antworten schnell. Vielen Dank f\u00fcr Ihren Besuch und viel Spa\u00df beim Einkaufen! \u2661<\/p>","protected":false},"excerpt":{"rendered":"<p>100% aus Sterlingsilber, Lieferung in Schmuckschatulle.<\/p>","protected":false},"featured_media":17629,"comment_status":"open","ping_status":"closed","template":"","meta":{"_themeisle_gutenberg_block_has_review":false},"product_brand":[],"product_cat":[54,23,55,46],"product_tag":[268,243],"class_list":{"0":"post-17628","1":"product","2":"type-product","3":"status-publish","4":"has-post-thumbnail","6":"product_cat-colecciones","7":"product_cat-collares","8":"product_cat-cristales","9":"product_cat-novedades","10":"product_tag-boda","11":"product_tag-regalo","12":"product_shipping_class-envio-estandarlos-pedidos-seran-recibidos-antes-del-3-dias","14":"first","15":"instock","16":"sale","17":"shipping-taxable","18":"purchasable","19":"product-type-simple"},"_links":{"self":[{"href":"https:\/\/www.crisjoyas.com\/de\/wp-json\/wp\/v2\/product\/17628","targetHints":{"allow":["GET"]}}],"collection":[{"href":"https:\/\/www.crisjoyas.com\/de\/wp-json\/wp\/v2\/product"}],"about":[{"href":"https:\/\/www.crisjoyas.com\/de\/wp-json\/wp\/v2\/types\/product"}],"replies":[{"embeddable":true,"href":"https:\/\/www.crisjoyas.com\/de\/wp-json\/wp\/v2\/comments?post=17628"}],"version-history":[{"count":1,"href":"https:\/\/www.crisjoyas.com\/de\/wp-json\/wp\/v2\/product\/17628\/revisions"}],"predecessor-version":[{"id":17635,"href":"https:\/\/www.crisjoyas.com\/de\/wp-json\/wp\/v2\/product\/17628\/revisions\/17635"}],"wp:featuredmedia":[{"embeddable":true,"href":"https:\/\/www.crisjoyas.com\/de\/wp-json\/wp\/v2\/media\/17629"}],"wp:attachment":[{"href":"https:\/\/www.crisjoyas.com\/de\/wp-json\/wp\/v2\/media?parent=17628"}],"wp:term":[{"taxonomy":"product_brand","embeddable":true,"href":"https:\/\/www.crisjoyas.com\/de\/wp-json\/wp\/v2\/product_brand?post=17628"},{"taxonomy":"product_cat","embeddable":true,"href":"https:\/\/www.crisjoyas.com\/de\/wp-json\/wp\/v2\/product_cat?post=17628"},{"taxonomy":"product_tag","embeddable":true,"href":"https:\/\/www.crisjoyas.com\/de\/wp-json\/wp\/v2\/product_tag?post=17628"}],"curies":[{"name":"wp","href":"https:\/\/api.w.org\/{rel}","templated":true}]}}