{"id":17636,"date":"2026-02-26T11:29:28","date_gmt":"2026-02-26T10:29:28","guid":{"rendered":"https:\/\/www.crisjoyas.com\/?post_type=product&#038;p=17636"},"modified":"2026-02-26T11:29:29","modified_gmt":"2026-02-26T10:29:29","slug":"long-dangle-threader-earrings-925-sterling-silver-minimalist-line-earrings-shimmering-bar-jewelry-for-women","status":"publish","type":"product","link":"https:\/\/www.crisjoyas.com\/de\/product\/long-dangle-threader-earrings-925-sterling-silver-minimalist-line-earrings-shimmering-bar-jewelry-for-women\/","title":{"rendered":"Lange, baumelnde Ohrh\u00e4nger | Minimalistische Ohrh\u00e4nger aus 925er Sterlingsilber | Funkelnder Schmuck f\u00fcr Damen"},"content":{"rendered":"<p data-path-to-node=\"3\">Dieses Design zeichnet sich durch seine filigrane Kette aus <b data-path-to-node=\"3\" data-index-in-node=\"51\">925 Sterlingsilber<\/b>, Das Schmuckst\u00fcck gipfelt in einem Metallstab mit feinen, pr\u00e4zise geschliffenen Facetten. Dank dieser speziellen Bearbeitungstechnik f\u00e4ngt und reflektiert es bei jeder Bewegung \u2013 ob beim Drehen des Gesichts oder Neigen des Kopfes \u2013 Lichtblitze, die denen winziger Diamanten \u00e4hneln.<\/p>\n<p data-path-to-node=\"4\">Seine geradlinige, vertikale Struktur sorgt f\u00fcr eine au\u00dfergew\u00f6hnliche Figurformung, verl\u00e4ngert optisch den Hals und vermittelt ein Gef\u00fchl von ruhiger, minimalistischer Eleganz. Es ist ein schwereloses Design, dessen Sch\u00f6nheit nicht in Prahlerei, sondern in jener fl\u00fcchtigen Brillanz liegt, die anmutig erscheint und wieder verschwindet.<\/p>\n<p data-path-to-node=\"5\">Ob zu einem professionell geschnittenen Hemd oder einem schulterfreien Abendkleid \u2013 diese Ohrringe f\u00fcgen sich mit absoluter Leichtigkeit ein und werden zum dynamischsten und raffiniertesten leuchtenden Detail Ihres Stils.<\/p>\n<p data-path-to-node=\"5\">\n<p>\u2013 Material: Hochwertiges massives 925 Sterlingsilber<\/p>\n<p>\u2013 Gr\u00f6\u00dfe: 3,5 + 8 cm<\/p>\n<p>&nbsp;<\/p>\n<p>Paketliste:<\/p>\n<p>-Silberne Ohrringe * 2<\/p>\n<p>-Schmuckk\u00e4stchen * 1<\/p>\n<p>&nbsp;<\/p>\n<p>Warum Sterlingsilber w\u00e4hlen?<\/p>\n<p>\u2661 Sterlingsilber ist ein zeitloses und elegantes Metall, das f\u00fcr seinen einzigartigen Glanz und seine anhaltende Sch\u00f6nheit gesch\u00e4tzt wird. Hergestellt aus 925er Sterlingsilber, bietet es ein hochwertiges Tragegef\u00fchl und eine ausgezeichnete Anlaufbest\u00e4ndigkeit und ist somit perfekt f\u00fcr den Alltag geeignet. Im Vergleich zu anderen Metallen ist Sterlingsilber hypoallergen und hautfreundlich, was es zur idealen Wahl f\u00fcr Menschen mit empfindlicher Haut macht. Ob als Geschenk oder f\u00fcr den Eigengebrauch \u2013 Schmuck aus Sterlingsilber verleiht jedem Outfit einen Hauch von Eleganz und Individualit\u00e4t.<\/p>\n<p>&nbsp;<\/p>\n<p>Wie pflegt man Sterlingsilberschmuck?<\/p>\n<p>\u2661 Um den Glanz Ihres Sterlingsilberschmucks zu erhalten, vermeiden Sie den Kontakt mit Wasser, Parf\u00fcm und Chemikalien. Bewahren Sie sie bei Nichtgebrauch in einer trockenen, verschlossenen Schmuckschatulle auf. Reinigen Sie sie regelm\u00e4\u00dfig mit einem weichen Tuch, um Anlauffarben zu entfernen. Wenn es mit der Zeit dunkler wird, verwenden Sie ein Silberpoliertuch oder einen milden Silberreiniger, um den Glanz wiederherzustellen. Bei richtiger Pflege bleibt Ihr Sterlingsilberschmuck jahrelang strahlend!<\/p>\n<p>&nbsp;<\/p>\n<p>\u2661Hinweis: Bitte seien Sie beim Verstellen des Schmucks vorsichtig; da die Ohrringe aus Sterlingsilber, einem weichen Metall, gefertigt sind, muss beim Verstellen besondere Vorsicht geboten sein.<\/p>\n<p>\u2661 Alle Artikel sind wundersch\u00f6n verpackt und bereit zum Verschenken in eleganten Schmuckschatullen. Unsere Schmuckschatullen sind wiederverwendbar und recycelbar \u2661.<\/p>\n<p>&nbsp;<\/p>\n<p>Lieferzeit:<\/p>\n<p>\u2661 Dieses Design ist in 1\u20132 Werktagen versandfertig. Die Lieferung erfolgt in der Regel innerhalb von 10 Tagen.<\/p>\n<p>F\u00fcr die R\u00fcckgabe oder den Umtausch haben Sie 30 Tage Zeit.<\/p>\n<p>&nbsp;<\/p>\n<p>Mehr \u00fcber uns:<\/p>\n<p>IG: @crisjoyas_oficial<\/p>\n<p>\u2661 Haben Sie Fragen oder ben\u00f6tigen Sie Hilfe? Z\u00f6gern Sie nicht, uns zu kontaktieren. Wir antworten schnell. Vielen Dank f\u00fcr Ihren Besuch und viel Spa\u00df beim Einkaufen! \u2661<\/p>","protected":false},"excerpt":{"rendered":"<p>100% aus Sterlingsilber, Lieferung in Schmuckschatulle.<\/p>","protected":false},"featured_media":17637,"comment_status":"open","ping_status":"closed","template":"","meta":{"_themeisle_gutenberg_block_has_review":false},"product_brand":[],"product_cat":[57,54,46,190],"product_tag":[],"class_list":{"0":"post-17636","1":"product","2":"type-product","3":"status-publish","4":"has-post-thumbnail","6":"product_cat-basicos","7":"product_cat-colecciones","8":"product_cat-novedades","9":"product_cat-pendientes","10":"product_shipping_class-envio-estandarlos-pedidos-seran-recibidos-antes-del-3-dias","12":"first","13":"instock","14":"sale","15":"shipping-taxable","16":"purchasable","17":"product-type-simple"},"_links":{"self":[{"href":"https:\/\/www.crisjoyas.com\/de\/wp-json\/wp\/v2\/product\/17636","targetHints":{"allow":["GET"]}}],"collection":[{"href":"https:\/\/www.crisjoyas.com\/de\/wp-json\/wp\/v2\/product"}],"about":[{"href":"https:\/\/www.crisjoyas.com\/de\/wp-json\/wp\/v2\/types\/product"}],"replies":[{"embeddable":true,"href":"https:\/\/www.crisjoyas.com\/de\/wp-json\/wp\/v2\/comments?post=17636"}],"version-history":[{"count":1,"href":"https:\/\/www.crisjoyas.com\/de\/wp-json\/wp\/v2\/product\/17636\/revisions"}],"predecessor-version":[{"id":17644,"href":"https:\/\/www.crisjoyas.com\/de\/wp-json\/wp\/v2\/product\/17636\/revisions\/17644"}],"wp:featuredmedia":[{"embeddable":true,"href":"https:\/\/www.crisjoyas.com\/de\/wp-json\/wp\/v2\/media\/17637"}],"wp:attachment":[{"href":"https:\/\/www.crisjoyas.com\/de\/wp-json\/wp\/v2\/media?parent=17636"}],"wp:term":[{"taxonomy":"product_brand","embeddable":true,"href":"https:\/\/www.crisjoyas.com\/de\/wp-json\/wp\/v2\/product_brand?post=17636"},{"taxonomy":"product_cat","embeddable":true,"href":"https:\/\/www.crisjoyas.com\/de\/wp-json\/wp\/v2\/product_cat?post=17636"},{"taxonomy":"product_tag","embeddable":true,"href":"https:\/\/www.crisjoyas.com\/de\/wp-json\/wp\/v2\/product_tag?post=17636"}],"curies":[{"name":"wp","href":"https:\/\/api.w.org\/{rel}","templated":true}]}}