{"id":17652,"date":"2026-02-26T12:03:36","date_gmt":"2026-02-26T11:03:36","guid":{"rendered":"https:\/\/www.crisjoyas.com\/?post_type=product&#038;p=17652"},"modified":"2026-02-27T10:32:18","modified_gmt":"2026-02-27T09:32:18","slug":"anillo-minimalista-de-conchas-en-plata-925-joyeria-hecha-a-mano-para-mujer-regalo-de-cumpleanos-elegante","status":"publish","type":"product","link":"https:\/\/www.crisjoyas.com\/de\/product\/anillo-minimalista-de-conchas-en-plata-925-joyeria-hecha-a-mano-para-mujer-regalo-de-cumpleanos-elegante\/","title":{"rendered":"Minimalistischer Muschelring aus 925er Sterlingsilber | Handgefertigter Schmuck f\u00fcr Damen | Elegantes Geburtstagsgeschenk"},"content":{"rendered":"<p>Dieses Design ist inspiriert von der Ruhe der Mittelmeerk\u00fcste und der organischen Sch\u00f6nheit des Meeres. Es ist eine Hommage an die Muschel, ein ewiges Symbol f\u00fcr Schutz, Geburt und Gl\u00fcck.<br \/>\nDer Ring besticht durch eine Reihe detailreich gearbeiteter Muscheln, die sich zu einer zarten Krone um den Finger winden. Jede Muschel wurde so geformt, dass ihre nat\u00fcrlichen Linien und die geriffelte Textur hervorgehoben werden und die Essenz der Natur im Miniaturformat eingefangen wird.<br \/>\nDank seines offenen und verstellbaren Designs passt dieser Ring perfekt an jede Gr\u00f6\u00dfe und symbolisiert die Flie\u00dff\u00e4higkeit und Freiheit des Wassers. Er ist das ideale Schmuckst\u00fcck f\u00fcr alle, die ein St\u00fcck Sommer und die Ruhe des Meeres bei sich tragen m\u00f6chten und jedem Outfit \u2013 vom leichten Kleid bis zum l\u00e4ssigen B\u00fcro-Look \u2013 eine frische und unkonventionelle Note verleihen wollen.<\/p>\n<p>&nbsp;<\/p>\n<p>\u2013 Material: Hochwertiges massives 925 Sterlingsilber<\/p>\n<p>\u2013 Gr\u00f6\u00dfe: Einstellbar<\/p>\n<p>&nbsp;<\/p>\n<p>Paketliste:<\/p>\n<p>-Silberring * 1<\/p>\n<p>-Schmuckk\u00e4stchen * 1<\/p>\n<p>-Silberpoliertuch * 1<\/p>\n<p>&nbsp;<\/p>\n<p>Warum Sterlingsilber w\u00e4hlen?<\/p>\n<p>\u2661 Sterlingsilber ist ein zeitloses und elegantes Metall, das f\u00fcr seinen einzigartigen Glanz und seine anhaltende Sch\u00f6nheit gesch\u00e4tzt wird. Hergestellt aus 925er Sterlingsilber, bietet es ein hochwertiges Tragegef\u00fchl und eine ausgezeichnete Anlaufbest\u00e4ndigkeit und ist somit perfekt f\u00fcr den Alltag geeignet. Im Vergleich zu anderen Metallen ist Sterlingsilber hypoallergen und hautfreundlich, was es zur idealen Wahl f\u00fcr Menschen mit empfindlicher Haut macht. Ob als Geschenk oder f\u00fcr den Eigengebrauch \u2013 Schmuck aus Sterlingsilber verleiht jedem Outfit einen Hauch von Eleganz und Individualit\u00e4t.<\/p>\n<p>&nbsp;<\/p>\n<p>Wie pflegt man Sterlingsilberschmuck?<\/p>\n<p>\u2661 Um den Glanz Ihres Sterlingsilberschmucks zu erhalten, vermeiden Sie den Kontakt mit Wasser, Parf\u00fcm und Chemikalien. Bewahren Sie sie bei Nichtgebrauch in einer trockenen, verschlossenen Schmuckschatulle auf. Reinigen Sie sie regelm\u00e4\u00dfig mit einem weichen Tuch, um Anlauffarben zu entfernen. Wenn es mit der Zeit dunkler wird, verwenden Sie ein Silberpoliertuch oder einen milden Silberreiniger, um den Glanz wiederherzustellen. Bei richtiger Pflege bleibt Ihr Sterlingsilberschmuck jahrelang strahlend!<\/p>\n<p>&nbsp;<\/p>\n<p>\u2661Hinweis: Bitte seien Sie beim Verstellen des Schmucks vorsichtig; da die Ohrringe aus Sterlingsilber, einem weichen Metall, gefertigt sind, muss beim Verstellen besondere Vorsicht geboten sein.<\/p>\n<p>\u2661 Alle Artikel sind wundersch\u00f6n verpackt und bereit zum Verschenken in eleganten Schmuckschatullen. Unsere Schmuckschatullen sind wiederverwendbar und recycelbar \u2661.<\/p>\n<p>&nbsp;<\/p>\n<p>Lieferzeit:<\/p>\n<p>\u2661 Dieses Design ist in 1\u20132 Werktagen versandfertig. Die Lieferung erfolgt in der Regel innerhalb von 10 Tagen.<\/p>\n<p>F\u00fcr die R\u00fcckgabe oder den Umtausch haben Sie 30 Tage Zeit.<\/p>\n<p>&nbsp;<\/p>\n<p>Mehr \u00fcber uns:<\/p>\n<p>IG: @crisjoyas_oficial<\/p>\n<p>\u2661 Haben Sie Fragen oder ben\u00f6tigen Sie Hilfe? Z\u00f6gern Sie nicht, uns zu kontaktieren. Wir antworten schnell. Vielen Dank f\u00fcr Ihren Besuch und viel Spa\u00df beim Einkaufen! \u2661<\/p>","protected":false},"excerpt":{"rendered":"<p>100% aus Sterlingsilber, Lieferung in Schmuckschatulle.<\/p>","protected":false},"featured_media":17678,"comment_status":"open","ping_status":"closed","template":"","meta":{"_themeisle_gutenberg_block_has_review":false},"product_brand":[],"product_cat":[11,57,54,46],"product_tag":[243],"class_list":{"0":"post-17652","1":"product","2":"type-product","3":"status-publish","4":"has-post-thumbnail","6":"product_cat-anillos","7":"product_cat-basicos","8":"product_cat-colecciones","9":"product_cat-novedades","10":"product_tag-regalo","11":"product_shipping_class-envio-estandarlos-pedidos-seran-recibidos-antes-del-3-dias","13":"first","14":"instock","15":"sale","16":"shipping-taxable","17":"purchasable","18":"product-type-simple"},"_links":{"self":[{"href":"https:\/\/www.crisjoyas.com\/de\/wp-json\/wp\/v2\/product\/17652","targetHints":{"allow":["GET"]}}],"collection":[{"href":"https:\/\/www.crisjoyas.com\/de\/wp-json\/wp\/v2\/product"}],"about":[{"href":"https:\/\/www.crisjoyas.com\/de\/wp-json\/wp\/v2\/types\/product"}],"replies":[{"embeddable":true,"href":"https:\/\/www.crisjoyas.com\/de\/wp-json\/wp\/v2\/comments?post=17652"}],"version-history":[{"count":2,"href":"https:\/\/www.crisjoyas.com\/de\/wp-json\/wp\/v2\/product\/17652\/revisions"}],"predecessor-version":[{"id":17677,"href":"https:\/\/www.crisjoyas.com\/de\/wp-json\/wp\/v2\/product\/17652\/revisions\/17677"}],"wp:featuredmedia":[{"embeddable":true,"href":"https:\/\/www.crisjoyas.com\/de\/wp-json\/wp\/v2\/media\/17678"}],"wp:attachment":[{"href":"https:\/\/www.crisjoyas.com\/de\/wp-json\/wp\/v2\/media?parent=17652"}],"wp:term":[{"taxonomy":"product_brand","embeddable":true,"href":"https:\/\/www.crisjoyas.com\/de\/wp-json\/wp\/v2\/product_brand?post=17652"},{"taxonomy":"product_cat","embeddable":true,"href":"https:\/\/www.crisjoyas.com\/de\/wp-json\/wp\/v2\/product_cat?post=17652"},{"taxonomy":"product_tag","embeddable":true,"href":"https:\/\/www.crisjoyas.com\/de\/wp-json\/wp\/v2\/product_tag?post=17652"}],"curies":[{"name":"wp","href":"https:\/\/api.w.org\/{rel}","templated":true}]}}