{"id":17837,"date":"2026-02-28T10:12:31","date_gmt":"2026-02-28T09:12:31","guid":{"rendered":"https:\/\/www.crisjoyas.com\/?post_type=product&#038;p=17837"},"modified":"2026-03-06T12:35:23","modified_gmt":"2026-03-06T11:35:23","slug":"pendientes-de-aro-con-cadena-y-flor-de-circonitas-en-plata-de-ley-925-joyeria-floral-elegante","status":"publish","type":"product","link":"https:\/\/www.crisjoyas.com\/de\/product\/pendientes-de-aro-con-cadena-y-flor-de-circonitas-en-plata-de-ley-925-joyeria-floral-elegante\/","title":{"rendered":"Creolen mit Kette und Zirkonia-Blume aus 925er Sterlingsilber \u2013 Eleganter Blumenschmuck"},"content":{"rendered":"<p>Dieses Schmuckst\u00fcck entspringt der Faszination f\u00fcr die Natur und ihre F\u00e4higkeit, sich durch ihr eigenes Licht zu erneuern. Das Design vereint die Modernit\u00e4t klassischer Creolen mit dem zarten Kaskadeneffekt einer Kette und gipfelt in einer Bl\u00fcte aus Zirkonia, die jeden Sonnenstrahl einf\u00e4ngt.<\/p>\n<p>Die Inspiration stammt von geheimen G\u00e4rten im Morgengrauen, wo die Bl\u00fcten noch den Tau tragen, der wie Diamanten funkelt. Dieses Schmuckst\u00fcck ist f\u00fcr die Frau entworfen, die nach der Balance zwischen Eleganz und Romantik sucht; ein Accessoire, das jedem Schritt Bewegung und einen subtilen Schimmer verleiht. Diese Ohrringe sind mehr als nur ein Accessoire; sie sind ein Symbol strahlender Weiblichkeit und zeitloser Eleganz.<\/p>\n<p>\u2013 Material: Hochwertiges massives 925 Sterlingsilber<\/p>\n<p>\u2013 Stein: Zirkon<\/p>\n<p>\u2013 Gr\u00f6\u00dfe: 12 mm * 30 mm<\/p>\n<p>&nbsp;<\/p>\n<p>Paketliste:<\/p>\n<p>-Ohrringe mit Blumenmuster * 2<\/p>\n<p>-Schmuckk\u00e4stchen * 1<\/p>\n<p>&nbsp;<\/p>\n<p>Warum Sterlingsilber w\u00e4hlen?<\/p>\n<p>\u2661 Sterlingsilber ist ein zeitloses und elegantes Metall, das f\u00fcr seinen einzigartigen Glanz und seine anhaltende Sch\u00f6nheit gesch\u00e4tzt wird. Hergestellt aus 925er Sterlingsilber, bietet es ein hochwertiges Tragegef\u00fchl und eine ausgezeichnete Anlaufbest\u00e4ndigkeit und ist somit perfekt f\u00fcr den Alltag geeignet. Im Vergleich zu anderen Metallen ist Sterlingsilber hypoallergen und hautfreundlich, was es zur idealen Wahl f\u00fcr Menschen mit empfindlicher Haut macht. Ob als Geschenk oder f\u00fcr den Eigengebrauch \u2013 Schmuck aus Sterlingsilber verleiht jedem Outfit einen Hauch von Eleganz und Individualit\u00e4t.<\/p>\n<p>&nbsp;<\/p>\n<p>Wie pflegt man Sterlingsilberschmuck?<\/p>\n<p>\u2661 Um den Glanz Ihres Sterlingsilberschmucks zu erhalten, vermeiden Sie den Kontakt mit Wasser, Parf\u00fcm und Chemikalien. Bewahren Sie sie bei Nichtgebrauch in einer trockenen, verschlossenen Schmuckschatulle auf. Reinigen Sie sie regelm\u00e4\u00dfig mit einem weichen Tuch, um Anlauffarben zu entfernen. Wenn es mit der Zeit dunkler wird, verwenden Sie ein Silberpoliertuch oder einen milden Silberreiniger, um den Glanz wiederherzustellen. Bei richtiger Pflege bleibt Ihr Sterlingsilberschmuck jahrelang strahlend!<\/p>\n<p>&nbsp;<\/p>\n<p>\u2661Hinweis: Bitte seien Sie beim Verstellen des Schmucks vorsichtig; da die Ohrringe aus Sterlingsilber, einem weichen Metall, gefertigt sind, muss beim Verstellen besondere Vorsicht geboten sein.<\/p>\n<p>\u2661 Alle Artikel sind wundersch\u00f6n verpackt und bereit zum Verschenken in eleganten Schmuckschatullen. Unsere Schmuckschatullen sind wiederverwendbar und recycelbar \u2661.<\/p>\n<p>&nbsp;<\/p>\n<p>Lieferzeit:<\/p>\n<p>\u2661 Dieses Design ist in 1\u20132 Werktagen versandfertig. Die Lieferung erfolgt in der Regel innerhalb von 10 Tagen.<\/p>\n<p>F\u00fcr die R\u00fcckgabe oder den Umtausch haben Sie 30 Tage Zeit.<\/p>\n<p>&nbsp;<\/p>\n<p>Mehr \u00fcber uns:<\/p>\n<p>IG: @crisjoyas_oficial<\/p>\n<p>\u2661 Haben Sie Fragen oder ben\u00f6tigen Sie Hilfe? Z\u00f6gern Sie nicht, uns zu kontaktieren. Wir antworten schnell. Vielen Dank f\u00fcr Ihren Besuch und viel Spa\u00df beim Einkaufen! \u2661<\/p>","protected":false},"excerpt":{"rendered":"<p>100% aus Sterlingsilber, Lieferung in Schmuckschatulle.<\/p>","protected":false},"featured_media":17843,"comment_status":"open","ping_status":"closed","template":"","meta":{"_themeisle_gutenberg_block_has_review":false},"product_brand":[],"product_cat":[54,55,48,190],"product_tag":[73,243],"class_list":{"0":"post-17837","1":"product","2":"type-product","3":"status-publish","4":"has-post-thumbnail","6":"product_cat-colecciones","7":"product_cat-cristales","8":"product_cat-outlet","9":"product_cat-pendientes","10":"product_tag-flor","11":"product_tag-regalo","13":"first","14":"instock","15":"sale","16":"shipping-taxable","17":"purchasable","18":"product-type-simple"},"_links":{"self":[{"href":"https:\/\/www.crisjoyas.com\/de\/wp-json\/wp\/v2\/product\/17837","targetHints":{"allow":["GET"]}}],"collection":[{"href":"https:\/\/www.crisjoyas.com\/de\/wp-json\/wp\/v2\/product"}],"about":[{"href":"https:\/\/www.crisjoyas.com\/de\/wp-json\/wp\/v2\/types\/product"}],"replies":[{"embeddable":true,"href":"https:\/\/www.crisjoyas.com\/de\/wp-json\/wp\/v2\/comments?post=17837"}],"version-history":[{"count":1,"href":"https:\/\/www.crisjoyas.com\/de\/wp-json\/wp\/v2\/product\/17837\/revisions"}],"predecessor-version":[{"id":17846,"href":"https:\/\/www.crisjoyas.com\/de\/wp-json\/wp\/v2\/product\/17837\/revisions\/17846"}],"wp:featuredmedia":[{"embeddable":true,"href":"https:\/\/www.crisjoyas.com\/de\/wp-json\/wp\/v2\/media\/17843"}],"wp:attachment":[{"href":"https:\/\/www.crisjoyas.com\/de\/wp-json\/wp\/v2\/media?parent=17837"}],"wp:term":[{"taxonomy":"product_brand","embeddable":true,"href":"https:\/\/www.crisjoyas.com\/de\/wp-json\/wp\/v2\/product_brand?post=17837"},{"taxonomy":"product_cat","embeddable":true,"href":"https:\/\/www.crisjoyas.com\/de\/wp-json\/wp\/v2\/product_cat?post=17837"},{"taxonomy":"product_tag","embeddable":true,"href":"https:\/\/www.crisjoyas.com\/de\/wp-json\/wp\/v2\/product_tag?post=17837"}],"curies":[{"name":"wp","href":"https:\/\/api.w.org\/{rel}","templated":true}]}}