{"id":17938,"date":"2026-02-28T16:16:47","date_gmt":"2026-02-28T15:16:47","guid":{"rendered":"https:\/\/www.crisjoyas.com\/?post_type=product&#038;p=17938"},"modified":"2026-03-06T12:34:56","modified_gmt":"2026-03-06T11:34:56","slug":"pendientes-aro-de-mariposa-de-plata-de-ley-925-chapado-en-oro-18k-con-circonita-para-mujer-1","status":"publish","type":"product","link":"https:\/\/www.crisjoyas.com\/de\/product\/pendientes-aro-de-mariposa-de-plata-de-ley-925-chapado-en-oro-18k-con-circonita-para-mujer-1\/","title":{"rendered":"Damen-Ohrringe mit Schmetterlingsmotiv aus 925er Sterlingsilber, 18-kar\u00e4tig vergoldet und mit Zirkonia besetzt (1)"},"content":{"rendered":"<p>Diese Ohrringe sind von der Verwandlung und Freiheit des Schmetterlings inspiriert und fangen seine zarte Sch\u00f6nheit in 925er Sterlingsilber mit 18-kar\u00e4tiger Vergoldung ein. Die Zirkonia in intensivem Smaragdgr\u00fcn erinnern an die Wiedergeburt der Natur und die Frische tiefer W\u00e4lder. Dieses Schmuckst\u00fcck verleiht Ihrem Stil einen Hauch von lebendiger Farbe und Dynamik und erinnert Sie daran, dass jede kleine Ver\u00e4nderung eine Chance ist, mit Eleganz und Selbstvertrauen aufzusteigen.<\/p>\n<ul>\n<li>MATERIAL: 925 Sterling Silber<\/li>\n<li>FINISH: 18 Karat vergoldet<\/li>\n<li>STEIN: Zirkonia<\/li>\n<li>STEINDURCHMESSER: 2-3mm<\/li>\n<li>VERSCHLUSSART: Klick<\/li>\n<li>GR\u00d6SSE: 19 mm x 7 mm<\/li>\n<\/ul>\n<p><strong>Paketliste:<\/strong><\/p>\n<p>Ohrringe * 2<\/p>\n<p>Crisjoyas-Box * 1<\/p>\n<p>Garantiekarte * 1<\/p>\n<p>Warum Sterlingsilber w\u00e4hlen?<\/p>\n<p>\u2661 Sterlingsilber ist ein zeitloses und elegantes Metall, das f\u00fcr seinen einzigartigen Glanz und seine anhaltende Sch\u00f6nheit gesch\u00e4tzt wird. Hergestellt aus 925er Sterlingsilber, bietet es ein hochwertiges Tragegef\u00fchl und eine ausgezeichnete Anlaufbest\u00e4ndigkeit und ist somit perfekt f\u00fcr den Alltag geeignet. Im Vergleich zu anderen Metallen ist Sterlingsilber hypoallergen und hautfreundlich, was es zur idealen Wahl f\u00fcr Menschen mit empfindlicher Haut macht. Ob als Geschenk oder f\u00fcr den Eigengebrauch \u2013 Schmuck aus Sterlingsilber verleiht jedem Outfit einen Hauch von Eleganz und Individualit\u00e4t.<\/p>\n<p>&nbsp;<\/p>\n<p>Wie pflegt man Sterlingsilberschmuck?<\/p>\n<p>\u2661 Um den Glanz Ihres Sterlingsilberschmucks zu erhalten, vermeiden Sie den Kontakt mit Wasser, Parf\u00fcm und Chemikalien. Bewahren Sie sie bei Nichtgebrauch in einer trockenen, verschlossenen Schmuckschatulle auf. Reinigen Sie sie regelm\u00e4\u00dfig mit einem weichen Tuch, um Anlauffarben zu entfernen. Wenn es mit der Zeit dunkler wird, verwenden Sie ein Silberpoliertuch oder einen milden Silberreiniger, um den Glanz wiederherzustellen. Bei richtiger Pflege bleibt Ihr Sterlingsilberschmuck jahrelang strahlend!<\/p>\n<p>&nbsp;<\/p>\n<p>\u2661Hinweis: Bitte seien Sie beim Verstellen des Schmucks vorsichtig; da die Ohrringe aus Sterlingsilber, einem weichen Metall, gefertigt sind, muss beim Verstellen besondere Vorsicht geboten sein.<\/p>\n<p>\u2661 Alle Artikel sind wundersch\u00f6n verpackt und bereit zum Verschenken in eleganten Schmuckschatullen. Unsere Schmuckschatullen sind wiederverwendbar und recycelbar \u2661.<\/p>\n<p>&nbsp;<\/p>\n<p>Lieferzeit:<\/p>\n<p>\u2661 Dieses Design ist in 1\u20132 Werktagen versandfertig. Die Lieferung erfolgt in der Regel innerhalb von 10 Tagen.<\/p>\n<p>F\u00fcr die R\u00fcckgabe oder den Umtausch haben Sie 30 Tage Zeit.<\/p>\n<p>&nbsp;<\/p>\n<p>Mehr \u00fcber uns:<\/p>\n<p>IG: @crisjoyas_oficial<\/p>\n<p>\u2661 Haben Sie Fragen oder ben\u00f6tigen Sie Hilfe? Z\u00f6gern Sie nicht, uns zu kontaktieren. Wir antworten schnell. Vielen Dank f\u00fcr Ihren Besuch und viel Spa\u00df beim Einkaufen! \u2661<\/p>","protected":false},"excerpt":{"rendered":"<p>100% aus Sterlingsilber, Lieferung in Schmuckschatulle.<\/p>","protected":false},"featured_media":17942,"comment_status":"open","ping_status":"closed","template":"","meta":{"_themeisle_gutenberg_block_has_review":false},"product_brand":[],"product_cat":[54,65,48,190],"product_tag":[243],"class_list":{"0":"post-17938","1":"product","2":"type-product","3":"status-publish","4":"has-post-thumbnail","6":"product_cat-colecciones","7":"product_cat-mariposa","8":"product_cat-outlet","9":"product_cat-pendientes","10":"product_tag-regalo","12":"first","13":"instock","14":"sale","15":"shipping-taxable","16":"purchasable","17":"product-type-simple"},"_links":{"self":[{"href":"https:\/\/www.crisjoyas.com\/de\/wp-json\/wp\/v2\/product\/17938","targetHints":{"allow":["GET"]}}],"collection":[{"href":"https:\/\/www.crisjoyas.com\/de\/wp-json\/wp\/v2\/product"}],"about":[{"href":"https:\/\/www.crisjoyas.com\/de\/wp-json\/wp\/v2\/types\/product"}],"replies":[{"embeddable":true,"href":"https:\/\/www.crisjoyas.com\/de\/wp-json\/wp\/v2\/comments?post=17938"}],"version-history":[{"count":1,"href":"https:\/\/www.crisjoyas.com\/de\/wp-json\/wp\/v2\/product\/17938\/revisions"}],"predecessor-version":[{"id":17945,"href":"https:\/\/www.crisjoyas.com\/de\/wp-json\/wp\/v2\/product\/17938\/revisions\/17945"}],"wp:featuredmedia":[{"embeddable":true,"href":"https:\/\/www.crisjoyas.com\/de\/wp-json\/wp\/v2\/media\/17942"}],"wp:attachment":[{"href":"https:\/\/www.crisjoyas.com\/de\/wp-json\/wp\/v2\/media?parent=17938"}],"wp:term":[{"taxonomy":"product_brand","embeddable":true,"href":"https:\/\/www.crisjoyas.com\/de\/wp-json\/wp\/v2\/product_brand?post=17938"},{"taxonomy":"product_cat","embeddable":true,"href":"https:\/\/www.crisjoyas.com\/de\/wp-json\/wp\/v2\/product_cat?post=17938"},{"taxonomy":"product_tag","embeddable":true,"href":"https:\/\/www.crisjoyas.com\/de\/wp-json\/wp\/v2\/product_tag?post=17938"}],"curies":[{"name":"wp","href":"https:\/\/api.w.org\/{rel}","templated":true}]}}