{"id":18360,"date":"2026-03-11T12:18:37","date_gmt":"2026-03-11T11:18:37","guid":{"rendered":"https:\/\/www.crisjoyas.com\/?post_type=product&#038;p=18360"},"modified":"2026-04-25T14:17:50","modified_gmt":"2026-04-25T12:17:50","slug":"pendientes-de-luna-y-perla-con-cadena-colgante-en-oro-y-circonitas","status":"publish","type":"product","link":"https:\/\/www.crisjoyas.com\/de\/product\/pendientes-de-luna-y-perla-con-cadena-colgante-en-oro-y-circonitas\/","title":{"rendered":"Mond- und Perlenohrringe mit Anh\u00e4ngerkette aus Gold und Zirkonia"},"content":{"rendered":"<p>Dieses St\u00fcck ist eine Hommage an die <b data-path-to-node=\"1\" data-index-in-node=\"54\">Nachtgedichte<\/b>, die Mystik einer Mondsichel mit der klassischen Reinheit eines <b data-path-to-node=\"1\" data-index-in-node=\"147\">zentrale Perle<\/b>. Das Design wird durch eine Kaskade aus marquisegeschliffenen Zirkonia und ein zartes <b data-path-to-node=\"1\" data-index-in-node=\"244\">Anh\u00e4ngerkette<\/b> Es endet in einem Lichttropfen, der an die Brillanz einer Sternschnuppe am Mitternachtshimmel erinnert. Es ist ein Juwel. <b data-path-to-node=\"1\" data-index-in-node=\"375\">himmlischer und romantischer Stil<\/b>, Entworfen, um Bewegung und \u00e4therische Eleganz einzufangen, ideal f\u00fcr diejenigen, die ein Accessoire mit spiritueller Symbolik und einem Hauch zeitgen\u00f6ssischer Raffinesse suchen.<\/p>\n<p>\u2013 Material: Hochwertiges, massives 925er Sterlingsilber, 18-kar\u00e4tig vergoldet.<\/p>\n<p>\u2013 Stein: Zirkonia &amp; Perle<\/p>\n<p>\u2013 Gr\u00f6\u00dfe: 10*35mm<\/p>\n<p>&nbsp;<\/p>\n<p>Paketliste:<\/p>\n<p>-Silberne Ohrringe * 2<\/p>\n<p>-Schmuckk\u00e4stchen * 1<\/p>\n<p>&nbsp;<\/p>\n<p>Warum Sterlingsilber w\u00e4hlen?<\/p>\n<p>\u2661 Sterlingsilber ist ein zeitloses und elegantes Metall, das f\u00fcr seinen einzigartigen Glanz und seine anhaltende Sch\u00f6nheit gesch\u00e4tzt wird. Hergestellt aus 925er Sterlingsilber, bietet es ein hochwertiges Tragegef\u00fchl und eine ausgezeichnete Anlaufbest\u00e4ndigkeit und ist somit perfekt f\u00fcr den Alltag geeignet. Im Vergleich zu anderen Metallen ist Sterlingsilber hypoallergen und hautfreundlich, was es zur idealen Wahl f\u00fcr Menschen mit empfindlicher Haut macht. Ob als Geschenk oder f\u00fcr den Eigengebrauch \u2013 Schmuck aus Sterlingsilber verleiht jedem Outfit einen Hauch von Eleganz und Individualit\u00e4t.<\/p>\n<p>&nbsp;<\/p>\n<p>Wie pflegt man Sterlingsilberschmuck?<\/p>\n<p>\u2661 Um den Glanz Ihres Sterlingsilberschmucks zu erhalten, vermeiden Sie den Kontakt mit Wasser, Parf\u00fcm und Chemikalien. Bewahren Sie sie bei Nichtgebrauch in einer trockenen, verschlossenen Schmuckschatulle auf. Reinigen Sie sie regelm\u00e4\u00dfig mit einem weichen Tuch, um Anlauffarben zu entfernen. Wenn es mit der Zeit dunkler wird, verwenden Sie ein Silberpoliertuch oder einen milden Silberreiniger, um den Glanz wiederherzustellen. Bei richtiger Pflege bleibt Ihr Sterlingsilberschmuck jahrelang strahlend!<\/p>\n<p>&nbsp;<\/p>\n<p>\u2661Hinweis: Bitte seien Sie beim Verstellen des Schmucks vorsichtig; da die Ohrringe aus Sterlingsilber, einem weichen Metall, gefertigt sind, muss beim Verstellen besondere Vorsicht geboten sein.<\/p>\n<p>\u2661 Alle Artikel sind wundersch\u00f6n verpackt und bereit zum Verschenken in eleganten Schmuckschatullen. Unsere Schmuckschatullen sind wiederverwendbar und recycelbar \u2661.<\/p>\n<p>&nbsp;<\/p>\n<p>Lieferzeit:<\/p>\n<p>\u2661 Dieses Design ist in 1\u20132 Werktagen versandfertig. Die Lieferung erfolgt in der Regel innerhalb von 10 Tagen.<\/p>\n<p>F\u00fcr die R\u00fcckgabe oder den Umtausch haben Sie 30 Tage Zeit.<\/p>\n<p>&nbsp;<\/p>\n<p>Mehr \u00fcber uns:<\/p>\n<p>IG: @crisjoyas_oficial<\/p>\n<p>\u2661 Haben Sie Fragen oder ben\u00f6tigen Sie Hilfe? Z\u00f6gern Sie nicht, uns zu kontaktieren. Wir antworten schnell. Vielen Dank f\u00fcr Ihren Besuch und viel Spa\u00df beim Einkaufen! \u2661<\/p>","protected":false},"excerpt":{"rendered":"<p>100% aus Sterlingsilber, Lieferung in Schmuckschatulle.<\/p>","protected":false},"featured_media":18340,"comment_status":"open","ping_status":"closed","template":"","meta":{"_themeisle_gutenberg_block_has_review":false},"product_brand":[],"product_cat":[48,190],"product_tag":[243],"class_list":{"0":"post-18360","1":"product","2":"type-product","3":"status-publish","4":"has-post-thumbnail","6":"product_cat-outlet","7":"product_cat-pendientes","8":"product_tag-regalo","10":"first","11":"outofstock","12":"sale","13":"shipping-taxable","14":"purchasable","15":"product-type-simple"},"_links":{"self":[{"href":"https:\/\/www.crisjoyas.com\/de\/wp-json\/wp\/v2\/product\/18360","targetHints":{"allow":["GET"]}}],"collection":[{"href":"https:\/\/www.crisjoyas.com\/de\/wp-json\/wp\/v2\/product"}],"about":[{"href":"https:\/\/www.crisjoyas.com\/de\/wp-json\/wp\/v2\/types\/product"}],"replies":[{"embeddable":true,"href":"https:\/\/www.crisjoyas.com\/de\/wp-json\/wp\/v2\/comments?post=18360"}],"version-history":[{"count":1,"href":"https:\/\/www.crisjoyas.com\/de\/wp-json\/wp\/v2\/product\/18360\/revisions"}],"predecessor-version":[{"id":18361,"href":"https:\/\/www.crisjoyas.com\/de\/wp-json\/wp\/v2\/product\/18360\/revisions\/18361"}],"wp:featuredmedia":[{"embeddable":true,"href":"https:\/\/www.crisjoyas.com\/de\/wp-json\/wp\/v2\/media\/18340"}],"wp:attachment":[{"href":"https:\/\/www.crisjoyas.com\/de\/wp-json\/wp\/v2\/media?parent=18360"}],"wp:term":[{"taxonomy":"product_brand","embeddable":true,"href":"https:\/\/www.crisjoyas.com\/de\/wp-json\/wp\/v2\/product_brand?post=18360"},{"taxonomy":"product_cat","embeddable":true,"href":"https:\/\/www.crisjoyas.com\/de\/wp-json\/wp\/v2\/product_cat?post=18360"},{"taxonomy":"product_tag","embeddable":true,"href":"https:\/\/www.crisjoyas.com\/de\/wp-json\/wp\/v2\/product_tag?post=18360"}],"curies":[{"name":"wp","href":"https:\/\/api.w.org\/{rel}","templated":true}]}}