{"id":2008,"date":"2022-06-06T16:13:42","date_gmt":"2022-06-06T14:13:42","guid":{"rendered":"http:\/\/crisjoyas.com\/?post_type=product&#038;p=2008"},"modified":"2025-05-07T08:59:50","modified_gmt":"2025-05-07T06:59:50","slug":"piercing-oreja-con-zirconia","status":"publish","type":"product","link":"https:\/\/www.crisjoyas.com\/de\/product\/piercing-oreja-con-zirconia\/","title":{"rendered":"Ohrpiercing f\u00fcr Damen oder Herren Pfote 925 mit Zirkonia kleine Ohrringe 2 St\u00fcck"},"content":{"rendered":"<p>Das Ohrpiercing f\u00fcr Damen oder Herren hat einen 6mm gro\u00dfen wei\u00dfen Zirkonia.<\/p>\n<p>Wir empfehlen, es mit anderem Schmuck zu kombinieren, um einen idealen Look zu erzielen.<\/p>\n<p>! Der Ohrstecker ist aus 925 Sterling Silber.<\/p>\n<ul>\n<li>MATERIAL: 925 Sterling Silber<\/li>\n<li>STEIN: Zirkonia<\/li>\n<li>STEINDURCHMESSER: 6mm<\/li>\n<li>VERSCHLUSSART: Fl\u00fcgelmutter<\/li>\n<li>GR\u00d6SSE: 6mm x 6mm<\/li>\n<\/ul>\n<p>&nbsp;<\/p>\n<p><strong>Paketliste:<\/strong><\/p>\n<p>Ohrpiercings* 2<\/p>\n<p>Crisjoyas-Box * 1<\/p>\n<p>Schmucktuch * 1<\/p>\n<p>Garantiekarte * 1<\/p>\n<p>&nbsp;<\/p>\n<p><strong>Versand und R\u00fccksendung:<\/strong><\/p>\n<p>Ihre Bestellung wird innerhalb von 24 Gesch\u00e4ftsstunden nach Erhalt Ihrer Bestellbest\u00e4tigungs-E-Mail versandt. Normalerweise erhalten Sie die Produkte innerhalb von 2-7 Tagen. Sie haben 30 Tage Zeit, um R\u00fccksendungen oder Umtausch vorzunehmen.<\/p>\n<p>&nbsp;<\/p>\n<h3><a href=\"https:\/\/www.crisjoyas.com\/de\/todo-lo-que-quieres-saber-sobre-piercing-oreja-mujer-esta-aquiexplorando-la-belleza-de-la-moda\/\" target=\"_blank\" rel=\"noopener\"><strong>Fragen und Antworten zum Thema \u201eOhrpiercing bei Frauen\u201c:<\/strong><\/a><\/h3>\n<p class=\"title entry-title\">Alles, was Sie zum Thema \u201eOhrpiercing bei Frauen\u201c wissen m\u00f6chten, finden Sie hier! Die Sch\u00f6nheit der Mode entdecken.<\/p>","protected":false},"excerpt":{"rendered":"<p>Kostenloser Versand in Spanien ab 38 \u20ac!<\/p>\n<p>Aus 925er Sterlingsilber.<\/p>","protected":false},"featured_media":4062,"comment_status":"open","ping_status":"closed","template":"","meta":{"_themeisle_gutenberg_block_has_review":false},"product_brand":[],"product_cat":[54,55,46,48,92],"product_tag":[94],"class_list":{"0":"post-2008","1":"product","2":"type-product","3":"status-publish","4":"has-post-thumbnail","6":"product_cat-colecciones","7":"product_cat-cristales","8":"product_cat-novedades","9":"product_cat-outlet","10":"product_cat-piercings","11":"product_tag-piercing-oreja","12":"product_shipping_class-envio-estandarlos-pedidos-seran-recibidos-antes-del-3-dias","14":"first","15":"instock","16":"sale","17":"shipping-taxable","18":"purchasable","19":"product-type-variable"},"_links":{"self":[{"href":"https:\/\/www.crisjoyas.com\/de\/wp-json\/wp\/v2\/product\/2008","targetHints":{"allow":["GET"]}}],"collection":[{"href":"https:\/\/www.crisjoyas.com\/de\/wp-json\/wp\/v2\/product"}],"about":[{"href":"https:\/\/www.crisjoyas.com\/de\/wp-json\/wp\/v2\/types\/product"}],"replies":[{"embeddable":true,"href":"https:\/\/www.crisjoyas.com\/de\/wp-json\/wp\/v2\/comments?post=2008"}],"version-history":[{"count":9,"href":"https:\/\/www.crisjoyas.com\/de\/wp-json\/wp\/v2\/product\/2008\/revisions"}],"predecessor-version":[{"id":16678,"href":"https:\/\/www.crisjoyas.com\/de\/wp-json\/wp\/v2\/product\/2008\/revisions\/16678"}],"wp:featuredmedia":[{"embeddable":true,"href":"https:\/\/www.crisjoyas.com\/de\/wp-json\/wp\/v2\/media\/4062"}],"wp:attachment":[{"href":"https:\/\/www.crisjoyas.com\/de\/wp-json\/wp\/v2\/media?parent=2008"}],"wp:term":[{"taxonomy":"product_brand","embeddable":true,"href":"https:\/\/www.crisjoyas.com\/de\/wp-json\/wp\/v2\/product_brand?post=2008"},{"taxonomy":"product_cat","embeddable":true,"href":"https:\/\/www.crisjoyas.com\/de\/wp-json\/wp\/v2\/product_cat?post=2008"},{"taxonomy":"product_tag","embeddable":true,"href":"https:\/\/www.crisjoyas.com\/de\/wp-json\/wp\/v2\/product_tag?post=2008"}],"curies":[{"name":"wp","href":"https:\/\/api.w.org\/{rel}","templated":true}]}}