{"id":2019,"date":"2022-06-06T16:24:12","date_gmt":"2022-06-06T14:24:12","guid":{"rendered":"http:\/\/crisjoyas.com\/?post_type=product&#038;p=2019"},"modified":"2025-05-07T08:59:49","modified_gmt":"2025-05-07T06:59:49","slug":"piercing-mini-flor","status":"publish","type":"product","link":"https:\/\/www.crisjoyas.com\/de\/product\/piercing-mini-flor\/","title":{"rendered":"925 Silber Mini Blumen Ohrpiercing"},"content":{"rendered":"<p>Das Mini-Blumenpiercing verf\u00fcgt \u00fcber eine 4 mm gro\u00dfe Blume und eingebettete Zirkonia. Das Ohrpiercing hat einen Schmetterlingsverschluss.<\/p>\n<p>Wir empfehlen, es mit anderem Schmuck zu kombinieren, um einen idealen Look zu erzielen!<\/p>\n<p>Der Ohrring besteht aus 925er Sterlingsilber und die goldene Version hat eine 18-Karat-Vergoldung.<\/p>\n<ul>\n<li>MATERIAL: 925 Sterling Silber<\/li>\n<li>FINISH: 18 Karat vergoldet<\/li>\n<li>STEIN: Zirkonia<\/li>\n<li>VERSCHLUSSART: Fl\u00fcgelmutter<\/li>\n<li>GR\u00d6SSE: 4 mm * 4 mm<\/li>\n<\/ul>\n<p>&nbsp;<\/p>\n<p><strong>Paketliste:<\/strong><\/p>\n<p>Piercings * 2<\/p>\n<p>Crisjoyas-Box * 1<\/p>\n<p>Schmucktuch * 1<\/p>\n<p>Garantiekarte * 1<\/p>\n<p>&nbsp;<\/p>\n<p><strong>Versand und R\u00fccksendung:<\/strong><\/p>\n<p>Ihre Bestellung wird innerhalb von 24 Gesch\u00e4ftsstunden nach Erhalt Ihrer Bestellbest\u00e4tigungs-E-Mail versandt. Normalerweise erhalten Sie die Produkte innerhalb von 2-15 Tagen. Sie haben 30 Tage Zeit, um R\u00fccksendungen oder Umtausch vorzunehmen.<\/p>","protected":false},"excerpt":{"rendered":"<p>100% Aus 925er Sterlingsilber.<\/p>","protected":false},"featured_media":2022,"comment_status":"open","ping_status":"closed","template":"","meta":{"_themeisle_gutenberg_block_has_review":false},"product_brand":[],"product_cat":[54,55,46,92],"product_tag":[94],"class_list":{"0":"post-2019","1":"product","2":"type-product","3":"status-publish","4":"has-post-thumbnail","6":"product_cat-colecciones","7":"product_cat-cristales","8":"product_cat-novedades","9":"product_cat-piercings","10":"product_tag-piercing-oreja","11":"product_shipping_class-envio-estandarlos-pedidos-seran-recibidos-antes-del-3-dias","13":"first","14":"instock","15":"sale","16":"shipping-taxable","17":"purchasable","18":"product-type-variable"},"_links":{"self":[{"href":"https:\/\/www.crisjoyas.com\/de\/wp-json\/wp\/v2\/product\/2019","targetHints":{"allow":["GET"]}}],"collection":[{"href":"https:\/\/www.crisjoyas.com\/de\/wp-json\/wp\/v2\/product"}],"about":[{"href":"https:\/\/www.crisjoyas.com\/de\/wp-json\/wp\/v2\/types\/product"}],"replies":[{"embeddable":true,"href":"https:\/\/www.crisjoyas.com\/de\/wp-json\/wp\/v2\/comments?post=2019"}],"version-history":[{"count":5,"href":"https:\/\/www.crisjoyas.com\/de\/wp-json\/wp\/v2\/product\/2019\/revisions"}],"predecessor-version":[{"id":16682,"href":"https:\/\/www.crisjoyas.com\/de\/wp-json\/wp\/v2\/product\/2019\/revisions\/16682"}],"wp:featuredmedia":[{"embeddable":true,"href":"https:\/\/www.crisjoyas.com\/de\/wp-json\/wp\/v2\/media\/2022"}],"wp:attachment":[{"href":"https:\/\/www.crisjoyas.com\/de\/wp-json\/wp\/v2\/media?parent=2019"}],"wp:term":[{"taxonomy":"product_brand","embeddable":true,"href":"https:\/\/www.crisjoyas.com\/de\/wp-json\/wp\/v2\/product_brand?post=2019"},{"taxonomy":"product_cat","embeddable":true,"href":"https:\/\/www.crisjoyas.com\/de\/wp-json\/wp\/v2\/product_cat?post=2019"},{"taxonomy":"product_tag","embeddable":true,"href":"https:\/\/www.crisjoyas.com\/de\/wp-json\/wp\/v2\/product_tag?post=2019"}],"curies":[{"name":"wp","href":"https:\/\/api.w.org\/{rel}","templated":true}]}}