{"id":2032,"date":"2022-06-07T11:02:53","date_gmt":"2022-06-07T09:02:53","guid":{"rendered":"http:\/\/crisjoyas.com\/?post_type=product&#038;p=2032"},"modified":"2026-03-05T16:31:15","modified_gmt":"2026-03-05T15:31:15","slug":"piercing-oreja-mariposa","status":"publish","type":"product","link":"https:\/\/www.crisjoyas.com\/de\/product\/piercing-oreja-mariposa\/","title":{"rendered":"Ohrpiercing Schmetterling aus 925er Sterlingsilber mit Zirkonia f\u00fcr Damen, 2 St\u00fcck"},"content":{"rendered":"<p>Das Butterfly Piercing hat vier wei\u00dfe Zirkonia in Schmetterlingsform. Das Piercing hat vorne einen Schraubverschluss und hinten eine flache.<\/p>\n<p>F\u00fcr den perfekten Look empfehlen wir die Kombination mit anderen Piercings aus der Kollektion!<\/p>\n<p>Das Ohrpiercing ist aus 925 Sterling Silber und die Goldversion ist 18K vergoldet.<\/p>\n<p>Bei Fragen k\u00f6nnen Sie uns gerne kontaktieren!<\/p>\n<p>Entdecken Sie mehr unter Piercings.<\/p>\n<ul>\n<li>MATERIAL: 925 Sterling Silber<\/li>\n<li>FINISH: 18 Karat vergoldet<\/li>\n<li>STEIN: Zirkonia<\/li>\n<li>VERSCHLUSSART: Fl\u00fcgelmutter<\/li>\n<li>GR\u00d6SSE: 7 mm x 5 mm<\/li>\n<\/ul>\n<p>&nbsp;<\/p>\n<p><strong>Paketliste:<\/strong><\/p>\n<p>Ohrlochstechen* 2<\/p>\n<p>Crisjoyas-Box * 1<\/p>\n<p>Garantiekarte * 1<\/p>\n<p>&nbsp;<\/p>\n<p><strong>Versand und R\u00fccksendung:<\/strong><\/p>\n<p>Ihre Bestellung wird innerhalb von 24 Gesch\u00e4ftsstunden nach Erhalt Ihrer Bestellbest\u00e4tigungs-E-Mail versandt. In der Regel erhalten Sie die Produkte innerhalb von 1-3 Tagen. Sie haben 30 Tage Zeit, um R\u00fccksendungen oder Umtausche vorzunehmen.<\/p>\n<p>&nbsp;<\/p>\n<h3><a href=\"https:\/\/www.crisjoyas.com\/de\/todo-lo-que-quieres-saber-sobre-piercing-oreja-mujer-esta-aquiexplorando-la-belleza-de-la-moda\/\" target=\"_blank\" rel=\"noopener\">Fragen und Antworten zum Thema \u201eOhrpiercing bei Frauen\u201c:<\/a><\/h3>\n<p class=\"title entry-title\">Alles, was Sie zum Thema \u201eOhrpiercing f\u00fcr Frauen\u201c wissen m\u00f6chten, finden Sie hier! Die Sch\u00f6nheit der Mode entdecken<\/p>","protected":false},"excerpt":{"rendered":"<p>100% Aus 925er Sterlingsilber.<\/p>","protected":false},"featured_media":4691,"comment_status":"open","ping_status":"closed","template":"","meta":{"_themeisle_gutenberg_block_has_review":false},"product_brand":[],"product_cat":[54,55,65,48,92],"product_tag":[94,185,184],"class_list":{"0":"post-2032","1":"product","2":"type-product","3":"status-publish","4":"has-post-thumbnail","6":"product_cat-colecciones","7":"product_cat-cristales","8":"product_cat-mariposa","9":"product_cat-outlet","10":"product_cat-piercings","11":"product_tag-piercing-oreja","12":"product_tag-piercing-oreja-mariposa","13":"product_tag-piercing-oreja-mujer","14":"product_shipping_class-envio-estandarlos-pedidos-seran-recibidos-antes-del-3-dias","16":"first","17":"instock","18":"sale","19":"shipping-taxable","20":"purchasable","21":"product-type-variable"},"_links":{"self":[{"href":"https:\/\/www.crisjoyas.com\/de\/wp-json\/wp\/v2\/product\/2032","targetHints":{"allow":["GET"]}}],"collection":[{"href":"https:\/\/www.crisjoyas.com\/de\/wp-json\/wp\/v2\/product"}],"about":[{"href":"https:\/\/www.crisjoyas.com\/de\/wp-json\/wp\/v2\/types\/product"}],"replies":[{"embeddable":true,"href":"https:\/\/www.crisjoyas.com\/de\/wp-json\/wp\/v2\/comments?post=2032"}],"version-history":[{"count":7,"href":"https:\/\/www.crisjoyas.com\/de\/wp-json\/wp\/v2\/product\/2032\/revisions"}],"predecessor-version":[{"id":18214,"href":"https:\/\/www.crisjoyas.com\/de\/wp-json\/wp\/v2\/product\/2032\/revisions\/18214"}],"wp:featuredmedia":[{"embeddable":true,"href":"https:\/\/www.crisjoyas.com\/de\/wp-json\/wp\/v2\/media\/4691"}],"wp:attachment":[{"href":"https:\/\/www.crisjoyas.com\/de\/wp-json\/wp\/v2\/media?parent=2032"}],"wp:term":[{"taxonomy":"product_brand","embeddable":true,"href":"https:\/\/www.crisjoyas.com\/de\/wp-json\/wp\/v2\/product_brand?post=2032"},{"taxonomy":"product_cat","embeddable":true,"href":"https:\/\/www.crisjoyas.com\/de\/wp-json\/wp\/v2\/product_cat?post=2032"},{"taxonomy":"product_tag","embeddable":true,"href":"https:\/\/www.crisjoyas.com\/de\/wp-json\/wp\/v2\/product_tag?post=2032"}],"curies":[{"name":"wp","href":"https:\/\/api.w.org\/{rel}","templated":true}]}}