{"id":2293,"date":"2022-06-20T16:13:29","date_gmt":"2022-06-20T14:13:29","guid":{"rendered":"http:\/\/crisjoyas.com\/?post_type=product&#038;p=2293"},"modified":"2024-11-21T10:56:34","modified_gmt":"2024-11-21T09:56:34","slug":"piercing-basic-hoop","status":"publish","type":"product","link":"https:\/\/www.crisjoyas.com\/de\/product\/piercing-basic-hoop\/","title":{"rendered":"Ohrpiercing Hoop Silber 18K vergoldet 10mm"},"content":{"rendered":"<p>Das Basic Hoop Piercing ist ein kleiner Ring mit einem Au\u00dfendurchmesser von 10 mm.<\/p>\n<p>Da es sich um einen schmalen Ohrring handelt (8 mm Innendurchmesser), empfehlen wir, den Bereich des Ohrs zu messen, in dem er angebracht werden soll, oder die Ma\u00dfe mit einem Ohrring zu vergleichen, den Sie bereits tragen.<\/p>\n<p>Der Ohrring besteht aus 925er Sterlingsilber und die goldene Version hat eine 18-Karat-Vergoldung.<\/p>\n<p>Bei Fragen k\u00f6nnen Sie uns gerne kontaktieren!<\/p>\n<p>Entdecken Sie mehr unter Piercings.<\/p>\n<ul>\n<li>MATERIAL: 925 Sterling Silber<\/li>\n<li>FINISH: 18 Karat vergoldet<\/li>\n<li>VERSCHLUSSART: Klick<\/li>\n<li>GR\u00d6SSE: 10 mm x 10 mm<\/li>\n<\/ul>\n<p>&nbsp;<\/p>\n<p><strong>Paketliste:<\/strong><\/p>\n<p>Ohrlochstechen * 2<\/p>\n<p>Crisjoyas-Box * 1<\/p>\n<p>Schmucktuch * 1<\/p>\n<p>Garantiekarte * 1<\/p>\n<p>&nbsp;<\/p>\n<p><strong>Versand und R\u00fccksendung:<\/strong><\/p>\n<p>Ihre Bestellung wird innerhalb von 24 Gesch\u00e4ftsstunden nach Erhalt Ihrer Bestellbest\u00e4tigungs-E-Mail versandt. Normalerweise erhalten Sie die Produkte innerhalb von 2-15 Tagen. Sie haben 30 Tage Zeit, um R\u00fccksendungen oder Umtausch vorzunehmen.<\/p>","protected":false},"excerpt":{"rendered":"<p>100% Aus 925er Sterlingsilber.<\/p>","protected":false},"featured_media":2300,"comment_status":"open","ping_status":"closed","template":"","meta":{"_themeisle_gutenberg_block_has_review":false},"product_brand":[],"product_cat":[57,54,46,92],"product_tag":[94],"class_list":{"0":"post-2293","1":"product","2":"type-product","3":"status-publish","4":"has-post-thumbnail","6":"product_cat-basicos","7":"product_cat-colecciones","8":"product_cat-novedades","9":"product_cat-piercings","10":"product_tag-piercing-oreja","11":"product_shipping_class-envio-estandarlos-pedidos-seran-recibidos-antes-del-3-dias","13":"first","14":"instock","15":"sale","16":"shipping-taxable","17":"purchasable","18":"product-type-variable"},"_links":{"self":[{"href":"https:\/\/www.crisjoyas.com\/de\/wp-json\/wp\/v2\/product\/2293","targetHints":{"allow":["GET"]}}],"collection":[{"href":"https:\/\/www.crisjoyas.com\/de\/wp-json\/wp\/v2\/product"}],"about":[{"href":"https:\/\/www.crisjoyas.com\/de\/wp-json\/wp\/v2\/types\/product"}],"replies":[{"embeddable":true,"href":"https:\/\/www.crisjoyas.com\/de\/wp-json\/wp\/v2\/comments?post=2293"}],"version-history":[{"count":5,"href":"https:\/\/www.crisjoyas.com\/de\/wp-json\/wp\/v2\/product\/2293\/revisions"}],"predecessor-version":[{"id":16697,"href":"https:\/\/www.crisjoyas.com\/de\/wp-json\/wp\/v2\/product\/2293\/revisions\/16697"}],"wp:featuredmedia":[{"embeddable":true,"href":"https:\/\/www.crisjoyas.com\/de\/wp-json\/wp\/v2\/media\/2300"}],"wp:attachment":[{"href":"https:\/\/www.crisjoyas.com\/de\/wp-json\/wp\/v2\/media?parent=2293"}],"wp:term":[{"taxonomy":"product_brand","embeddable":true,"href":"https:\/\/www.crisjoyas.com\/de\/wp-json\/wp\/v2\/product_brand?post=2293"},{"taxonomy":"product_cat","embeddable":true,"href":"https:\/\/www.crisjoyas.com\/de\/wp-json\/wp\/v2\/product_cat?post=2293"},{"taxonomy":"product_tag","embeddable":true,"href":"https:\/\/www.crisjoyas.com\/de\/wp-json\/wp\/v2\/product_tag?post=2293"}],"curies":[{"name":"wp","href":"https:\/\/api.w.org\/{rel}","templated":true}]}}