{"id":3204,"date":"2022-11-20T17:13:33","date_gmt":"2022-11-20T16:13:33","guid":{"rendered":"http:\/\/crisjoyas.com\/?post_type=product&#038;p=3204"},"modified":"2024-11-21T11:53:53","modified_gmt":"2024-11-21T10:53:53","slug":"collar-de-eslabones-de-plata-925","status":"publish","type":"product","link":"https:\/\/www.crisjoyas.com\/de\/product\/collar-de-eslabones-de-plata-925\/","title":{"rendered":"925 Silber Gliederkette Halskette Modekette f\u00fcr Damen"},"content":{"rendered":"<p>Die Gliederkette aus 925er Silber ist 40 cm lang.<\/p>\n<p>Die Halskette besteht aus 925er Sterlingsilber und die Goldversion hat eine 18-Karat-Vergoldung.<\/p>\n<p>Bei Fragen k\u00f6nnen Sie sich gerne an uns wenden.<\/p>\n<p>Wir helfen Ihnen gerne!<\/p>\n<p>Entdecken Sie mehr unter Halsketten.<\/p>\n<p><strong>\u00a0<\/strong><\/p>\n<ul>\n<li>MATERIAL: 925 Sterling Silber<\/li>\n<li>FINISH: 18 Karat vergoldet<\/li>\n<li>KETTENL\u00c4NGE: 40 cm<\/li>\n<\/ul>\n<p>&nbsp;<\/p>\n<p><strong>Paketliste:<\/strong><\/p>\n<p>Halskette * 1<\/p>\n<p>Crisjoyas-Box * 1<\/p>\n<p>Schmucktuch * 1<\/p>\n<p>Garantiekarte * 1<\/p>\n<p>&nbsp;<\/p>\n<p><strong>Versand und R\u00fccksendung:<\/strong><\/p>\n<p>Ihre Bestellung wird innerhalb von 24 Gesch\u00e4ftsstunden nach Erhalt Ihrer Bestellbest\u00e4tigungs-E-Mail versandt. Normalerweise erhalten Sie die Produkte innerhalb von 2-15 Tagen. Sie haben 30 Tage Zeit, um R\u00fccksendungen oder Umtausch vorzunehmen.<\/p>","protected":false},"excerpt":{"rendered":"<p>100% Aus 925er Sterlingsilber<\/p>","protected":false},"featured_media":3210,"comment_status":"open","ping_status":"closed","template":"","meta":{"_themeisle_gutenberg_block_has_review":false},"product_brand":[],"product_cat":[57,54,23,46],"product_tag":[109],"class_list":{"0":"post-3204","1":"product","2":"type-product","3":"status-publish","4":"has-post-thumbnail","6":"product_cat-basicos","7":"product_cat-colecciones","8":"product_cat-collares","9":"product_cat-novedades","10":"product_tag-collar","11":"product_shipping_class-envio-estandarlos-pedidos-seran-recibidos-antes-del-3-dias","13":"first","14":"instock","15":"sale","16":"shipping-taxable","17":"purchasable","18":"product-type-simple"},"_links":{"self":[{"href":"https:\/\/www.crisjoyas.com\/de\/wp-json\/wp\/v2\/product\/3204","targetHints":{"allow":["GET"]}}],"collection":[{"href":"https:\/\/www.crisjoyas.com\/de\/wp-json\/wp\/v2\/product"}],"about":[{"href":"https:\/\/www.crisjoyas.com\/de\/wp-json\/wp\/v2\/types\/product"}],"replies":[{"embeddable":true,"href":"https:\/\/www.crisjoyas.com\/de\/wp-json\/wp\/v2\/comments?post=3204"}],"version-history":[{"count":4,"href":"https:\/\/www.crisjoyas.com\/de\/wp-json\/wp\/v2\/product\/3204\/revisions"}],"predecessor-version":[{"id":16830,"href":"https:\/\/www.crisjoyas.com\/de\/wp-json\/wp\/v2\/product\/3204\/revisions\/16830"}],"wp:featuredmedia":[{"embeddable":true,"href":"https:\/\/www.crisjoyas.com\/de\/wp-json\/wp\/v2\/media\/3210"}],"wp:attachment":[{"href":"https:\/\/www.crisjoyas.com\/de\/wp-json\/wp\/v2\/media?parent=3204"}],"wp:term":[{"taxonomy":"product_brand","embeddable":true,"href":"https:\/\/www.crisjoyas.com\/de\/wp-json\/wp\/v2\/product_brand?post=3204"},{"taxonomy":"product_cat","embeddable":true,"href":"https:\/\/www.crisjoyas.com\/de\/wp-json\/wp\/v2\/product_cat?post=3204"},{"taxonomy":"product_tag","embeddable":true,"href":"https:\/\/www.crisjoyas.com\/de\/wp-json\/wp\/v2\/product_tag?post=3204"}],"curies":[{"name":"wp","href":"https:\/\/api.w.org\/{rel}","templated":true}]}}