{"id":4164,"date":"2023-05-18T12:53:57","date_gmt":"2023-05-18T10:53:57","guid":{"rendered":"http:\/\/crisjoyas.com\/?post_type=product&#038;p=4164"},"modified":"2024-11-21T11:51:22","modified_gmt":"2024-11-21T10:51:22","slug":"collar-perla-de-plata-925-con-colgante-corazon","status":"publish","type":"product","link":"https:\/\/www.crisjoyas.com\/de\/product\/collar-perla-de-plata-925-con-colgante-corazon\/","title":{"rendered":"925 Silber Perlenkette mit Herzanh\u00e4nger"},"content":{"rendered":"<p>Die Herzperlenkette ist 38 cm lang plus 5,5 cm verstellbare Kette, in der Mitte der Kette befindet sich ein Herzanh\u00e4nger, der Anh\u00e4nger ist abnehmbar.<\/p>\n<p>Die Halskette ist aus 925er Sterlingsilber gefertigt.<\/p>\n<p>Bei Fragen k\u00f6nnen Sie sich gerne an uns wenden.<\/p>\n<p>Wir helfen Ihnen gerne!<\/p>\n<p>Entdecken Sie mehr unter Halsketten.<\/p>\n<ul>\n<li>MATERIAL: 925 Sterling Silber<\/li>\n<li>STEIN: Perle<\/li>\n<li>STEINDURCHMESSER: 3mm<\/li>\n<li>ANH\u00c4NGERGR\u00d6SSE: 6 mm x 10 mm<\/li>\n<li>KETTENMASS: Verstellbare Kette von 38 cm + 5,5 cm, Gesamtma\u00df 43,5 cm<\/li>\n<\/ul>\n<p>&nbsp;<\/p>\n<p><strong>Paketliste:<\/strong><\/p>\n<p>Halskette * 1<\/p>\n<p>Crisjoyas-Box * 1<\/p>\n<p>Schmucktuch * 1<\/p>\n<p>Garantiekarte * 1<\/p>\n<p>&nbsp;<\/p>\n<p><strong>Versand und R\u00fccksendung:<\/strong><\/p>\n<p>Ihre Bestellung wird innerhalb von 24 Gesch\u00e4ftsstunden nach Erhalt Ihrer Bestellbest\u00e4tigungs-E-Mail versandt. Normalerweise erhalten Sie die Produkte innerhalb von 2-15 Tagen. Sie haben 30 Tage Zeit, um R\u00fccksendungen oder Umtausch vorzunehmen.<\/p>","protected":false},"excerpt":{"rendered":"<p>100% Aus 925er Sterlingsilber<\/p>","protected":false},"featured_media":4152,"comment_status":"open","ping_status":"closed","template":"","meta":{"_themeisle_gutenberg_block_has_review":false},"product_brand":[],"product_cat":[54,23,46,56],"product_tag":[109,66],"class_list":{"0":"post-4164","1":"product","2":"type-product","3":"status-publish","4":"has-post-thumbnail","6":"product_cat-colecciones","7":"product_cat-collares","8":"product_cat-novedades","9":"product_cat-perlas","10":"product_tag-collar","11":"product_tag-corazon","12":"product_shipping_class-envio-estandarlos-pedidos-seran-recibidos-antes-del-3-dias","14":"first","15":"instock","16":"sale","17":"shipping-taxable","18":"purchasable","19":"product-type-simple"},"_links":{"self":[{"href":"https:\/\/www.crisjoyas.com\/de\/wp-json\/wp\/v2\/product\/4164","targetHints":{"allow":["GET"]}}],"collection":[{"href":"https:\/\/www.crisjoyas.com\/de\/wp-json\/wp\/v2\/product"}],"about":[{"href":"https:\/\/www.crisjoyas.com\/de\/wp-json\/wp\/v2\/types\/product"}],"replies":[{"embeddable":true,"href":"https:\/\/www.crisjoyas.com\/de\/wp-json\/wp\/v2\/comments?post=4164"}],"version-history":[{"count":3,"href":"https:\/\/www.crisjoyas.com\/de\/wp-json\/wp\/v2\/product\/4164\/revisions"}],"predecessor-version":[{"id":16824,"href":"https:\/\/www.crisjoyas.com\/de\/wp-json\/wp\/v2\/product\/4164\/revisions\/16824"}],"wp:featuredmedia":[{"embeddable":true,"href":"https:\/\/www.crisjoyas.com\/de\/wp-json\/wp\/v2\/media\/4152"}],"wp:attachment":[{"href":"https:\/\/www.crisjoyas.com\/de\/wp-json\/wp\/v2\/media?parent=4164"}],"wp:term":[{"taxonomy":"product_brand","embeddable":true,"href":"https:\/\/www.crisjoyas.com\/de\/wp-json\/wp\/v2\/product_brand?post=4164"},{"taxonomy":"product_cat","embeddable":true,"href":"https:\/\/www.crisjoyas.com\/de\/wp-json\/wp\/v2\/product_cat?post=4164"},{"taxonomy":"product_tag","embeddable":true,"href":"https:\/\/www.crisjoyas.com\/de\/wp-json\/wp\/v2\/product_tag?post=4164"}],"curies":[{"name":"wp","href":"https:\/\/api.w.org\/{rel}","templated":true}]}}