{"id":4329,"date":"2023-05-31T17:42:43","date_gmt":"2023-05-31T15:42:43","guid":{"rendered":"http:\/\/crisjoyas.com\/?post_type=product&#038;p=4329"},"modified":"2026-03-05T16:37:12","modified_gmt":"2026-03-05T15:37:12","slug":"piercing-tragus-en-oreja-de-plata-bola","status":"publish","type":"product","link":"https:\/\/www.crisjoyas.com\/de\/product\/piercing-tragus-en-oreja-de-plata-bola\/","title":{"rendered":"925 Silber Tragus Ohrpiercing mit Kugel"},"content":{"rendered":"<p>Das Ohrpiercing ist ein kleiner kugelf\u00f6rmiger Ohrring und es stehen drei Gr\u00f6\u00dfen zur Auswahl.<\/p>\n<p>Wir empfehlen, es mit anderem Schmuck zu kombinieren, um einen idealen Look zu erzielen!<\/p>\n<p>Das Ohrpiercing ist aus 990 Sterling Silber gefertigt.<\/p>\n<p>Bei Fragen k\u00f6nnen Sie uns gerne kontaktieren!<\/p>\n<p>Mehr erfahren Sie unter <a href=\"https:\/\/www.crisjoyas.com\/de\/product-category\/piercings\/\">Piercings<\/a> .<\/p>\n<ul>\n<li>MATERIAL: 990 Sterling Silber<\/li>\n<li>VERSCHLUSSART: Fl\u00fcgelmutter<\/li>\n<li>GR\u00d6SSE: 2,5 mm\/3 mm\/4 mm\/5 mm<\/li>\n<\/ul>\n<p>&nbsp;<\/p>\n<p><strong>Paketliste:<\/strong><\/p>\n<p>Ohrlochstechen * 2<\/p>\n<p>Crisjoyas-Box * 1<\/p>\n<p>Schmucktuch * 1<\/p>\n<p>Garantiekarte * 1<\/p>\n<p>&nbsp;<\/p>\n<p><strong>Versand und R\u00fccksendung:<\/strong><\/p>\n<p>Ihre Bestellung wird innerhalb von 24 Gesch\u00e4ftsstunden nach Erhalt Ihrer Bestellbest\u00e4tigungs-E-Mail versandt. Normalerweise erhalten Sie die Produkte innerhalb von 2-15 Tagen. Sie haben 30 Tage Zeit, um R\u00fccksendungen oder Umtausch vorzunehmen.<\/p>","protected":false},"excerpt":{"rendered":"<p>100% Aus 925er Sterlingsilber.<\/p>","protected":false},"featured_media":16388,"comment_status":"open","ping_status":"closed","template":"","meta":{"_themeisle_gutenberg_block_has_review":false},"product_brand":[],"product_cat":[57,54,46,92],"product_tag":[94,169],"class_list":{"0":"post-4329","1":"product","2":"type-product","3":"status-publish","4":"has-post-thumbnail","6":"product_cat-basicos","7":"product_cat-colecciones","8":"product_cat-novedades","9":"product_cat-piercings","10":"product_tag-piercing-oreja","11":"product_tag-tragus","13":"first","14":"instock","15":"sale","16":"shipping-taxable","17":"purchasable","18":"product-type-variable"},"_links":{"self":[{"href":"https:\/\/www.crisjoyas.com\/de\/wp-json\/wp\/v2\/product\/4329","targetHints":{"allow":["GET"]}}],"collection":[{"href":"https:\/\/www.crisjoyas.com\/de\/wp-json\/wp\/v2\/product"}],"about":[{"href":"https:\/\/www.crisjoyas.com\/de\/wp-json\/wp\/v2\/types\/product"}],"replies":[{"embeddable":true,"href":"https:\/\/www.crisjoyas.com\/de\/wp-json\/wp\/v2\/comments?post=4329"}],"version-history":[{"count":5,"href":"https:\/\/www.crisjoyas.com\/de\/wp-json\/wp\/v2\/product\/4329\/revisions"}],"predecessor-version":[{"id":16714,"href":"https:\/\/www.crisjoyas.com\/de\/wp-json\/wp\/v2\/product\/4329\/revisions\/16714"}],"wp:featuredmedia":[{"embeddable":true,"href":"https:\/\/www.crisjoyas.com\/de\/wp-json\/wp\/v2\/media\/16388"}],"wp:attachment":[{"href":"https:\/\/www.crisjoyas.com\/de\/wp-json\/wp\/v2\/media?parent=4329"}],"wp:term":[{"taxonomy":"product_brand","embeddable":true,"href":"https:\/\/www.crisjoyas.com\/de\/wp-json\/wp\/v2\/product_brand?post=4329"},{"taxonomy":"product_cat","embeddable":true,"href":"https:\/\/www.crisjoyas.com\/de\/wp-json\/wp\/v2\/product_cat?post=4329"},{"taxonomy":"product_tag","embeddable":true,"href":"https:\/\/www.crisjoyas.com\/de\/wp-json\/wp\/v2\/product_tag?post=4329"}],"curies":[{"name":"wp","href":"https:\/\/api.w.org\/{rel}","templated":true}]}}