{"id":4520,"date":"2023-10-09T13:01:47","date_gmt":"2023-10-09T11:01:47","guid":{"rendered":"http:\/\/crisjoyas.com\/?post_type=product&#038;p=4520"},"modified":"2024-03-04T12:43:18","modified_gmt":"2024-03-04T11:43:18","slug":"collar-de-eslabones-de-plata-de-ley","status":"publish","type":"product","link":"https:\/\/www.crisjoyas.com\/de\/product\/collar-de-eslabones-de-plata-de-ley\/","title":{"rendered":"925 Sterling Silber Gliederkette"},"content":{"rendered":"<p>Gliederkette aus Sterlingsilber, 40+6 cm lang, bequem und leicht zu tragen.<\/p>\n<p>Bei Fragen k\u00f6nnen Sie sich gerne an uns wenden.<\/p>\n<p>Wir helfen Ihnen gerne!<\/p>\n<p>Entdecken Sie mehr unter Halsketten.<\/p>\n<ul>\n<li>MATERIAL: 925 Sterling Silber<\/li>\n<li>ANH\u00c4NGERGR\u00d6SSE: 8 mm x 6 mm<\/li>\n<li>KETTENMESSUNG: Verstellbare Kette von 40 cm + 6 cm, insgesamt misst sie 46 cm<\/li>\n<\/ul>\n<p>&nbsp;<\/p>\n<p><strong>Paketliste:<\/strong><\/p>\n<p>Halskette * 1<\/p>\n<p>Crisjoyas-Box * 1<\/p>\n<p>Schmucktuch * 1<\/p>\n<p>Garantiekarte * 1<\/p>\n<p>&nbsp;<\/p>\n<p><strong>Versand und R\u00fccksendung:<\/strong><\/p>\n<p>Ihre Bestellung wird innerhalb von 24 Gesch\u00e4ftsstunden nach Erhalt Ihrer Bestellbest\u00e4tigungs-E-Mail versandt. Normalerweise erhalten Sie die Produkte innerhalb von 2-15 Tagen. Sie haben 30 Tage Zeit, um R\u00fccksendungen oder Umtausch vorzunehmen.<\/p>","protected":false},"excerpt":{"rendered":"<p>Produktvorverkauf, Versand in 15 Tagen<\/p>\n<p>Kostenloser Versand in Spanien!<\/p>","protected":false},"featured_media":4522,"comment_status":"open","ping_status":"closed","template":"","meta":{"_themeisle_gutenberg_block_has_review":false},"product_brand":[],"product_cat":[57,54,23,46],"product_tag":[109,177],"class_list":{"0":"post-4520","1":"product","2":"type-product","3":"status-publish","4":"has-post-thumbnail","6":"product_cat-basicos","7":"product_cat-colecciones","8":"product_cat-collares","9":"product_cat-novedades","10":"product_tag-collar","11":"product_tag-t","12":"product_shipping_class-envio-gratis","14":"first","15":"instock","16":"sale","17":"shipping-taxable","18":"purchasable","19":"product-type-simple"},"_links":{"self":[{"href":"https:\/\/www.crisjoyas.com\/de\/wp-json\/wp\/v2\/product\/4520","targetHints":{"allow":["GET"]}}],"collection":[{"href":"https:\/\/www.crisjoyas.com\/de\/wp-json\/wp\/v2\/product"}],"about":[{"href":"https:\/\/www.crisjoyas.com\/de\/wp-json\/wp\/v2\/types\/product"}],"replies":[{"embeddable":true,"href":"https:\/\/www.crisjoyas.com\/de\/wp-json\/wp\/v2\/comments?post=4520"}],"version-history":[{"count":2,"href":"https:\/\/www.crisjoyas.com\/de\/wp-json\/wp\/v2\/product\/4520\/revisions"}],"predecessor-version":[{"id":16193,"href":"https:\/\/www.crisjoyas.com\/de\/wp-json\/wp\/v2\/product\/4520\/revisions\/16193"}],"wp:featuredmedia":[{"embeddable":true,"href":"https:\/\/www.crisjoyas.com\/de\/wp-json\/wp\/v2\/media\/4522"}],"wp:attachment":[{"href":"https:\/\/www.crisjoyas.com\/de\/wp-json\/wp\/v2\/media?parent=4520"}],"wp:term":[{"taxonomy":"product_brand","embeddable":true,"href":"https:\/\/www.crisjoyas.com\/de\/wp-json\/wp\/v2\/product_brand?post=4520"},{"taxonomy":"product_cat","embeddable":true,"href":"https:\/\/www.crisjoyas.com\/de\/wp-json\/wp\/v2\/product_cat?post=4520"},{"taxonomy":"product_tag","embeddable":true,"href":"https:\/\/www.crisjoyas.com\/de\/wp-json\/wp\/v2\/product_tag?post=4520"}],"curies":[{"name":"wp","href":"https:\/\/api.w.org\/{rel}","templated":true}]}}