{"id":559,"date":"2022-05-05T17:38:12","date_gmt":"2022-05-05T15:38:12","guid":{"rendered":"http:\/\/crisjoyas.com\/?post_type=product&#038;p=559"},"modified":"2026-03-05T16:30:26","modified_gmt":"2026-03-05T15:30:26","slug":"pendientes-pequenos-de-mariposas","status":"publish","type":"product","link":"https:\/\/www.crisjoyas.com\/de\/product\/pendientes-pequenos-de-mariposas\/","title":{"rendered":"Schmetterling Ohrringe Silber Ohrringe f\u00fcr Frauen Ohrpiercing Silber"},"content":{"rendered":"<p>Kleine Schmetterlingsohrringe, s\u00fc\u00df und zart, geeignet f\u00fcr den t\u00e4glichen Gebrauch, auch zum Kombinieren mit anderen Ohrringen in unserem Gesch\u00e4ft.<\/p>\n<p>Wir empfehlen, es mit anderem Schmuck zu kombinieren, um einen idealen Look zu erzielen!<\/p>\n<p>Der Ohrring besteht aus 925er Sterlingsilber und die goldene Version hat eine 18-Karat-Vergoldung.<\/p>\n<p>Bei Fragen k\u00f6nnen Sie uns gerne kontaktieren!<\/p>\n<p>Entdecken Sie mehr unter Ohrringe.<\/p>\n<ul>\n<li>MATERIAL: 925 Sterling Silber<\/li>\n<li>FINISH: 18 Karat vergoldet<\/li>\n<li>STEIN: Kristall<\/li>\n<li>STEINDURCHMESSER: 2-5mm<\/li>\n<li>VERSCHLUSSART: Fl\u00fcgelmutter<\/li>\n<li>SCHMETTERLINGSGR\u00d6SSE: 7 mm x 5 mm<\/li>\n<\/ul>\n<p>&nbsp;<\/p>\n<p><strong>Paketliste:<\/strong><\/p>\n<p>Ohrringe * 2<\/p>\n<p>Crisjoyas-Box * 1<\/p>\n<p>Schmucktuch * 1<\/p>\n<p>Garantiekarte * 1<\/p>\n<p>&nbsp;<\/p>\n<p><strong>Versand und R\u00fccksendung:<\/strong><\/p>\n<p>Ihre Bestellung wird innerhalb von 24 Gesch\u00e4ftsstunden nach Erhalt Ihrer Bestellbest\u00e4tigungs-E-Mail versandt. Normalerweise erhalten Sie die Produkte innerhalb von 2-15 Tagen. Sie haben 30 Tage Zeit, um R\u00fccksendungen oder Umtausch vorzunehmen.<\/p>","protected":false},"excerpt":{"rendered":"<p>100% Aus 925er Sterlingsilber<\/p>","protected":false},"featured_media":4049,"comment_status":"open","ping_status":"closed","template":"","meta":{"_themeisle_gutenberg_block_has_review":false},"product_brand":[],"product_cat":[54,55,65,46,48,190],"product_tag":[40],"class_list":{"0":"post-559","1":"product","2":"type-product","3":"status-publish","4":"has-post-thumbnail","6":"product_cat-colecciones","7":"product_cat-cristales","8":"product_cat-mariposa","9":"product_cat-novedades","10":"product_cat-outlet","11":"product_cat-pendientes","12":"product_tag-mariposa","13":"product_shipping_class-envio-estandarlos-pedidos-seran-recibidos-antes-del-3-dias","15":"first","16":"instock","17":"sale","18":"shipping-taxable","19":"purchasable","20":"product-type-variable"},"_links":{"self":[{"href":"https:\/\/www.crisjoyas.com\/de\/wp-json\/wp\/v2\/product\/559","targetHints":{"allow":["GET"]}}],"collection":[{"href":"https:\/\/www.crisjoyas.com\/de\/wp-json\/wp\/v2\/product"}],"about":[{"href":"https:\/\/www.crisjoyas.com\/de\/wp-json\/wp\/v2\/types\/product"}],"replies":[{"embeddable":true,"href":"https:\/\/www.crisjoyas.com\/de\/wp-json\/wp\/v2\/comments?post=559"}],"version-history":[{"count":7,"href":"https:\/\/www.crisjoyas.com\/de\/wp-json\/wp\/v2\/product\/559\/revisions"}],"predecessor-version":[{"id":16790,"href":"https:\/\/www.crisjoyas.com\/de\/wp-json\/wp\/v2\/product\/559\/revisions\/16790"}],"wp:featuredmedia":[{"embeddable":true,"href":"https:\/\/www.crisjoyas.com\/de\/wp-json\/wp\/v2\/media\/4049"}],"wp:attachment":[{"href":"https:\/\/www.crisjoyas.com\/de\/wp-json\/wp\/v2\/media?parent=559"}],"wp:term":[{"taxonomy":"product_brand","embeddable":true,"href":"https:\/\/www.crisjoyas.com\/de\/wp-json\/wp\/v2\/product_brand?post=559"},{"taxonomy":"product_cat","embeddable":true,"href":"https:\/\/www.crisjoyas.com\/de\/wp-json\/wp\/v2\/product_cat?post=559"},{"taxonomy":"product_tag","embeddable":true,"href":"https:\/\/www.crisjoyas.com\/de\/wp-json\/wp\/v2\/product_tag?post=559"}],"curies":[{"name":"wp","href":"https:\/\/api.w.org\/{rel}","templated":true}]}}