{"id":635,"date":"2022-05-06T12:45:04","date_gmt":"2022-05-06T10:45:04","guid":{"rendered":"http:\/\/crisjoyas.com\/?post_type=product&#038;p=635"},"modified":"2026-03-09T16:22:12","modified_gmt":"2026-03-09T15:22:12","slug":"pendientes-perla-grande","status":"publish","type":"product","link":"https:\/\/www.crisjoyas.com\/de\/product\/pendientes-perla-grande\/","title":{"rendered":"Silberne Perlenohrringe, gro\u00dfe Ohrringe, Hochzeitsgast-Ohrringe"},"content":{"rendered":"<p>Die Perlen dieser Perlenohrringe sind 12 mm gro\u00df, rund und gl\u00e4nzend. Es wird definitiv ein unverzichtbares Kleidungsst\u00fcck f\u00fcr Ihren Alltag sein und Ihnen ein elegantes und pers\u00f6nlichkeitsstarkes Aussehen verleihen.<\/p>\n<p>Wir empfehlen, es mit anderem Schmuck zu kombinieren, um einen idealen Look zu erzielen!<\/p>\n<p>Der Ohrring besteht aus 925er Sterlingsilber und die goldene Version hat eine 18-Karat-Vergoldung.<\/p>\n<p>Bei Fragen k\u00f6nnen Sie uns gerne kontaktieren!<\/p>\n<p>Entdecken Sie mehr unter Ohrringe.<\/p>\n<ul>\n<li>MATERIAL: 925 Sterling Silber<\/li>\n<li>STEIN: Perle<\/li>\n<li>STEINDURCHMESSER: 12 mm<\/li>\n<li>VERSCHLUSSART: Fl\u00fcgelmutter<\/li>\n<\/ul>\n<p>&nbsp;<\/p>\n<p><strong>Paketliste:<\/strong><\/p>\n<p>Perlenohrringe * 2<\/p>\n<p>Crisjoyas-Box * 1<\/p>\n<p>Schmucktuch * 1<\/p>\n<p>Garantiekarte * 1<\/p>\n<p>&nbsp;<\/p>\n<p><strong>Versand und R\u00fccksendung:<\/strong><\/p>\n<p>Ihre Bestellung wird innerhalb von 24 Gesch\u00e4ftsstunden nach Erhalt Ihrer Bestellbest\u00e4tigungs-E-Mail versandt. Normalerweise erhalten Sie die Produkte innerhalb von 2-15 Tagen. Sie haben 30 Tage Zeit, um R\u00fccksendungen oder Umtausch vorzunehmen.<\/p>","protected":false},"excerpt":{"rendered":"<p>100% Aus 925er Sterlingsilber<\/p>","protected":false},"featured_media":4021,"comment_status":"open","ping_status":"closed","template":"","meta":{"_themeisle_gutenberg_block_has_review":false},"product_brand":[],"product_cat":[54,46,190,56],"product_tag":[51],"class_list":{"0":"post-635","1":"product","2":"type-product","3":"status-publish","4":"has-post-thumbnail","6":"product_cat-colecciones","7":"product_cat-novedades","8":"product_cat-pendientes","9":"product_cat-perlas","10":"product_tag-perla","12":"first","13":"instock","14":"sale","15":"shipping-taxable","16":"purchasable","17":"product-type-simple"},"_links":{"self":[{"href":"https:\/\/www.crisjoyas.com\/de\/wp-json\/wp\/v2\/product\/635","targetHints":{"allow":["GET"]}}],"collection":[{"href":"https:\/\/www.crisjoyas.com\/de\/wp-json\/wp\/v2\/product"}],"about":[{"href":"https:\/\/www.crisjoyas.com\/de\/wp-json\/wp\/v2\/types\/product"}],"replies":[{"embeddable":true,"href":"https:\/\/www.crisjoyas.com\/de\/wp-json\/wp\/v2\/comments?post=635"}],"version-history":[{"count":6,"href":"https:\/\/www.crisjoyas.com\/de\/wp-json\/wp\/v2\/product\/635\/revisions"}],"predecessor-version":[{"id":16787,"href":"https:\/\/www.crisjoyas.com\/de\/wp-json\/wp\/v2\/product\/635\/revisions\/16787"}],"wp:featuredmedia":[{"embeddable":true,"href":"https:\/\/www.crisjoyas.com\/de\/wp-json\/wp\/v2\/media\/4021"}],"wp:attachment":[{"href":"https:\/\/www.crisjoyas.com\/de\/wp-json\/wp\/v2\/media?parent=635"}],"wp:term":[{"taxonomy":"product_brand","embeddable":true,"href":"https:\/\/www.crisjoyas.com\/de\/wp-json\/wp\/v2\/product_brand?post=635"},{"taxonomy":"product_cat","embeddable":true,"href":"https:\/\/www.crisjoyas.com\/de\/wp-json\/wp\/v2\/product_cat?post=635"},{"taxonomy":"product_tag","embeddable":true,"href":"https:\/\/www.crisjoyas.com\/de\/wp-json\/wp\/v2\/product_tag?post=635"}],"curies":[{"name":"wp","href":"https:\/\/api.w.org\/{rel}","templated":true}]}}