{"id":837,"date":"2022-05-10T13:31:48","date_gmt":"2022-05-10T11:31:48","guid":{"rendered":"http:\/\/crisjoyas.com\/?post_type=product&#038;p=837"},"modified":"2024-11-21T11:55:43","modified_gmt":"2024-11-21T10:55:43","slug":"collar-de-plata-esterlina","status":"publish","type":"product","link":"https:\/\/www.crisjoyas.com\/de\/product\/collar-de-plata-esterlina\/","title":{"rendered":"925 Sterling Silber Halskette Mode Kette"},"content":{"rendered":"<p>Dies ist unsere Halskette mit exklusivem Design und besonderer Handwerkskunst, die die ganze Halskette zum Strahlen bringt. Sie kann allein getragen oder mit anderen Halsketten in unserem Gesch\u00e4ft kombiniert werden und macht Sie definitiv zum strahlendsten M\u00e4dchen!<\/p>\n<ul>\n<li>MATERIAL: 925 Sterling Silber<\/li>\n<li>BREITE: 1,5 mm<\/li>\n<li>KETTENL\u00c4NGE: Verstellbarer Verschluss von 38 bis 45 cm<\/li>\n<\/ul>\n<p>&nbsp;<\/p>\n<p><strong>Paketliste:<\/strong><\/p>\n<p>Halskette * 1<\/p>\n<p>Crisjoyas-Box * 1<\/p>\n<p>Schmucktuch * 1<\/p>\n<p>Garantiekarte * 1<\/p>\n<p>&nbsp;<\/p>\n<p><strong>Versand und R\u00fccksendung:<\/strong><\/p>\n<p>Ihre Bestellung wird innerhalb von 24 Gesch\u00e4ftsstunden nach Erhalt Ihrer Bestellbest\u00e4tigungs-E-Mail versandt. Normalerweise erhalten Sie die Produkte innerhalb von 2-15 Tagen. Sie haben 30 Tage Zeit, um R\u00fccksendungen oder Umtausch vorzunehmen.<\/p>","protected":false},"excerpt":{"rendered":"<p>100% Aus 925er Sterlingsilber<\/p>","protected":false},"featured_media":842,"comment_status":"open","ping_status":"closed","template":"","meta":{"_themeisle_gutenberg_block_has_review":false},"product_brand":[],"product_cat":[54,23,55,46],"product_tag":[],"class_list":{"0":"post-837","1":"product","2":"type-product","3":"status-publish","4":"has-post-thumbnail","6":"product_cat-colecciones","7":"product_cat-collares","8":"product_cat-cristales","9":"product_cat-novedades","10":"product_shipping_class-envio-estandarlos-pedidos-seran-recibidos-antes-del-3-dias","12":"first","13":"instock","14":"sale","15":"shipping-taxable","16":"purchasable","17":"product-type-simple"},"_links":{"self":[{"href":"https:\/\/www.crisjoyas.com\/de\/wp-json\/wp\/v2\/product\/837","targetHints":{"allow":["GET"]}}],"collection":[{"href":"https:\/\/www.crisjoyas.com\/de\/wp-json\/wp\/v2\/product"}],"about":[{"href":"https:\/\/www.crisjoyas.com\/de\/wp-json\/wp\/v2\/types\/product"}],"replies":[{"embeddable":true,"href":"https:\/\/www.crisjoyas.com\/de\/wp-json\/wp\/v2\/comments?post=837"}],"version-history":[{"count":4,"href":"https:\/\/www.crisjoyas.com\/de\/wp-json\/wp\/v2\/product\/837\/revisions"}],"predecessor-version":[{"id":16833,"href":"https:\/\/www.crisjoyas.com\/de\/wp-json\/wp\/v2\/product\/837\/revisions\/16833"}],"wp:featuredmedia":[{"embeddable":true,"href":"https:\/\/www.crisjoyas.com\/de\/wp-json\/wp\/v2\/media\/842"}],"wp:attachment":[{"href":"https:\/\/www.crisjoyas.com\/de\/wp-json\/wp\/v2\/media?parent=837"}],"wp:term":[{"taxonomy":"product_brand","embeddable":true,"href":"https:\/\/www.crisjoyas.com\/de\/wp-json\/wp\/v2\/product_brand?post=837"},{"taxonomy":"product_cat","embeddable":true,"href":"https:\/\/www.crisjoyas.com\/de\/wp-json\/wp\/v2\/product_cat?post=837"},{"taxonomy":"product_tag","embeddable":true,"href":"https:\/\/www.crisjoyas.com\/de\/wp-json\/wp\/v2\/product_tag?post=837"}],"curies":[{"name":"wp","href":"https:\/\/api.w.org\/{rel}","templated":true}]}}