{"id":3758,"date":"2023-03-23T11:05:54","date_gmt":"2023-03-23T10:05:54","guid":{"rendered":"http:\/\/crisjoyas.com\/?page_id=3758"},"modified":"2023-03-23T11:09:00","modified_gmt":"2023-03-23T10:09:00","slug":"politica-de-privacidad-del-sitio-web","status":"publish","type":"page","link":"https:\/\/www.crisjoyas.com\/en\/politica-de-privacidad-del-sitio-web\/","title":{"rendered":"Website Privacy Policy"},"content":{"rendered":"<div data-elementor-type=\"wp-page\" data-elementor-id=\"3758\" class=\"elementor elementor-3758\" data-elementor-post-type=\"page\">\n\t\t\t\t<div class=\"wd-negative-gap elementor-element elementor-element-6c10d8a e-flex e-con-boxed wd-section-disabled e-con e-parent\" data-id=\"6c10d8a\" data-element_type=\"container\" data-e-type=\"container\">\n\t\t\t\t\t<div class=\"e-con-inner\">\n\t\t\t\t<div class=\"elementor-element elementor-element-89c8c47 elementor-widget elementor-widget-heading\" data-id=\"89c8c47\" data-element_type=\"widget\" data-e-type=\"widget\" data-widget_type=\"heading.default\">\n\t\t\t\t<div class=\"elementor-widget-container\">\n\t\t\t\t\t<h2 class=\"elementor-heading-title elementor-size-default\">Website Privacy Policy<\/h2>\t\t\t\t<\/div>\n\t\t\t\t<\/div>\n\t\t\t\t\t<\/div>\n\t\t\t\t<\/div>\n\t\t<div class=\"wd-negative-gap elementor-element elementor-element-e18a86b e-flex e-con-boxed wd-section-disabled e-con e-parent\" data-id=\"e18a86b\" data-element_type=\"container\" data-e-type=\"container\">\n\t\t\t\t\t<div class=\"e-con-inner\">\n\t\t\t\t<div class=\"elementor-element elementor-element-a5edab0 color-scheme-inherit text-left elementor-widget elementor-widget-text-editor\" data-id=\"a5edab0\" data-element_type=\"widget\" data-e-type=\"widget\" data-widget_type=\"text-editor.default\">\n\t\t\t\t<div class=\"elementor-widget-container\">\n\t\t\t\t\t\t\t\t\t<p>\u00a0<\/p><p>This Privacy Policy describes how any personal information you provide when using this website is collected, used, and protected. By accessing this website, you agree to this Privacy Policy.<\/p><p>Information Gathering<\/p><p>Personal information may be collected when you use this website, such as your name, email address, postal address, and payment information. Non-personal information may also be collected, such as the type of browser used, IP address, and operating system used.<\/p><p>Use of Information<\/p><p>The personal information collected will be used to provide the requested services and products. Personal information may also be used to send promotional emails or newsletters related to the website or the products and services offered. Non-personal information may be used to improve the website and for statistical purposes.<\/p><p>Information Protection<\/p><p>Reasonable steps will be taken to protect personal information collected from any unauthorized use or disclosure. Physical, electronic and administrative safeguards will be used to ensure the security of personal information.<\/p><p>Disclosure of Information<\/p><p>Personal information will not be sold, rented or shared with third parties except when necessary to provide the requested services and products or to comply with applicable laws.<\/p><p>Changes to the Privacy Policy<\/p><p>This Privacy Policy may be updated at any time without prior notice. It is recommended that you periodically review this policy to be informed of any changes.<\/p><p>Contact<\/p><p>If you have any questions or concerns about this Privacy Policy, please contact us through the means provided on the website.<\/p>\t\t\t\t\t\t\t\t<\/div>\n\t\t\t\t<\/div>\n\t\t\t\t\t<\/div>\n\t\t\t\t<\/div>\n\t\t\t\t<\/div>","protected":false},"excerpt":{"rendered":"<p>Pol\u00edtica de Privacidad del Sitio Web \u00a0 Esta Pol\u00edtica de Privacidad describe c\u00f3mo se recopila, utiliza y protege la informaci\u00f3n<\/p>","protected":false},"author":1,"featured_media":0,"parent":0,"menu_order":0,"comment_status":"closed","ping_status":"closed","template":"page-templates\/template-pagebuilder-full-width.php","meta":{"_themeisle_gutenberg_block_has_review":false,"footnotes":""},"class_list":["post-3758","page","type-page","status-publish","hentry"],"_links":{"self":[{"href":"https:\/\/www.crisjoyas.com\/en\/wp-json\/wp\/v2\/pages\/3758","targetHints":{"allow":["GET"]}}],"collection":[{"href":"https:\/\/www.crisjoyas.com\/en\/wp-json\/wp\/v2\/pages"}],"about":[{"href":"https:\/\/www.crisjoyas.com\/en\/wp-json\/wp\/v2\/types\/page"}],"author":[{"embeddable":true,"href":"https:\/\/www.crisjoyas.com\/en\/wp-json\/wp\/v2\/users\/1"}],"replies":[{"embeddable":true,"href":"https:\/\/www.crisjoyas.com\/en\/wp-json\/wp\/v2\/comments?post=3758"}],"version-history":[{"count":7,"href":"https:\/\/www.crisjoyas.com\/en\/wp-json\/wp\/v2\/pages\/3758\/revisions"}],"predecessor-version":[{"id":3765,"href":"https:\/\/www.crisjoyas.com\/en\/wp-json\/wp\/v2\/pages\/3758\/revisions\/3765"}],"wp:attachment":[{"href":"https:\/\/www.crisjoyas.com\/en\/wp-json\/wp\/v2\/media?parent=3758"}],"curies":[{"name":"wp","href":"https:\/\/api.w.org\/{rel}","templated":true}]}}