{"id":911,"date":"2022-05-10T16:12:24","date_gmt":"2022-05-10T14:12:24","guid":{"rendered":"http:\/\/crisjoyas.com\/?page_id=911"},"modified":"2022-05-10T16:17:17","modified_gmt":"2022-05-10T14:17:17","slug":"en-que-paises-entregais","status":"publish","type":"page","link":"https:\/\/www.crisjoyas.com\/en\/en-que-paises-entregais\/","title":{"rendered":"In which countries do you deliver?"},"content":{"rendered":"<div data-elementor-type=\"wp-page\" data-elementor-id=\"911\" class=\"elementor elementor-911\" data-elementor-post-type=\"page\">\n\t\t\t\t\t\t<section class=\"wd-negative-gap elementor-section elementor-top-section elementor-element elementor-element-447e369f elementor-section-boxed elementor-section-height-default elementor-section-height-default wd-section-disabled\" data-id=\"447e369f\" data-element_type=\"section\" data-e-type=\"section\">\n\t\t\t\t\t\t<div class=\"elementor-container elementor-column-gap-default\">\n\t\t\t\t\t<div class=\"elementor-column elementor-col-100 elementor-top-column elementor-element elementor-element-14c576a5\" data-id=\"14c576a5\" data-element_type=\"column\" data-e-type=\"column\">\n\t\t\t<div class=\"elementor-widget-wrap elementor-element-populated\">\n\t\t\t\t\t\t<div class=\"elementor-element elementor-element-160af576 color-scheme-inherit text-left elementor-widget elementor-widget-text-editor\" data-id=\"160af576\" data-element_type=\"widget\" data-e-type=\"widget\" data-widget_type=\"text-editor.default\">\n\t\t\t\t<div class=\"elementor-widget-container\">\n\t\t\t\t\t\t\t\t\t\n<div id=\"wp-block-themeisle-blocks-advanced-columns-32a65bc3\" class=\"wp-block-themeisle-blocks-advanced-columns has-0-columns has-desktop-undefined-layout has-tablet-equal-layout has-mobile-equal-layout has-vertical-unset\"><div class=\"wp-block-themeisle-blocks-advanced-columns-overlay\"><\/div><div class=\"innerblocks-wrap\"><\/div><\/div>\n\t\t\t\t\t\t\t\t<\/div>\n\t\t\t\t<\/div>\n\t\t\t\t\t<\/div>\n\t\t<\/div>\n\t\t\t\t\t<\/div>\n\t\t<\/section>\n\t\t<div class=\"wd-negative-gap elementor-element elementor-element-124fd13 e-flex e-con-boxed wd-section-disabled e-con e-parent\" data-id=\"124fd13\" data-element_type=\"container\" data-e-type=\"container\">\n\t\t\t\t\t<div class=\"e-con-inner\">\n\t\t\t\t<div class=\"elementor-element elementor-element-2437ccf elementor-widget elementor-widget-heading\" data-id=\"2437ccf\" data-element_type=\"widget\" data-e-type=\"widget\" data-widget_type=\"heading.default\">\n\t\t\t\t<div class=\"elementor-widget-container\">\n\t\t\t\t\t<h2 class=\"elementor-heading-title elementor-size-default\">In which countries do you deliver?<\/h2>\t\t\t\t<\/div>\n\t\t\t\t<\/div>\n\t\t\t\t\t<\/div>\n\t\t\t\t<\/div>\n\t\t<div class=\"wd-negative-gap elementor-element elementor-element-30d9232 e-flex e-con-boxed wd-section-disabled e-con e-parent\" data-id=\"30d9232\" data-element_type=\"container\" data-e-type=\"container\">\n\t\t\t\t\t<div class=\"e-con-inner\">\n\t\t\t\t<div class=\"elementor-element elementor-element-af71e43 color-scheme-inherit text-left elementor-widget elementor-widget-text-editor\" data-id=\"af71e43\" data-element_type=\"widget\" data-e-type=\"widget\" data-widget_type=\"text-editor.default\">\n\t\t\t\t<div class=\"elementor-widget-container\">\n\t\t\t\t\t\t\t\t\t<p>\u00a0<\/p>\n<p>We currently deliver to the following countries.<\/p>\n<p>Your order will be shipped within 24 business hours of receiving your order confirmation email.<\/p>\n<p>Note: Shipments cannot be made to PO boxes.<\/p>\n<p>Spain<br \/>France<br \/>Germany<br \/>Italy<br \/>Netherlands<br \/>Belgium<br \/>Ireland<br \/>UNITED KINGDOM.<br \/>Denmark<br \/>Greece<br \/>Finland<br \/>Sweden<br \/>Poland<br \/>Norway<br \/>Austria<br \/>Portugal<br \/>Hungary<br \/>Czech Republic<br \/>Slovakia<br \/>Bulgaria<br \/>Cyprus<br \/>Romania<br \/>Mexico<br \/>US.<br \/>Canada<br \/>Australia<br \/>South Africa<br \/>Japan<\/p>\n<hr \/>\n<p>\u00a0<\/p>\n<p>\u00a0<\/p>\n<p>\u00a0<\/p>\t\t\t\t\t\t\t\t<\/div>\n\t\t\t\t<\/div>\n\t\t\t\t\t<\/div>\n\t\t\t\t<\/div>\n\t\t\t\t<\/div>","protected":false},"excerpt":{"rendered":"<p>\u00bfEn qu\u00e9 pa\u00edses entreg\u00e1is? Actualmente, entregamos en los siguientes pa\u00edses. Tu pedido ser\u00e1 enviado a las 24 horas h\u00e1biles de<\/p>","protected":false},"author":1,"featured_media":0,"parent":0,"menu_order":0,"comment_status":"closed","ping_status":"closed","template":"","meta":{"_themeisle_gutenberg_block_has_review":false,"footnotes":""},"class_list":["post-911","page","type-page","status-publish","hentry"],"_links":{"self":[{"href":"https:\/\/www.crisjoyas.com\/en\/wp-json\/wp\/v2\/pages\/911","targetHints":{"allow":["GET"]}}],"collection":[{"href":"https:\/\/www.crisjoyas.com\/en\/wp-json\/wp\/v2\/pages"}],"about":[{"href":"https:\/\/www.crisjoyas.com\/en\/wp-json\/wp\/v2\/types\/page"}],"author":[{"embeddable":true,"href":"https:\/\/www.crisjoyas.com\/en\/wp-json\/wp\/v2\/users\/1"}],"replies":[{"embeddable":true,"href":"https:\/\/www.crisjoyas.com\/en\/wp-json\/wp\/v2\/comments?post=911"}],"version-history":[{"count":9,"href":"https:\/\/www.crisjoyas.com\/en\/wp-json\/wp\/v2\/pages\/911\/revisions"}],"predecessor-version":[{"id":921,"href":"https:\/\/www.crisjoyas.com\/en\/wp-json\/wp\/v2\/pages\/911\/revisions\/921"}],"wp:attachment":[{"href":"https:\/\/www.crisjoyas.com\/en\/wp-json\/wp\/v2\/media?parent=911"}],"curies":[{"name":"wp","href":"https:\/\/api.w.org\/{rel}","templated":true}]}}