{"id":1071,"date":"2022-05-12T11:55:32","date_gmt":"2022-05-12T09:55:32","guid":{"rendered":"http:\/\/crisjoyas.com\/?page_id=1071"},"modified":"2022-05-12T11:59:01","modified_gmt":"2022-05-12T09:59:01","slug":"como-puedo-rastrear-mi-pedido","status":"publish","type":"page","link":"https:\/\/www.crisjoyas.com\/fr\/como-puedo-rastrear-mi-pedido\/","title":{"rendered":"Comment puis-je suivre ma commande ?"},"content":{"rendered":"<div data-elementor-type=\"wp-page\" data-elementor-id=\"1071\" class=\"elementor elementor-1071\" data-elementor-post-type=\"page\">\n\t\t\t\t<div class=\"wd-negative-gap elementor-element elementor-element-87a9fef e-flex e-con-boxed wd-section-disabled e-con e-parent\" data-id=\"87a9fef\" data-element_type=\"container\" data-e-type=\"container\">\n\t\t\t\t\t<div class=\"e-con-inner\">\n\t\t\t\t\t<\/div>\n\t\t\t\t<\/div>\n\t\t<div class=\"wd-negative-gap elementor-element elementor-element-982bdcc e-flex e-con-boxed wd-section-disabled e-con e-parent\" data-id=\"982bdcc\" data-element_type=\"container\" data-e-type=\"container\">\n\t\t\t\t\t<div class=\"e-con-inner\">\n\t\t\t\t<div class=\"elementor-element elementor-element-7899ece elementor-widget elementor-widget-heading\" data-id=\"7899ece\" data-element_type=\"widget\" data-e-type=\"widget\" data-widget_type=\"heading.default\">\n\t\t\t\t<div class=\"elementor-widget-container\">\n\t\t\t\t\t<h2 class=\"elementor-heading-title elementor-size-default\">Comment puis-je suivre ma commande ?<\/h2>\t\t\t\t<\/div>\n\t\t\t\t<\/div>\n\t\t\t\t\t<\/div>\n\t\t\t\t<\/div>\n\t\t<div class=\"wd-negative-gap elementor-element elementor-element-f3fefae e-flex e-con-boxed wd-section-disabled e-con e-parent\" data-id=\"f3fefae\" data-element_type=\"container\" data-e-type=\"container\">\n\t\t\t\t\t<div class=\"e-con-inner\">\n\t\t\t\t<div class=\"elementor-element elementor-element-6cec62c color-scheme-inherit text-left elementor-widget elementor-widget-text-editor\" data-id=\"6cec62c\" data-element_type=\"widget\" data-e-type=\"widget\" data-widget_type=\"text-editor.default\">\n\t\t\t\t<div class=\"elementor-widget-container\">\n\t\t\t\t\t\t\t\t\t<p>\u00a0<\/p>\n<p class=\"wysiwyg-text-align-justify\">Nous voulons que vous puissiez contr\u00f4ler vos commandes \u00e0 tout moment. Par cons\u00e9quent, lorsque nous exp\u00e9dions votre commande, vous recevrez un e-mail de confirmation avec un lien pour suivre votre commande en direct. Vous pouvez \u00e9galement acc\u00e9der \u00e0 la section\u00a0<a href=\"https:\/\/www.pdpaola.com\/es\/pages\/tracking\" target=\"_self\">Suivi des commandes\u00a0<\/a>pour conna\u00eetre l&#039;\u00e9tat de votre commande.\u00a0\u00a0<\/p>\n<p class=\"wysiwyg-text-align-justify\">Si vous avez des questions ou besoin de fournir de nouvelles informations pour la livraison de votre commande, contactez-nous, <span style=\"text-decoration: underline;\"><strong>info@crisjoyas.com<\/strong><\/span> .<\/p>\n<p class=\"wysiwyg-text-align-justify\">Si les informations ne sont pas \u00e0 jour, veuillez v\u00e9rifier \u00e0 nouveau dans les 24 heures pour permettre au transporteur de traiter cet envoi par voie \u00e9lectronique.<\/p>\n<p>\u00a0<\/p>\n<p>\u00a0<\/p>\n<p>\u00a0<\/p>\t\t\t\t\t\t\t\t<\/div>\n\t\t\t\t<\/div>\n\t\t\t\t\t<\/div>\n\t\t\t\t<\/div>\n\t\t\t\t<\/div>","protected":false},"excerpt":{"rendered":"<p>\u00bfC\u00f3mo puedo rastrear mi pedido? Queremos que puedas controlar tus pedidos en todo momento. Por ello, cuando enviemos tu pedido<\/p>","protected":false},"author":1,"featured_media":0,"parent":0,"menu_order":0,"comment_status":"closed","ping_status":"closed","template":"","meta":{"_themeisle_gutenberg_block_has_review":false,"footnotes":""},"class_list":["post-1071","page","type-page","status-publish","hentry"],"_links":{"self":[{"href":"https:\/\/www.crisjoyas.com\/fr\/wp-json\/wp\/v2\/pages\/1071","targetHints":{"allow":["GET"]}}],"collection":[{"href":"https:\/\/www.crisjoyas.com\/fr\/wp-json\/wp\/v2\/pages"}],"about":[{"href":"https:\/\/www.crisjoyas.com\/fr\/wp-json\/wp\/v2\/types\/page"}],"author":[{"embeddable":true,"href":"https:\/\/www.crisjoyas.com\/fr\/wp-json\/wp\/v2\/users\/1"}],"replies":[{"embeddable":true,"href":"https:\/\/www.crisjoyas.com\/fr\/wp-json\/wp\/v2\/comments?post=1071"}],"version-history":[{"count":5,"href":"https:\/\/www.crisjoyas.com\/fr\/wp-json\/wp\/v2\/pages\/1071\/revisions"}],"predecessor-version":[{"id":1076,"href":"https:\/\/www.crisjoyas.com\/fr\/wp-json\/wp\/v2\/pages\/1071\/revisions\/1076"}],"wp:attachment":[{"href":"https:\/\/www.crisjoyas.com\/fr\/wp-json\/wp\/v2\/media?parent=1071"}],"curies":[{"name":"wp","href":"https:\/\/api.w.org\/{rel}","templated":true}]}}