{"id":1077,"date":"2022-05-12T12:00:31","date_gmt":"2022-05-12T10:00:31","guid":{"rendered":"http:\/\/crisjoyas.com\/?page_id=1077"},"modified":"2022-05-12T12:01:26","modified_gmt":"2022-05-12T10:01:26","slug":"puedo-cancelar-mi-pedido","status":"publish","type":"page","link":"https:\/\/www.crisjoyas.com\/fr\/puedo-cancelar-mi-pedido\/","title":{"rendered":"Puis-je annuler ma commande ?"},"content":{"rendered":"<div data-elementor-type=\"wp-page\" data-elementor-id=\"1077\" class=\"elementor elementor-1077\" data-elementor-post-type=\"page\">\n\t\t\t\t\t\t<section class=\"wd-negative-gap elementor-section elementor-top-section elementor-element elementor-element-4c15b4d0 elementor-section-boxed elementor-section-height-default elementor-section-height-default wd-section-disabled\" data-id=\"4c15b4d0\" data-element_type=\"section\" data-e-type=\"section\">\n\t\t\t\t\t\t<div class=\"elementor-container elementor-column-gap-default\">\n\t\t\t\t\t<div class=\"elementor-column elementor-col-100 elementor-top-column elementor-element elementor-element-276cf59b\" data-id=\"276cf59b\" data-element_type=\"column\" data-e-type=\"column\">\n\t\t\t<div class=\"elementor-widget-wrap elementor-element-populated\">\n\t\t\t\t\t\t<div class=\"elementor-element elementor-element-bf688c1 elementor-widget elementor-widget-heading\" data-id=\"bf688c1\" data-element_type=\"widget\" data-e-type=\"widget\" data-widget_type=\"heading.default\">\n\t\t\t\t<div class=\"elementor-widget-container\">\n\t\t\t\t\t<h2 class=\"elementor-heading-title elementor-size-default\">Puis-je annuler ma commande ?<\/h2>\t\t\t\t<\/div>\n\t\t\t\t<\/div>\n\t\t\t\t<div class=\"elementor-element elementor-element-15bfcb1e color-scheme-inherit text-left elementor-widget elementor-widget-text-editor\" data-id=\"15bfcb1e\" data-element_type=\"widget\" data-e-type=\"widget\" data-widget_type=\"text-editor.default\">\n\t\t\t\t<div class=\"elementor-widget-container\">\n\t\t\t\t\t\t\t\t\t\n<div id=\"wp-block-themeisle-blocks-advanced-columns-12e0f0da\" class=\"wp-block-themeisle-blocks-advanced-columns has-0-columns has-desktop-undefined-layout has-tablet-equal-layout has-mobile-equal-layout has-vertical-unset\"><div class=\"wp-block-themeisle-blocks-advanced-columns-overlay\"><\/div><div class=\"innerblocks-wrap\"><\/div><\/div>\n\t\t\t\t\t\t\t\t<\/div>\n\t\t\t\t<\/div>\n\t\t\t\t\t<\/div>\n\t\t<\/div>\n\t\t\t\t\t<\/div>\n\t\t<\/section>\n\t\t<div class=\"wd-negative-gap elementor-element elementor-element-61c4410 e-flex e-con-boxed wd-section-disabled e-con e-parent\" data-id=\"61c4410\" data-element_type=\"container\" data-e-type=\"container\">\n\t\t\t\t\t<div class=\"e-con-inner\">\n\t\t\t\t<div class=\"elementor-element elementor-element-1478ce5 color-scheme-inherit text-left elementor-widget elementor-widget-text-editor\" data-id=\"1478ce5\" data-element_type=\"widget\" data-e-type=\"widget\" data-widget_type=\"text-editor.default\">\n\t\t\t\t<div class=\"elementor-widget-container\">\n\t\t\t\t\t\t\t\t\t<p>\u00a0<\/p>\n<p>Les commandes qui ont \u00e9t\u00e9 exp\u00e9di\u00e9es ne peuvent pas \u00eatre annul\u00e9es.<\/p>\n<p>Si vous souhaitez annuler votre commande, contactez\u00a0<a href=\"https:\/\/www.pdpaola.com\/es\/pages\/do-you-have-questions\">service client<\/a>\u00a0vous informant de l&#039;annulation de votre commande et du motif de l&#039;annulation, et nous ferons tout notre possible pour vous aider.<\/p>\n<p>Vous pouvez \u00e9galement annuler manuellement vos commandes dans l&#039;historique des commandes de votre compte.<\/p>\n<p>Si vous ne voyez pas le lien d&#039;annulation, c&#039;est probablement parce que nous avons d\u00e9j\u00e0 pr\u00e9par\u00e9 et exp\u00e9di\u00e9 votre commande.<\/p>\n<p>\u00a0<\/p>\n<p>\u00a0<\/p>\n<p>\u00a0<\/p>\t\t\t\t\t\t\t\t<\/div>\n\t\t\t\t<\/div>\n\t\t\t\t\t<\/div>\n\t\t\t\t<\/div>\n\t\t\t\t<\/div>","protected":false},"excerpt":{"rendered":"<p>\u00bfPuedo cancelar mi pedido? Los pedidos que hayan sido expedidos no podr\u00e1n cancelarse. Si quieres cancelar tu pedido,&nbsp;contacta con&nbsp;atenci\u00f3n al<\/p>","protected":false},"author":1,"featured_media":0,"parent":0,"menu_order":0,"comment_status":"closed","ping_status":"closed","template":"","meta":{"_themeisle_gutenberg_block_has_review":false,"footnotes":""},"class_list":["post-1077","page","type-page","status-publish","hentry"],"_links":{"self":[{"href":"https:\/\/www.crisjoyas.com\/fr\/wp-json\/wp\/v2\/pages\/1077","targetHints":{"allow":["GET"]}}],"collection":[{"href":"https:\/\/www.crisjoyas.com\/fr\/wp-json\/wp\/v2\/pages"}],"about":[{"href":"https:\/\/www.crisjoyas.com\/fr\/wp-json\/wp\/v2\/types\/page"}],"author":[{"embeddable":true,"href":"https:\/\/www.crisjoyas.com\/fr\/wp-json\/wp\/v2\/users\/1"}],"replies":[{"embeddable":true,"href":"https:\/\/www.crisjoyas.com\/fr\/wp-json\/wp\/v2\/comments?post=1077"}],"version-history":[{"count":5,"href":"https:\/\/www.crisjoyas.com\/fr\/wp-json\/wp\/v2\/pages\/1077\/revisions"}],"predecessor-version":[{"id":1082,"href":"https:\/\/www.crisjoyas.com\/fr\/wp-json\/wp\/v2\/pages\/1077\/revisions\/1082"}],"wp:attachment":[{"href":"https:\/\/www.crisjoyas.com\/fr\/wp-json\/wp\/v2\/media?parent=1077"}],"curies":[{"name":"wp","href":"https:\/\/api.w.org\/{rel}","templated":true}]}}