{"id":1083,"date":"2022-05-12T12:04:35","date_gmt":"2022-05-12T10:04:35","guid":{"rendered":"http:\/\/crisjoyas.com\/?page_id=1083"},"modified":"2022-05-12T12:08:29","modified_gmt":"2022-05-12T10:08:29","slug":"que-debo-hacer-para-realizar-una-devolucion","status":"publish","type":"page","link":"https:\/\/www.crisjoyas.com\/fr\/que-debo-hacer-para-realizar-una-devolucion\/","title":{"rendered":"Que dois-je faire pour effectuer un retour ?"},"content":{"rendered":"<div data-elementor-type=\"wp-page\" data-elementor-id=\"1083\" class=\"elementor elementor-1083\" data-elementor-post-type=\"page\">\n\t\t\t\t\t\t<section class=\"wd-negative-gap elementor-section elementor-top-section elementor-element elementor-element-6de01aec elementor-section-boxed elementor-section-height-default elementor-section-height-default wd-section-disabled\" data-id=\"6de01aec\" data-element_type=\"section\" data-e-type=\"section\">\n\t\t\t\t\t\t<div class=\"elementor-container elementor-column-gap-default\">\n\t\t\t\t\t<div class=\"elementor-column elementor-col-100 elementor-top-column elementor-element elementor-element-668819f0\" data-id=\"668819f0\" data-element_type=\"column\" data-e-type=\"column\">\n\t\t\t<div class=\"elementor-widget-wrap elementor-element-populated\">\n\t\t\t\t\t\t<div class=\"elementor-element elementor-element-7a160397 color-scheme-inherit text-left elementor-widget elementor-widget-text-editor\" data-id=\"7a160397\" data-element_type=\"widget\" data-e-type=\"widget\" data-widget_type=\"text-editor.default\">\n\t\t\t\t<div class=\"elementor-widget-container\">\n\t\t\t\t\t\t\t\t\t\n<div id=\"wp-block-themeisle-blocks-advanced-columns-b236497a\" class=\"wp-block-themeisle-blocks-advanced-columns has-0-columns has-desktop-undefined-layout has-tablet-equal-layout has-mobile-equal-layout has-vertical-unset\"><div class=\"wp-block-themeisle-blocks-advanced-columns-overlay\"><\/div><div class=\"innerblocks-wrap\"><\/div><\/div>\n\t\t\t\t\t\t\t\t<\/div>\n\t\t\t\t<\/div>\n\t\t\t\t<div class=\"elementor-element elementor-element-7cf4b61 elementor-widget elementor-widget-heading\" data-id=\"7cf4b61\" data-element_type=\"widget\" data-e-type=\"widget\" data-widget_type=\"heading.default\">\n\t\t\t\t<div class=\"elementor-widget-container\">\n\t\t\t\t\t<h2 class=\"elementor-heading-title elementor-size-default\">Que dois-je faire pour effectuer un retour ?<\/h2>\t\t\t\t<\/div>\n\t\t\t\t<\/div>\n\t\t\t\t\t<\/div>\n\t\t<\/div>\n\t\t\t\t\t<\/div>\n\t\t<\/section>\n\t\t<div class=\"wd-negative-gap elementor-element elementor-element-a07e756 e-flex e-con-boxed wd-section-disabled e-con e-parent\" data-id=\"a07e756\" data-element_type=\"container\" data-e-type=\"container\">\n\t\t\t\t\t<div class=\"e-con-inner\">\n\t\t\t\t<div class=\"elementor-element elementor-element-0f23b58 color-scheme-inherit text-left elementor-widget elementor-widget-text-editor\" data-id=\"0f23b58\" data-element_type=\"widget\" data-e-type=\"widget\" data-widget_type=\"text-editor.default\">\n\t\t\t\t<div class=\"elementor-widget-container\">\n\t\t\t\t\t\t\t\t\t<p>\u00a0<\/p>\n<p>Pour effectuer un retour, veuillez contacter notre service client, <span style=\"text-decoration: underline;\"><strong>info@crisjoyas.com<\/strong><\/span> .<\/p>\n<p>Votre demande sera trait\u00e9e dans un d\u00e9lai de 24 \u00e0 48 heures ouvrables. Vous recevrez par email des instructions sur toutes les \u00e9tapes \u00e0 suivre.<\/p>\n<p>Consultez ici les options de retour en fonction de votre zone g\u00e9ographique :<\/p>\n<p><a href=\"https:\/\/www.crisjoyas.com\/fr\/europa\/\"><strong>Europe<\/strong><\/a><br \/><a href=\"https:\/\/www.crisjoyas.com\/fr\/fuera-de-europa\/\"><strong>Hors Europe<\/strong><\/a><\/p>\n<p>\u00a0<\/p>\n<p>\u00a0<\/p>\n<p>\u00a0<\/p>\t\t\t\t\t\t\t\t<\/div>\n\t\t\t\t<\/div>\n\t\t\t\t\t<\/div>\n\t\t\t\t<\/div>\n\t\t\t\t<\/div>","protected":false},"excerpt":{"rendered":"<p>\u00bfQu\u00e9 debo hacer para realizar una devoluci\u00f3n? Para realizar una devoluci\u00f3n, por favor, contacta con nuestro equipo de Atenci\u00f3n al<\/p>","protected":false},"author":1,"featured_media":0,"parent":0,"menu_order":0,"comment_status":"closed","ping_status":"closed","template":"","meta":{"_themeisle_gutenberg_block_has_review":false,"footnotes":""},"class_list":["post-1083","page","type-page","status-publish","hentry"],"_links":{"self":[{"href":"https:\/\/www.crisjoyas.com\/fr\/wp-json\/wp\/v2\/pages\/1083","targetHints":{"allow":["GET"]}}],"collection":[{"href":"https:\/\/www.crisjoyas.com\/fr\/wp-json\/wp\/v2\/pages"}],"about":[{"href":"https:\/\/www.crisjoyas.com\/fr\/wp-json\/wp\/v2\/types\/page"}],"author":[{"embeddable":true,"href":"https:\/\/www.crisjoyas.com\/fr\/wp-json\/wp\/v2\/users\/1"}],"replies":[{"embeddable":true,"href":"https:\/\/www.crisjoyas.com\/fr\/wp-json\/wp\/v2\/comments?post=1083"}],"version-history":[{"count":5,"href":"https:\/\/www.crisjoyas.com\/fr\/wp-json\/wp\/v2\/pages\/1083\/revisions"}],"predecessor-version":[{"id":1088,"href":"https:\/\/www.crisjoyas.com\/fr\/wp-json\/wp\/v2\/pages\/1083\/revisions\/1088"}],"wp:attachment":[{"href":"https:\/\/www.crisjoyas.com\/fr\/wp-json\/wp\/v2\/media?parent=1083"}],"curies":[{"name":"wp","href":"https:\/\/api.w.org\/{rel}","templated":true}]}}