{"id":17244,"date":"2025-09-19T15:46:28","date_gmt":"2025-09-19T13:46:28","guid":{"rendered":"https:\/\/www.crisjoyas.com\/?page_id=17244"},"modified":"2025-09-19T15:46:30","modified_gmt":"2025-09-19T13:46:30","slug":"crisjoyas-privacy-policy","status":"publish","type":"page","link":"https:\/\/www.crisjoyas.com\/fr\/crisjoyas-privacy-policy\/","title":{"rendered":"Politique de confidentialit\u00e9 de Crisjoyas"},"content":{"rendered":"<p><br>Date d&#039;entr\u00e9e en vigueur : Ins\u00e9rer la date actuelle, le 26 octobre 2023<br>La pr\u00e9sente politique de confidentialit\u00e9 d\u00e9crit comment Crisjoyas collecte, utilise et partage vos informations personnelles lorsque vous visitez notre site web WordPress \u00e0 l&#039;adresse https:\/\/www.crisjoyas.com, effectuez un achat ou vous abonnez \u00e0 notre newsletter par e-mail.<br>En utilisant notre site web, vous acceptez la collecte et l&#039;utilisation de vos informations conform\u00e9ment \u00e0 la pr\u00e9sente politique.<br><\/p>\n\n\n\n<ol class=\"wp-block-list\">\n<li>Informations que nous recueillons<br>Nous recueillons diff\u00e9rents types d&#039;informations afin de vous fournir et d&#039;am\u00e9liorer nos services.<\/li>\n<\/ol>\n\n\n\n<ul class=\"wp-block-list\">\n<li>Informations personnelles que vous fournissez volontairement\u00a0:<\/li>\n\n\n\n<li>Adresse e-mail\u00a0: Lorsque vous vous abonnez \u00e0 notre newsletter via Mailchimp, nous recueillons votre adresse e-mail. Vous pouvez \u00e9galement indiquer vos nom et pr\u00e9nom si le formulaire d\u2019inscription le permet.<\/li>\n\n\n\n<li>Informations de contact : Lorsque vous effectuez un achat, que vous nous contactez via notre site web ou que vous interagissez avec nous, vous pouvez \u00eatre amen\u00e9 \u00e0 nous fournir votre nom, votre adresse de livraison, votre adresse de facturation, votre num\u00e9ro de t\u00e9l\u00e9phone et votre adresse \u00e9lectronique.<\/li>\n\n\n\n<li>Informations de paiement\u00a0: Nous ne collectons ni ne stockons directement les informations relatives \u00e0 votre carte bancaire. Toutes les transactions sont trait\u00e9es de mani\u00e8re s\u00e9curis\u00e9e par les plateformes de paiement tierces PayPal et Stripe. Nous recevons uniquement la confirmation de paiement de leur part.<\/li>\n\n\n\n<li>Communications : Enregistrement de toute correspondance ou communication entre vous et nous, y compris les courriels ou les soumissions de formulaires de contact.<\/li>\n\n\n\n<li>Informations collect\u00e9es automatiquement (donn\u00e9es d&#039;utilisation)\u00a0:<\/li>\n\n\n\n<li>Donn\u00e9es d&#039;utilisation du site Web\u00a0: Lorsque vous naviguez sur notre site Web, nous collectons automatiquement certaines informations concernant votre appareil, notamment votre navigateur Web, votre adresse IP, votre fuseau horaire et certains des cookies install\u00e9s sur votre appareil.<\/li>\n\n\n\n<li>Informations de navigation\u00a0: De plus, lorsque vous naviguez sur le site, nous recueillons des informations sur les pages Web ou les produits que vous consultez, les sites Web ou les termes de recherche qui vous ont conduit(e) sur notre site, ainsi que des informations sur votre interaction avec celui-ci. Ces informations collect\u00e9es automatiquement sont appel\u00e9es \u00ab\u00a0Donn\u00e9es d\u2019utilisation\u00a0\u00bb.<\/li>\n\n\n\n<li>Technologies de suivi\u00a0: Nous collectons des donn\u00e9es d\u2019utilisation \u00e0 l\u2019aide des technologies suivantes\u00a0:<\/li>\n\n\n\n<li>Cookies\u00a0: fichiers de donn\u00e9es plac\u00e9s sur votre appareil ou ordinateur et contenant souvent un identifiant unique anonyme. Pour en savoir plus sur les cookies et comment les d\u00e9sactiver, consultez allaboutcookies.org.<\/li>\n\n\n\n<li>Fichiers journaux\u00a0: Ils enregistrent les actions effectu\u00e9es sur le Site et collectent des donn\u00e9es telles que votre adresse IP, le type de navigateur, votre fournisseur d\u2019acc\u00e8s Internet, les pages de provenance\/de sortie et les horodatages.<\/li>\n\n\n\n<li>Balises Web, tags et pixels\u00a0: fichiers \u00e9lectroniques utilis\u00e9s pour enregistrer des informations sur votre navigation sur le Site.<\/li>\n\n\n\n<li>Analyse d&#039;audience\u00a0: Nous utilisons Google Analytics pour mieux comprendre comment nos clients utilisent le Site. Pour en savoir plus sur l&#039;utilisation de vos donn\u00e9es personnelles par Google, veuillez consulter la page\u00a0: R\u00e8gles de confidentialit\u00e9 de Google. Vous pouvez \u00e9galement d\u00e9sactiver Google Analytics ici\u00a0: D\u00e9sactivation de Google Analytics.<br><\/li>\n<\/ul>\n\n\n\n<ol class=\"wp-block-list\">\n<li>Comment nous utilisons vos informations<br>Nous utilisons les informations que nous recueillons pour\u00a0:<\/li>\n<\/ol>\n\n\n\n<ul class=\"wp-block-list\">\n<li>Fournir et maintenir nos services : traiter les commandes, g\u00e9rer les paiements, exp\u00e9dier les produits et g\u00e9rer votre compte.<\/li>\n\n\n\n<li>Communiquer avec vous\u00a0: r\u00e9pondre \u00e0 vos demandes, fournir une assistance client\u00e8le et envoyer des courriels transactionnels (par exemple, confirmations de commande, mises \u00e0 jour sur l\u2019exp\u00e9dition).<\/li>\n\n\n\n<li>Envoi de communications marketing\u00a0: Si vous \u00eates abonn\u00e9(e) \u00e0 notre newsletter, nous vous enverrons des e-mails marketing et promotionnels concernant nos nouveaux produits, nos offres sp\u00e9ciales et l\u2019actualit\u00e9 de [Votre marque] via Mailchimp. Vous pouvez vous d\u00e9sabonner \u00e0 tout moment.<\/li>\n\n\n\n<li>Am\u00e9liorer notre site web et nos services\u00a0: analyser l\u2019utilisation du site web, r\u00e9soudre les probl\u00e8mes et mener des recherches pour am\u00e9liorer l\u2019exp\u00e9rience utilisateur et notre offre de produits.<\/li>\n\n\n\n<li>Respecter les obligations l\u00e9gales : Se conformer aux exigences l\u00e9gales et appliquer nos politiques.<\/li>\n\n\n\n<li>Pr\u00e9venez la fraude et s\u00e9curisez notre site web.<br><\/li>\n<\/ul>\n\n\n\n<ol class=\"wp-block-list\">\n<li>Partage de vos informations personnelles<br>Nous partageons vos informations personnelles avec des tiers afin de nous aider \u00e0 utiliser vos informations personnelles, comme d\u00e9crit ci-dessus.<\/li>\n<\/ol>\n\n\n\n<ul class=\"wp-block-list\">\n<li>Prestataires de services\u00a0: Nous faisons appel \u00e0 des prestataires de services tiers pour r\u00e9aliser certaines t\u00e2ches en notre nom. Il s\u2019agit notamment de\u00a0:<\/li>\n\n\n\n<li>Mailchimp\u00a0: Services de marketing par courriel, notamment la collecte de votre adresse courriel et l\u2019envoi de infolettres. Pour en savoir plus sur les pratiques de confidentialit\u00e9 de Mailchimp, consultez la page\u00a0: Politique de confidentialit\u00e9 de Mailchimp.<\/li>\n\n\n\n<li>Plateformes de paiement\u00a0: telles que PayPal ou Stripe, pour traiter les paiements de vos commandes en toute s\u00e9curit\u00e9. Nous vous invitons \u00e0 consulter leurs politiques de confidentialit\u00e9 respectives.<\/li>\n\n\n\n<li>Transporteurs : Pour livrer vos commandes.<\/li>\n\n\n\n<li>Fournisseurs d&#039;analyse\u00a0: tels que Google Analytics (mentionn\u00e9 ci-dessus), pour comprendre l&#039;utilisation du site web.<\/li>\n\n\n\n<li>Conformit\u00e9 l\u00e9gale : Nous pouvons partager vos renseignements personnels afin de nous conformer aux lois et r\u00e8glements applicables, de r\u00e9pondre \u00e0 une assignation \u00e0 compara\u00eetre, \u00e0 un mandat de perquisition ou \u00e0 d\u2019autres demandes l\u00e9gales de renseignements que nous recevons, ou encore de prot\u00e9ger nos droits.<\/li>\n\n\n\n<li>Transferts d&#039;entreprise : En cas de fusion, d&#039;acquisition ou de vente d&#039;actifs, vos renseignements personnels peuvent \u00eatre transf\u00e9r\u00e9s en tant qu&#039;actif commercial.<br><\/li>\n<\/ul>\n\n\n\n<ol class=\"wp-block-list\">\n<li>Vos droits (en particulier pour les r\u00e9sidents de l&#039;UE\/EEE \u2013 RGPD)<br>Si vous r\u00e9sidez dans l\u2019Union europ\u00e9enne ou l\u2019Espace \u00e9conomique europ\u00e9en, vous disposez de certains droits concernant vos donn\u00e9es personnelles\u00a0:<\/li>\n<\/ol>\n\n\n\n<ul class=\"wp-block-list\">\n<li>Droit d\u2019acc\u00e8s\u00a0: Vous avez le droit de demander l\u2019acc\u00e8s aux renseignements personnels que nous d\u00e9tenons \u00e0 votre sujet.<\/li>\n\n\n\n<li>Droit de rectification\u00a0: Vous avez le droit de demander que nous corrigions toute information personnelle inexacte que nous d\u00e9tenons \u00e0 votre sujet.<\/li>\n\n\n\n<li>Droit \u00e0 l\u2019effacement (\u00ab Droit \u00e0 l\u2019oubli \u00bb) : Vous avez le droit de demander la suppression de vos informations personnelles dans certaines circonstances.<\/li>\n\n\n\n<li>Droit \u00e0 la limitation du traitement\u00a0: Vous avez le droit de demander que nous limitions le traitement de vos donn\u00e9es personnelles dans certaines circonstances.<\/li>\n\n\n\n<li>Droit \u00e0 la portabilit\u00e9 des donn\u00e9es\u00a0: Vous avez le droit de recevoir les informations personnelles que vous nous avez fournies dans un format structur\u00e9, couramment utilis\u00e9 et lisible par machine.<\/li>\n\n\n\n<li>Droit d\u2019opposition au traitement\u00a0: Vous avez le droit de vous opposer au traitement de vos donn\u00e9es personnelles dans certaines circonstances, notamment \u00e0 des fins de prospection directe.<\/li>\n\n\n\n<li>Droit de retirer son consentement\u00a0: Lorsque nous nous appuyons sur votre consentement pour traiter vos donn\u00e9es personnelles, vous avez le droit de retirer ce consentement \u00e0 tout moment.<\/li>\n\n\n\n<li>Droit de porter plainte\u00a0: Vous avez le droit de porter plainte aupr\u00e8s d\u2019une autorit\u00e9 de surveillance si vous estimez que vos droits sont viol\u00e9s.<br>Pour exercer l&#039;un de ces droits, veuillez nous contacter en utilisant les coordonn\u00e9es ci-dessous.<br><\/li>\n<\/ul>\n\n\n\n<ol class=\"wp-block-list\">\n<li>Conservation des donn\u00e9es<br>Nous conserverons vos renseignements personnels aussi longtemps que n\u00e9cessaire pour atteindre les objectifs d\u00e9crits dans la pr\u00e9sente politique de confidentialit\u00e9, \u00e0 moins qu&#039;une p\u00e9riode de conservation plus longue ne soit requise ou permise par la loi. Pour les abonn\u00e9s \u00e0 notre infolettre, nous conservons votre adresse courriel jusqu&#039;\u00e0 votre d\u00e9sabonnement.<br><\/li>\n\n\n\n<li>S\u00e9curit\u00e9 de vos informations<br>La s\u00e9curit\u00e9 de vos donn\u00e9es personnelles est importante pour nous, mais n&#039;oubliez pas qu&#039;aucune m\u00e9thode de transmission sur Internet ni aucun syst\u00e8me de stockage \u00e9lectronique n&#039;est infaillible. Bien que nous mettions tout en \u0153uvre pour prot\u00e9ger vos donn\u00e9es personnelles par des moyens commercialement acceptables, nous ne pouvons garantir leur s\u00e9curit\u00e9 absolue. Nous nous appuyons \u00e9galement sur les mesures de s\u00e9curit\u00e9 robustes mises en place par nos prestataires de services tiers (comme Mailchimp et les plateformes de paiement).<br><\/li>\n\n\n\n<li>Modifications apport\u00e9es \u00e0 la pr\u00e9sente politique de confidentialit\u00e9<br>Nous pouvons \u00eatre amen\u00e9s \u00e0 modifier notre Politique de confidentialit\u00e9. Nous vous informerons de toute modification en publiant la nouvelle Politique de confidentialit\u00e9 sur cette page et en mettant \u00e0 jour la date d&#039;entr\u00e9e en vigueur en haut de page. Nous vous recommandons de consulter r\u00e9guli\u00e8rement cette Politique de confidentialit\u00e9 afin de prendre connaissance des \u00e9ventuelles modifications.<br><\/li>\n\n\n\n<li>Contactez-nous<br>Pour plus d&#039;informations sur nos pratiques en mati\u00e8re de confidentialit\u00e9, si vous avez des questions ou si vous souhaitez d\u00e9poser une plainte, veuillez nous contacter par e-mail \u00e0 [Votre adresse e-mail, par exemple info@votremarque.com] ou par courrier postal en utilisant les coordonn\u00e9es fournies ci-dessous\u00a0:<br>Crisjoyas<br>Barcelone, Espagne<\/li>\n<\/ol>\n\n\n\n<p><\/p>","protected":false},"excerpt":{"rendered":"<p>Effective Date: Insert Current Date, October 26, 2023This Privacy Policy describes how Crisjoyas collects, uses, and shares your personal information<\/p>","protected":false},"author":1,"featured_media":0,"parent":0,"menu_order":0,"comment_status":"closed","ping_status":"closed","template":"","meta":{"_themeisle_gutenberg_block_has_review":false,"footnotes":""},"class_list":["post-17244","page","type-page","status-publish","hentry"],"_links":{"self":[{"href":"https:\/\/www.crisjoyas.com\/fr\/wp-json\/wp\/v2\/pages\/17244","targetHints":{"allow":["GET"]}}],"collection":[{"href":"https:\/\/www.crisjoyas.com\/fr\/wp-json\/wp\/v2\/pages"}],"about":[{"href":"https:\/\/www.crisjoyas.com\/fr\/wp-json\/wp\/v2\/types\/page"}],"author":[{"embeddable":true,"href":"https:\/\/www.crisjoyas.com\/fr\/wp-json\/wp\/v2\/users\/1"}],"replies":[{"embeddable":true,"href":"https:\/\/www.crisjoyas.com\/fr\/wp-json\/wp\/v2\/comments?post=17244"}],"version-history":[{"count":1,"href":"https:\/\/www.crisjoyas.com\/fr\/wp-json\/wp\/v2\/pages\/17244\/revisions"}],"predecessor-version":[{"id":17245,"href":"https:\/\/www.crisjoyas.com\/fr\/wp-json\/wp\/v2\/pages\/17244\/revisions\/17245"}],"wp:attachment":[{"href":"https:\/\/www.crisjoyas.com\/fr\/wp-json\/wp\/v2\/media?parent=17244"}],"curies":[{"name":"wp","href":"https:\/\/api.w.org\/{rel}","templated":true}]}}