{"id":281,"date":"2020-09-10T11:28:04","date_gmt":"2020-09-10T09:28:04","guid":{"rendered":"https:\/\/demosites.io\/shop-gb\/?page_id=281"},"modified":"2023-03-15T12:40:25","modified_gmt":"2023-03-15T11:40:25","slug":"about","status":"publish","type":"page","link":"https:\/\/www.crisjoyas.com\/fr\/about\/","title":{"rendered":"L&#039;histoire de Crisjoyas"},"content":{"rendered":"<div data-elementor-type=\"wp-page\" data-elementor-id=\"281\" class=\"elementor elementor-281\" data-elementor-post-type=\"page\">\n\t\t\t\t<div class=\"wd-negative-gap elementor-element elementor-element-f826a67 e-flex e-con-boxed wd-section-disabled e-con e-parent\" data-id=\"f826a67\" data-element_type=\"container\" data-e-type=\"container\">\n\t\t\t\t\t<div class=\"e-con-inner\">\n\t\t\t\t<div class=\"elementor-element elementor-element-f8c5f86 elementor-widget elementor-widget-heading\" data-id=\"f8c5f86\" data-element_type=\"widget\" data-e-type=\"widget\" data-widget_type=\"heading.default\">\n\t\t\t\t<div class=\"elementor-widget-container\">\n\t\t\t\t\t<h2 class=\"elementor-heading-title elementor-size-default\">L&#039;histoire de Crisjoyas<\/h2>\t\t\t\t<\/div>\n\t\t\t\t<\/div>\n\t\t\t\t\t<\/div>\n\t\t\t\t<\/div>\n\t\t<div class=\"wd-negative-gap elementor-element elementor-element-8c17391 e-flex e-con-boxed wd-section-disabled e-con e-parent\" data-id=\"8c17391\" data-element_type=\"container\" data-e-type=\"container\">\n\t\t\t\t\t<div class=\"e-con-inner\">\n\t\t\t\t<div class=\"elementor-element elementor-element-44b0497 color-scheme-inherit text-left elementor-widget elementor-widget-text-editor\" data-id=\"44b0497\" data-element_type=\"widget\" data-e-type=\"widget\" data-widget_type=\"text-editor.default\">\n\t\t\t\t<div class=\"elementor-widget-container\">\n\t\t\t\t\t\t\t\t\t<p>\u00a0<\/p><p><img fetchpriority=\"high\" decoding=\"async\" class=\"alignnone wp-image-3623\" src=\"http:\/\/crisjoyas.com\/wp-content\/uploads\/2023\/03\/crisjoyas-story-1.jpg\" alt=\"\" width=\"900\" height=\"523\" srcset=\"https:\/\/www.crisjoyas.com\/wp-content\/uploads\/2023\/03\/crisjoyas-story-1.jpg 1140w, https:\/\/www.crisjoyas.com\/wp-content\/uploads\/2023\/03\/crisjoyas-story-1-430x250.jpg 430w, https:\/\/www.crisjoyas.com\/wp-content\/uploads\/2023\/03\/crisjoyas-story-1-150x87.jpg 150w, https:\/\/www.crisjoyas.com\/wp-content\/uploads\/2023\/03\/crisjoyas-story-1-700x407.jpg 700w, https:\/\/www.crisjoyas.com\/wp-content\/uploads\/2023\/03\/crisjoyas-story-1-500x291.jpg 500w, https:\/\/www.crisjoyas.com\/wp-content\/uploads\/2023\/03\/crisjoyas-story-1-768x447.jpg 768w\" sizes=\"(max-width: 900px) 100vw, 900px\" \/><\/p><p>\u00a0<\/p><p>Pourquoi cr\u00e9er cette marque ?<\/p><p>Tout d\u2019abord, je suis maman d\u2019une adorable fille et une femme passionn\u00e9e de mode. Je m&#039;appelle Emily.<\/p><p>En 2008, lorsque j\u2019ai donn\u00e9 naissance \u00e0 ma fille et que je l\u2019ai vue pour la premi\u00e8re fois, sa puret\u00e9 et son impeccabilit\u00e9 m\u2019ont inspir\u00e9 \u00e0 prononcer le mot \u00ab cristal \u00bb. Pour moi, toutes les filles naissent comme des cristaux, parfaites et belles.<\/p><p>En plus d&#039;\u00eatre maman, j&#039;ai travaill\u00e9 dans le domaine de la bijouterie pendant plus de dix ans et j&#039;ai d\u00e9couvert que j&#039;avais toujours une grande passion pour les bijoux. C&#039;est pourquoi j&#039;ai d\u00e9cid\u00e9 de quitter mon travail et de cr\u00e9er ma propre marque.<\/p><p>CRIS est l\u2019abr\u00e9viation de CRISTAL, et je l\u2019ai choisi parce que je souhaite cr\u00e9er un pont de communication avec les femmes et les filles qui portent mes bijoux.<\/p><p>\u00a0<\/p><p><img decoding=\"async\" class=\"alignnone wp-image-3622\" src=\"http:\/\/crisjoyas.com\/wp-content\/uploads\/2023\/03\/crisjoyas-cristales-500x281.jpg\" alt=\"\" width=\"900\" height=\"505\" srcset=\"https:\/\/www.crisjoyas.com\/wp-content\/uploads\/2023\/03\/crisjoyas-cristales-500x281.jpg 500w, https:\/\/www.crisjoyas.com\/wp-content\/uploads\/2023\/03\/crisjoyas-cristales-430x241.jpg 430w, https:\/\/www.crisjoyas.com\/wp-content\/uploads\/2023\/03\/crisjoyas-cristales-150x84.jpg 150w, https:\/\/www.crisjoyas.com\/wp-content\/uploads\/2023\/03\/crisjoyas-cristales-700x393.jpg 700w, https:\/\/www.crisjoyas.com\/wp-content\/uploads\/2023\/03\/crisjoyas-cristales-768x431.jpg 768w, https:\/\/www.crisjoyas.com\/wp-content\/uploads\/2023\/03\/crisjoyas-cristales.jpg 1140w\" sizes=\"(max-width: 900px) 100vw, 900px\" \/><\/p><p>Ma fille est maintenant adolescente, mais elle aime toujours me parler de la fa\u00e7on d\u2019assortir v\u00eatements et bijoux. Je lui dis toujours qu\u2019elle n\u2019a pas besoin d\u2019imiter qui que ce soit, qu\u2019elle a sa propre beaut\u00e9 unique qu\u2019elle doit trouver et mettre en valeur. Au fil de nos conversations, nous sommes devenus de plus en plus proches.<\/p><p>Qu&#039;est-ce que je veux exprimer ?<\/p><p>Mon objectif est de permettre \u00e0 chaque femme et fille de trouver sa propre beaut\u00e9 unique et de se sentir plus confiante et heureuse lorsqu&#039;elle porte nos bijoux. Je souhaite que le CRIS soit un lieu de partage et de communication, et o\u00f9 la relation entre m\u00e8res, filles et amies se renforce.<\/p><p>Qu&#039;offrons-nous \u00e0 nos clients ?<\/p><p>Chez CRIS, nous partageons des conseils sur la fa\u00e7on de porter des bijoux au quotidien et comment en faire le compl\u00e9ment parfait \u00e0 n&#039;importe quelle tenue. Nous esp\u00e9rons que nos bijoux vous font vous sentir bien et contribuent \u00e0 mettre en valeur votre beaut\u00e9 naturelle.<\/p><p>Quel est notre syst\u00e8me de valeurs ?<\/p><p>Les m\u00e9taux 100% que nous utilisons dans notre magasin sont de l&#039;argent sterling 925, un mat\u00e9riau \u00e9cologique et recyclable. De plus, nos cristaux et perles sont des mati\u00e8res naturelles et pures. Nous essayons \u00e9galement d\u2019utiliser des mat\u00e9riaux en papier recyclables pour nos bo\u00eetes d\u2019emballage.<\/p><p>\u00a0<\/p><p>\u00a0<\/p><p>\u00a0<\/p>\t\t\t\t\t\t\t\t<\/div>\n\t\t\t\t<\/div>\n\t\t\t\t\t<\/div>\n\t\t\t\t<\/div>\n\t\t\t\t<\/div>","protected":false},"excerpt":{"rendered":"<p>Crisjoyas Story \u00a0 \u00a0 \u00bfPor qu\u00e9 crear esta marca? En primer lugar, soy madre de una hija encantadora y una<\/p>","protected":false},"author":1,"featured_media":0,"parent":0,"menu_order":0,"comment_status":"closed","ping_status":"closed","template":"","meta":{"_themeisle_gutenberg_block_has_review":false,"footnotes":""},"class_list":["post-281","page","type-page","status-publish","hentry"],"_links":{"self":[{"href":"https:\/\/www.crisjoyas.com\/fr\/wp-json\/wp\/v2\/pages\/281","targetHints":{"allow":["GET"]}}],"collection":[{"href":"https:\/\/www.crisjoyas.com\/fr\/wp-json\/wp\/v2\/pages"}],"about":[{"href":"https:\/\/www.crisjoyas.com\/fr\/wp-json\/wp\/v2\/types\/page"}],"author":[{"embeddable":true,"href":"https:\/\/www.crisjoyas.com\/fr\/wp-json\/wp\/v2\/users\/1"}],"replies":[{"embeddable":true,"href":"https:\/\/www.crisjoyas.com\/fr\/wp-json\/wp\/v2\/comments?post=281"}],"version-history":[{"count":23,"href":"https:\/\/www.crisjoyas.com\/fr\/wp-json\/wp\/v2\/pages\/281\/revisions"}],"predecessor-version":[{"id":3718,"href":"https:\/\/www.crisjoyas.com\/fr\/wp-json\/wp\/v2\/pages\/281\/revisions\/3718"}],"wp:attachment":[{"href":"https:\/\/www.crisjoyas.com\/fr\/wp-json\/wp\/v2\/media?parent=281"}],"curies":[{"name":"wp","href":"https:\/\/api.w.org\/{rel}","templated":true}]}}