{"id":3758,"date":"2023-03-23T11:05:54","date_gmt":"2023-03-23T10:05:54","guid":{"rendered":"http:\/\/crisjoyas.com\/?page_id=3758"},"modified":"2023-03-23T11:09:00","modified_gmt":"2023-03-23T10:09:00","slug":"politica-de-privacidad-del-sitio-web","status":"publish","type":"page","link":"https:\/\/www.crisjoyas.com\/fr\/politica-de-privacidad-del-sitio-web\/","title":{"rendered":"Politique de confidentialit\u00e9 du site Web"},"content":{"rendered":"<div data-elementor-type=\"wp-page\" data-elementor-id=\"3758\" class=\"elementor elementor-3758\" data-elementor-post-type=\"page\">\n\t\t\t\t<div class=\"wd-negative-gap elementor-element elementor-element-6c10d8a e-flex e-con-boxed wd-section-disabled e-con e-parent\" data-id=\"6c10d8a\" data-element_type=\"container\" data-e-type=\"container\">\n\t\t\t\t\t<div class=\"e-con-inner\">\n\t\t\t\t<div class=\"elementor-element elementor-element-89c8c47 elementor-widget elementor-widget-heading\" data-id=\"89c8c47\" data-element_type=\"widget\" data-e-type=\"widget\" data-widget_type=\"heading.default\">\n\t\t\t\t<div class=\"elementor-widget-container\">\n\t\t\t\t\t<h2 class=\"elementor-heading-title elementor-size-default\">Politique de confidentialit\u00e9 du site Web<\/h2>\t\t\t\t<\/div>\n\t\t\t\t<\/div>\n\t\t\t\t\t<\/div>\n\t\t\t\t<\/div>\n\t\t<div class=\"wd-negative-gap elementor-element elementor-element-e18a86b e-flex e-con-boxed wd-section-disabled e-con e-parent\" data-id=\"e18a86b\" data-element_type=\"container\" data-e-type=\"container\">\n\t\t\t\t\t<div class=\"e-con-inner\">\n\t\t\t\t<div class=\"elementor-element elementor-element-a5edab0 color-scheme-inherit text-left elementor-widget elementor-widget-text-editor\" data-id=\"a5edab0\" data-element_type=\"widget\" data-e-type=\"widget\" data-widget_type=\"text-editor.default\">\n\t\t\t\t<div class=\"elementor-widget-container\">\n\t\t\t\t\t\t\t\t\t<p>\u00a0<\/p><p>Cette politique de confidentialit\u00e9 d\u00e9crit comment les informations personnelles que vous fournissez lors de l&#039;utilisation de ce site Web sont collect\u00e9es, utilis\u00e9es et prot\u00e9g\u00e9es. En acc\u00e9dant \u00e0 ce site Web, vous acceptez cette politique de confidentialit\u00e9.<\/p><p>Collecte d&#039;informations<\/p><p>Des informations personnelles peuvent \u00eatre collect\u00e9es lorsque vous utilisez ce site Web, telles que votre nom, votre adresse e-mail, votre adresse postale et vos informations de paiement. Des informations non personnelles, telles que le type de navigateur utilis\u00e9, l&#039;adresse IP et le syst\u00e8me d&#039;exploitation utilis\u00e9, peuvent \u00e9galement \u00eatre collect\u00e9es.<\/p><p>Utilisation des informations<\/p><p>Les informations personnelles collect\u00e9es seront utilis\u00e9es pour fournir les services et produits demand\u00e9s. Les informations personnelles peuvent \u00e9galement \u00eatre utilis\u00e9es pour envoyer des courriels promotionnels ou des newsletters li\u00e9s au site Web ou aux produits et services propos\u00e9s. Les informations non personnelles peuvent \u00eatre utilis\u00e9es pour am\u00e9liorer le site Web et \u00e0 des fins statistiques.<\/p><p>Protection des informations<\/p><p>Des mesures raisonnables seront prises pour prot\u00e9ger les renseignements personnels recueillis contre toute utilisation ou divulgation non autoris\u00e9e. Des mesures de s\u00e9curit\u00e9 physiques, \u00e9lectroniques et administratives seront utilis\u00e9es pour assurer la s\u00e9curit\u00e9 des renseignements personnels.<\/p><p>Divulgation d&#039;informations<\/p><p>Les informations personnelles ne seront pas vendues, lou\u00e9es ou partag\u00e9es avec des tiers, sauf si cela est n\u00e9cessaire pour fournir les services et produits demand\u00e9s ou pour se conformer aux lois applicables.<\/p><p>Modifications de la politique de confidentialit\u00e9<\/p><p>Cette politique de confidentialit\u00e9 peut \u00eatre mise \u00e0 jour \u00e0 tout moment sans pr\u00e9avis. Il est recommand\u00e9 de consulter p\u00e9riodiquement cette politique pour \u00eatre inform\u00e9 de tout changement.<\/p><p>Contact<\/p><p>Si vous avez des questions ou des pr\u00e9occupations concernant cette politique de confidentialit\u00e9, veuillez nous contacter via les moyens fournis sur le site Web.<\/p>\t\t\t\t\t\t\t\t<\/div>\n\t\t\t\t<\/div>\n\t\t\t\t\t<\/div>\n\t\t\t\t<\/div>\n\t\t\t\t<\/div>","protected":false},"excerpt":{"rendered":"<p>Pol\u00edtica de Privacidad del Sitio Web \u00a0 Esta Pol\u00edtica de Privacidad describe c\u00f3mo se recopila, utiliza y protege la informaci\u00f3n<\/p>","protected":false},"author":1,"featured_media":0,"parent":0,"menu_order":0,"comment_status":"closed","ping_status":"closed","template":"page-templates\/template-pagebuilder-full-width.php","meta":{"_themeisle_gutenberg_block_has_review":false,"footnotes":""},"class_list":["post-3758","page","type-page","status-publish","hentry"],"_links":{"self":[{"href":"https:\/\/www.crisjoyas.com\/fr\/wp-json\/wp\/v2\/pages\/3758","targetHints":{"allow":["GET"]}}],"collection":[{"href":"https:\/\/www.crisjoyas.com\/fr\/wp-json\/wp\/v2\/pages"}],"about":[{"href":"https:\/\/www.crisjoyas.com\/fr\/wp-json\/wp\/v2\/types\/page"}],"author":[{"embeddable":true,"href":"https:\/\/www.crisjoyas.com\/fr\/wp-json\/wp\/v2\/users\/1"}],"replies":[{"embeddable":true,"href":"https:\/\/www.crisjoyas.com\/fr\/wp-json\/wp\/v2\/comments?post=3758"}],"version-history":[{"count":7,"href":"https:\/\/www.crisjoyas.com\/fr\/wp-json\/wp\/v2\/pages\/3758\/revisions"}],"predecessor-version":[{"id":3765,"href":"https:\/\/www.crisjoyas.com\/fr\/wp-json\/wp\/v2\/pages\/3758\/revisions\/3765"}],"wp:attachment":[{"href":"https:\/\/www.crisjoyas.com\/fr\/wp-json\/wp\/v2\/media?parent=3758"}],"curies":[{"name":"wp","href":"https:\/\/api.w.org\/{rel}","templated":true}]}}